{"id":9008,"date":"2022-07-23T05:09:04","date_gmt":"2022-07-23T08:09:04","guid":{"rendered":"https:\/\/cervejaemalte.com.br\/?page_id=9008"},"modified":"2022-07-25T03:36:54","modified_gmt":"2022-07-25T06:36:54","slug":"pre-inscricao-tecnico-em-cervejaria-online","status":"publish","type":"page","link":"https:\/\/cervejaemalte.com.br\/es\/preinscripcion-tecnico-en-cerveceria-en-linea\/","title":{"rendered":"Preinscripci\u00f3n en l\u00ednea para t\u00e9cnico cervecero"},"content":{"rendered":"<div data-elementor-type=\"wp-page\" data-elementor-id=\"9008\" class=\"elementor elementor-9008\" data-elementor-post-type=\"page\">\n\t\t\t\t\t\t<section class=\"elementor-section elementor-top-section elementor-element elementor-element-7eeac91d elementor-section-boxed elementor-section-height-default elementor-section-height-default\" data-id=\"7eeac91d\" data-element_type=\"section\" data-settings=\"{&quot;background_background&quot;:&quot;gradient&quot;}\">\n\t\t\t\t\t\t\t<div class=\"elementor-background-overlay\"><\/div>\n\t\t\t\t\t\t\t<div class=\"elementor-container elementor-column-gap-default\">\n\t\t\t\t\t<div class=\"elementor-column elementor-col-50 elementor-top-column elementor-element elementor-element-70d33663\" data-id=\"70d33663\" data-element_type=\"column\">\n\t\t\t<div class=\"elementor-widget-wrap elementor-element-populated\">\n\t\t\t\t\t\t<div class=\"elementor-element elementor-element-755800c8 titulo-curso elementor-widget elementor-widget-heading\" data-id=\"755800c8\" data-element_type=\"widget\" data-widget_type=\"heading.default\">\n\t\t\t\t<div class=\"elementor-widget-container\">\n\t\t\t\t\t<h1 class=\"elementor-heading-title elementor-size-default\">Preinscripci\u00f3n <span style=\"font-size: 2rem;color:white\">T\u00e9cnico cervecero<span \/> <br><i style=\"color: black\">en l\u00ednea<i \/><\/h1>\t\t\t\t<\/div>\n\t\t\t\t<\/div>\n\t\t\t\t<div class=\"elementor-element elementor-element-d390fdd elementor-widget elementor-widget-image\" data-id=\"d390fdd\" data-element_type=\"widget\" data-widget_type=\"image.default\">\n\t\t\t\t<div class=\"elementor-widget-container\">\n\t\t\t\t\t\t\t\t\t\t\t\t\t\t\t<img fetchpriority=\"high\" decoding=\"async\" width=\"300\" height=\"300\" src=\"https:\/\/cervejaemalte.com.br\/wp-content\/uploads\/2022\/01\/Estudante-Hibrido-300x300.png\" class=\"attachment-medium size-medium wp-image-6432\" alt=\"Tecnolog\u00eda cervecera Curso h\u00edbrido\" srcset=\"https:\/\/cervejaemalte.com.br\/wp-content\/uploads\/2022\/01\/Estudante-Hibrido-300x300.png 300w, https:\/\/cervejaemalte.com.br\/wp-content\/uploads\/2022\/01\/Estudante-Hibrido-150x150.png 150w, https:\/\/cervejaemalte.com.br\/wp-content\/uploads\/2022\/01\/Estudante-Hibrido.png 660w\" sizes=\"(max-width: 300px) 100vw, 300px\" \/>\t\t\t\t\t\t\t\t\t\t\t\t\t\t\t<\/div>\n\t\t\t\t<\/div>\n\t\t\t\t<div class=\"elementor-element elementor-element-30e34860 elementor-widget elementor-widget-text-editor\" data-id=\"30e34860\" data-element_type=\"widget\" data-widget_type=\"text-editor.default\">\n\t\t\t\t<div class=\"elementor-widget-container\">\n\t\t\t\t\t\t\t\t\t<h2><span style=\"font-weight: 400;\">La<\/span><span style=\"font-weight: 400;\">se hace cargo de la producci\u00f3n y<\/span><b> responsabilidad t\u00e9cnica<\/b><span style=\"font-weight: 400;\"> en cervecer\u00edas<\/span><span style=\"font-weight: 400;\"><b>!<\/b><\/span><\/h2>\t\t\t\t\t\t\t\t<\/div>\n\t\t\t\t<\/div>\n\t\t\t\t\t<\/div>\n\t\t<\/div>\n\t\t\t\t<div class=\"elementor-column elementor-col-50 elementor-top-column elementor-element elementor-element-3af3ac8f\" data-id=\"3af3ac8f\" data-element_type=\"column\" data-settings=\"{&quot;background_background&quot;:&quot;classic&quot;}\">\n\t\t\t<div class=\"elementor-widget-wrap elementor-element-populated\">\n\t\t\t\t\t\t<div class=\"elementor-element elementor-element-b6d9e3a elementor-widget__width-initial elementor-widget elementor-widget-text-editor\" data-id=\"b6d9e3a\" data-element_type=\"widget\" data-widget_type=\"text-editor.default\">\n\t\t\t\t<div class=\"elementor-widget-container\">\n\t\t\t\t\t\t\t\t\t<p>Preinscr\u00edbete,\ngarantiza tu plaza y el especial\n\u00a1para la preapertura del curso!<p\/>\t\t\t\t\t\t\t\t<\/div>\n\t\t\t\t<\/div>\n\t\t\t\t<div class=\"elementor-element elementor-element-10435e40 elementor-widget elementor-widget-html\" data-id=\"10435e40\" data-element_type=\"widget\" data-widget_type=\"html.default\">\n\t\t\t\t<div class=\"elementor-widget-container\">\n\t\t\t\t\t<div class=\"_form_272\"><\/div><script src=\"https:\/\/escolasuperiordecervejaemalte.activehosted.com\/f\/embed.php?id=272\" type=\"text\/javascript\" charset=\"utf-8\"><\/script>\t\t\t\t<\/div>\n\t\t\t\t<\/div>\n\t\t\t\t\t<\/div>\n\t\t<\/div>\n\t\t\t\t\t<\/div>\n\t\t<\/section>\n\t\t\t\t<section class=\"elementor-section elementor-top-section elementor-element elementor-element-446fc0c3 elementor-section-full_width elementor-section-height-default elementor-section-height-default\" data-id=\"446fc0c3\" data-element_type=\"section\">\n\t\t\t\t\t\t<div class=\"elementor-container elementor-column-gap-no\">\n\t\t\t\t\t<div class=\"elementor-column elementor-col-33 elementor-top-column elementor-element elementor-element-6c5605fc\" data-id=\"6c5605fc\" data-element_type=\"column\" data-settings=\"{&quot;background_background&quot;:&quot;classic&quot;}\">\n\t\t\t<div class=\"elementor-widget-wrap\">\n\t\t\t\t\t\t\t<\/div>\n\t\t<\/div>\n\t\t\t\t<div class=\"elementor-column elementor-col-33 elementor-top-column elementor-element elementor-element-599d511\" data-id=\"599d511\" data-element_type=\"column\" data-settings=\"{&quot;background_background&quot;:&quot;classic&quot;}\">\n\t\t\t<div class=\"elementor-widget-wrap elementor-element-populated\">\n\t\t\t\t\t\t<div class=\"elementor-element elementor-element-71541f91 elementor-widget elementor-widget-spacer\" data-id=\"71541f91\" data-element_type=\"widget\" data-widget_type=\"spacer.default\">\n\t\t\t\t<div class=\"elementor-widget-container\">\n\t\t\t\t\t\t\t<div class=\"elementor-spacer\">\n\t\t\t<div class=\"elementor-spacer-inner\"><\/div>\n\t\t<\/div>\n\t\t\t\t\t\t<\/div>\n\t\t\t\t<\/div>\n\t\t\t\t\t<\/div>\n\t\t<\/div>\n\t\t\t\t<div class=\"elementor-column elementor-col-33 elementor-top-column elementor-element elementor-element-75980b76\" data-id=\"75980b76\" data-element_type=\"column\" data-settings=\"{&quot;background_background&quot;:&quot;classic&quot;}\">\n\t\t\t<div class=\"elementor-widget-wrap\">\n\t\t\t\t\t\t\t<\/div>\n\t\t<\/div>\n\t\t\t\t\t<\/div>\n\t\t<\/section>\n\t\t\t\t<\/div>","protected":false},"excerpt":{"rendered":"<p>Preinscripci\u00f3n T\u00e9cnico Cervecero online \u00a1Encarguese de la producci\u00f3n y responsabilidad t\u00e9cnica en cervecer\u00edas! Preinscr\u00edbete, \u00a1garantiza tu plaza y las condiciones especiales de preapertura del curso!<\/p>","protected":false},"author":1,"featured_media":0,"parent":0,"menu_order":0,"comment_status":"closed","ping_status":"closed","template":"","meta":{"footnotes":""},"class_list":["post-9008","page","type-page","status-publish","hentry"],"yoast_head":"<!-- This site is optimized with the Yoast SEO plugin v26.0 - https:\/\/yoast.com\/wordpress\/plugins\/seo\/ -->\n<title>Pr\u00e9-inscri\u00e7\u00e3o T\u00e9cnico em Cervejaria Online - Cerveja e Malte<\/title>\n<meta name=\"description\" content=\"Forma\u00e7\u00e3o em cervejeiro profissional pela ESCM agora sem sair de casa. Pr\u00e9-inscri\u00e7\u00f5es para o Curso em T\u00e9cnico em Cervejaria Online abertas. Garanta a sua vaga.\" \/>\n<meta name=\"robots\" content=\"index, follow, max-snippet:-1, max-image-preview:large, max-video-preview:-1\" \/>\n<link rel=\"canonical\" href=\"https:\/\/cervejaemalte.com.br\/es\/preinscripcion-tecnico-en-cerveceria-en-linea\/\" \/>\n<meta property=\"og:locale\" content=\"es_ES\" \/>\n<meta property=\"og:type\" content=\"article\" \/>\n<meta property=\"og:title\" content=\"Pr\u00e9-inscri\u00e7\u00e3o T\u00e9cnico em Cervejaria Online - Cerveja e Malte\" \/>\n<meta property=\"og:description\" content=\"Forma\u00e7\u00e3o em cervejeiro profissional pela ESCM agora sem sair de casa. Pr\u00e9-inscri\u00e7\u00f5es para o Curso em T\u00e9cnico em Cervejaria Online abertas. Garanta a sua vaga.\" \/>\n<meta property=\"og:url\" content=\"https:\/\/cervejaemalte.com.br\/es\/preinscripcion-tecnico-en-cerveceria-en-linea\/\" \/>\n<meta property=\"og:site_name\" content=\"Cerveja e Malte\" \/>\n<meta property=\"article:modified_time\" content=\"2022-07-25T06:36:54+00:00\" \/>\n<meta property=\"og:image\" content=\"https:\/\/cervejaemalte.com.br\/wp-content\/uploads\/2022\/01\/Estudante-Hibrido-300x300.png\" \/>\n<meta name=\"twitter:card\" content=\"summary_large_image\" \/>\n<script type=\"application\/ld+json\" class=\"yoast-schema-graph\">{\"@context\":\"https:\/\/schema.org\",\"@graph\":[{\"@type\":\"WebPage\",\"@id\":\"https:\/\/cervejaemalte.com.br\/pre-inscricao-tecnico-em-cervejaria-online\/\",\"url\":\"https:\/\/cervejaemalte.com.br\/pre-inscricao-tecnico-em-cervejaria-online\/\",\"name\":\"Pr\u00e9-inscri\u00e7\u00e3o T\u00e9cnico em Cervejaria Online - Cerveja e Malte\",\"isPartOf\":{\"@id\":\"https:\/\/cervejaemalte.com.br\/#website\"},\"primaryImageOfPage\":{\"@id\":\"https:\/\/cervejaemalte.com.br\/pre-inscricao-tecnico-em-cervejaria-online\/#primaryimage\"},\"image\":{\"@id\":\"https:\/\/cervejaemalte.com.br\/pre-inscricao-tecnico-em-cervejaria-online\/#primaryimage\"},\"thumbnailUrl\":\"https:\/\/cervejaemalte.com.br\/wp-content\/uploads\/2022\/01\/Estudante-Hibrido-300x300.png\",\"datePublished\":\"2022-07-23T08:09:04+00:00\",\"dateModified\":\"2022-07-25T06:36:54+00:00\",\"description\":\"Forma\u00e7\u00e3o em cervejeiro profissional pela ESCM agora sem sair de casa. Pr\u00e9-inscri\u00e7\u00f5es para o Curso em T\u00e9cnico em Cervejaria Online abertas. Garanta a sua vaga.\",\"breadcrumb\":{\"@id\":\"https:\/\/cervejaemalte.com.br\/pre-inscricao-tecnico-em-cervejaria-online\/#breadcrumb\"},\"inLanguage\":\"es\",\"potentialAction\":[{\"@type\":\"ReadAction\",\"target\":[\"https:\/\/cervejaemalte.com.br\/pre-inscricao-tecnico-em-cervejaria-online\/\"]}]},{\"@type\":\"ImageObject\",\"inLanguage\":\"es\",\"@id\":\"https:\/\/cervejaemalte.com.br\/pre-inscricao-tecnico-em-cervejaria-online\/#primaryimage\",\"url\":\"https:\/\/cervejaemalte.com.br\/wp-content\/uploads\/2022\/01\/Estudante-Hibrido-300x300.png\",\"contentUrl\":\"https:\/\/cervejaemalte.com.br\/wp-content\/uploads\/2022\/01\/Estudante-Hibrido-300x300.png\"},{\"@type\":\"BreadcrumbList\",\"@id\":\"https:\/\/cervejaemalte.com.br\/pre-inscricao-tecnico-em-cervejaria-online\/#breadcrumb\",\"itemListElement\":[{\"@type\":\"ListItem\",\"position\":1,\"name\":\"In\u00edcio\",\"item\":\"https:\/\/cervejaemalte.com.br\/\"},{\"@type\":\"ListItem\",\"position\":2,\"name\":\"Pr\u00e9-inscri\u00e7\u00e3o T\u00e9cnico em Cervejaria Online\"}]},{\"@type\":\"WebSite\",\"@id\":\"https:\/\/cervejaemalte.com.br\/#website\",\"url\":\"https:\/\/cervejaemalte.com.br\/\",\"name\":\"Cerveja e Malte\",\"description\":\"\",\"potentialAction\":[{\"@type\":\"SearchAction\",\"target\":{\"@type\":\"EntryPoint\",\"urlTemplate\":\"https:\/\/cervejaemalte.com.br\/?s={search_term_string}\"},\"query-input\":{\"@type\":\"PropertyValueSpecification\",\"valueRequired\":true,\"valueName\":\"search_term_string\"}}],\"inLanguage\":\"es\"}]}<\/script>\n<!-- \/ Yoast SEO plugin. -->","yoast_head_json":{"title":"Pr\u00e9-inscri\u00e7\u00e3o T\u00e9cnico em Cervejaria Online - Cerveja e Malte","description":"Forma\u00e7\u00e3o em cervejeiro profissional pela ESCM agora sem sair de casa. Pr\u00e9-inscri\u00e7\u00f5es para o Curso em T\u00e9cnico em Cervejaria Online abertas. Garanta a sua vaga.","robots":{"index":"index","follow":"follow","max-snippet":"max-snippet:-1","max-image-preview":"max-image-preview:large","max-video-preview":"max-video-preview:-1"},"canonical":"https:\/\/cervejaemalte.com.br\/es\/preinscripcion-tecnico-en-cerveceria-en-linea\/","og_locale":"es_ES","og_type":"article","og_title":"Pr\u00e9-inscri\u00e7\u00e3o T\u00e9cnico em Cervejaria Online - Cerveja e Malte","og_description":"Forma\u00e7\u00e3o em cervejeiro profissional pela ESCM agora sem sair de casa. Pr\u00e9-inscri\u00e7\u00f5es para o Curso em T\u00e9cnico em Cervejaria Online abertas. Garanta a sua vaga.","og_url":"https:\/\/cervejaemalte.com.br\/es\/preinscripcion-tecnico-en-cerveceria-en-linea\/","og_site_name":"Cerveja e Malte","article_modified_time":"2022-07-25T06:36:54+00:00","og_image":[{"url":"https:\/\/cervejaemalte.com.br\/wp-content\/uploads\/2022\/01\/Estudante-Hibrido-300x300.png","type":"","width":"","height":""}],"twitter_card":"summary_large_image","schema":{"@context":"https:\/\/schema.org","@graph":[{"@type":"WebPage","@id":"https:\/\/cervejaemalte.com.br\/pre-inscricao-tecnico-em-cervejaria-online\/","url":"https:\/\/cervejaemalte.com.br\/pre-inscricao-tecnico-em-cervejaria-online\/","name":"Pr\u00e9-inscri\u00e7\u00e3o T\u00e9cnico em Cervejaria Online - Cerveja e Malte","isPartOf":{"@id":"https:\/\/cervejaemalte.com.br\/#website"},"primaryImageOfPage":{"@id":"https:\/\/cervejaemalte.com.br\/pre-inscricao-tecnico-em-cervejaria-online\/#primaryimage"},"image":{"@id":"https:\/\/cervejaemalte.com.br\/pre-inscricao-tecnico-em-cervejaria-online\/#primaryimage"},"thumbnailUrl":"https:\/\/cervejaemalte.com.br\/wp-content\/uploads\/2022\/01\/Estudante-Hibrido-300x300.png","datePublished":"2022-07-23T08:09:04+00:00","dateModified":"2022-07-25T06:36:54+00:00","description":"Forma\u00e7\u00e3o em cervejeiro profissional pela ESCM agora sem sair de casa. Pr\u00e9-inscri\u00e7\u00f5es para o Curso em T\u00e9cnico em Cervejaria Online abertas. Garanta a sua vaga.","breadcrumb":{"@id":"https:\/\/cervejaemalte.com.br\/pre-inscricao-tecnico-em-cervejaria-online\/#breadcrumb"},"inLanguage":"es","potentialAction":[{"@type":"ReadAction","target":["https:\/\/cervejaemalte.com.br\/pre-inscricao-tecnico-em-cervejaria-online\/"]}]},{"@type":"ImageObject","inLanguage":"es","@id":"https:\/\/cervejaemalte.com.br\/pre-inscricao-tecnico-em-cervejaria-online\/#primaryimage","url":"https:\/\/cervejaemalte.com.br\/wp-content\/uploads\/2022\/01\/Estudante-Hibrido-300x300.png","contentUrl":"https:\/\/cervejaemalte.com.br\/wp-content\/uploads\/2022\/01\/Estudante-Hibrido-300x300.png"},{"@type":"BreadcrumbList","@id":"https:\/\/cervejaemalte.com.br\/pre-inscricao-tecnico-em-cervejaria-online\/#breadcrumb","itemListElement":[{"@type":"ListItem","position":1,"name":"In\u00edcio","item":"https:\/\/cervejaemalte.com.br\/"},{"@type":"ListItem","position":2,"name":"Pr\u00e9-inscri\u00e7\u00e3o T\u00e9cnico em Cervejaria Online"}]},{"@type":"WebSite","@id":"https:\/\/cervejaemalte.com.br\/#website","url":"https:\/\/cervejaemalte.com.br\/","name":"Cerveja e Malte","description":"","potentialAction":[{"@type":"SearchAction","target":{"@type":"EntryPoint","urlTemplate":"https:\/\/cervejaemalte.com.br\/?s={search_term_string}"},"query-input":{"@type":"PropertyValueSpecification","valueRequired":true,"valueName":"search_term_string"}}],"inLanguage":"es"}]}},"_links":{"self":[{"href":"https:\/\/cervejaemalte.com.br\/es\/wp-json\/wp\/v2\/pages\/9008","targetHints":{"allow":["GET"]}}],"collection":[{"href":"https:\/\/cervejaemalte.com.br\/es\/wp-json\/wp\/v2\/pages"}],"about":[{"href":"https:\/\/cervejaemalte.com.br\/es\/wp-json\/wp\/v2\/types\/page"}],"author":[{"embeddable":true,"href":"https:\/\/cervejaemalte.com.br\/es\/wp-json\/wp\/v2\/users\/1"}],"replies":[{"embeddable":true,"href":"https:\/\/cervejaemalte.com.br\/es\/wp-json\/wp\/v2\/comments?post=9008"}],"version-history":[{"count":41,"href":"https:\/\/cervejaemalte.com.br\/es\/wp-json\/wp\/v2\/pages\/9008\/revisions"}],"predecessor-version":[{"id":9055,"href":"https:\/\/cervejaemalte.com.br\/es\/wp-json\/wp\/v2\/pages\/9008\/revisions\/9055"}],"wp:attachment":[{"href":"https:\/\/cervejaemalte.com.br\/es\/wp-json\/wp\/v2\/media?parent=9008"}],"curies":[{"name":"wp","href":"https:\/\/api.w.org\/{rel}","templated":true}]}}