{"id":8169,"date":"2022-04-13T00:47:57","date_gmt":"2022-04-13T03:47:57","guid":{"rendered":"https:\/\/cervejaemalte.com.br\/?page_id=8169"},"modified":"2023-07-10T10:40:55","modified_gmt":"2023-07-10T13:40:55","slug":"acerva-gaucha","status":"publish","type":"page","link":"https:\/\/cervejaemalte.com.br\/es\/acerva-gaucha\/","title":{"rendered":"Acerva Gaucha"},"content":{"rendered":"<div data-elementor-type=\"wp-page\" data-elementor-id=\"8169\" class=\"elementor elementor-8169\" data-elementor-post-type=\"page\">\n\t\t\t\t\t\t<section class=\"elementor-section elementor-top-section elementor-element elementor-element-a59359d elementor-section-boxed elementor-section-height-default elementor-section-height-default\" data-id=\"a59359d\" data-element_type=\"section\" data-settings=\"{&quot;background_background&quot;:&quot;classic&quot;}\">\n\t\t\t\t\t\t<div class=\"elementor-container elementor-column-gap-default\">\n\t\t\t\t\t<div class=\"elementor-column elementor-col-50 elementor-top-column elementor-element elementor-element-6e005a91\" data-id=\"6e005a91\" data-element_type=\"column\">\n\t\t\t<div class=\"elementor-widget-wrap elementor-element-populated\">\n\t\t\t\t\t\t<div class=\"elementor-element elementor-element-64eed9a elementor-widget elementor-widget-image\" data-id=\"64eed9a\" data-element_type=\"widget\" data-widget_type=\"image.default\">\n\t\t\t\t<div class=\"elementor-widget-container\">\n\t\t\t\t\t\t\t\t\t\t\t\t\t\t\t<img decoding=\"async\" width=\"350\" height=\"60\" src=\"https:\/\/cervejaemalte.com.br\/wp-content\/uploads\/2022\/04\/logo-acerva-gaucha-com-texto.png\" class=\"attachment-large size-large wp-image-8173\" alt=\"Asociaci\u00f3n de Cerveceros Artesanales de Rio Grande do Sul\" srcset=\"https:\/\/cervejaemalte.com.br\/wp-content\/uploads\/2022\/04\/logo-acerva-gaucha-com-texto.png 350w, https:\/\/cervejaemalte.com.br\/wp-content\/uploads\/2022\/04\/logo-acerva-gaucha-com-texto-300x51.png 300w\" sizes=\"(max-width: 350px) 100vw, 350px\" \/>\t\t\t\t\t\t\t\t\t\t\t\t\t\t\t<\/div>\n\t\t\t\t<\/div>\n\t\t\t\t<div class=\"elementor-element elementor-element-7b912ff elementor-widget__width-inherit elementor-hidden-mobile elementor-widget elementor-widget-heading\" data-id=\"7b912ff\" data-element_type=\"widget\" data-widget_type=\"heading.default\">\n\t\t\t\t<div class=\"elementor-widget-container\">\n\t\t\t\t\t<p class=\"elementor-heading-title elementor-size-default\">Ofertas<\/p>\t\t\t\t<\/div>\n\t\t\t\t<\/div>\n\t\t\t\t<div class=\"elementor-element elementor-element-0eedad3 elementor-widget__width-auto elementor-widget elementor-widget-heading\" data-id=\"0eedad3\" data-element_type=\"widget\" data-widget_type=\"heading.default\">\n\t\t\t\t<div class=\"elementor-widget-container\">\n\t\t\t\t\t<h1 class=\"elementor-heading-title elementor-size-default\">Talleres de cervecer\u00eda<\/h1>\t\t\t\t<\/div>\n\t\t\t\t<\/div>\n\t\t\t\t\t<\/div>\n\t\t<\/div>\n\t\t\t\t<div class=\"elementor-column elementor-col-50 elementor-top-column elementor-element elementor-element-1517778a\" data-id=\"1517778a\" data-element_type=\"column\">\n\t\t\t<div class=\"elementor-widget-wrap elementor-element-populated\">\n\t\t\t\t\t\t<div class=\"elementor-element elementor-element-7cb8d148 elementor-widget elementor-widget-html\" data-id=\"7cb8d148\" data-element_type=\"widget\" data-widget_type=\"html.default\">\n\t\t\t\t<div class=\"elementor-widget-container\">\n\t\t\t\t\t<div class=\"_form_260\"><\/div><script src=\"https:\/\/escolasuperiordecervejaemalte.activehosted.com\/f\/embed.php?id=260\" type=\"text\/javascript\" charset=\"utf-8\"><\/script>\t\t\t\t<\/div>\n\t\t\t\t<\/div>\n\t\t\t\t\t<\/div>\n\t\t<\/div>\n\t\t\t\t\t<\/div>\n\t\t<\/section>\n\t\t\t\t<section class=\"elementor-section elementor-top-section elementor-element elementor-element-3564c332 elementor-section-boxed elementor-section-height-default elementor-section-height-default\" data-id=\"3564c332\" data-element_type=\"section\" data-settings=\"{&quot;background_background&quot;:&quot;classic&quot;}\">\n\t\t\t\t\t\t<div class=\"elementor-container elementor-column-gap-default\">\n\t\t\t\t\t<div class=\"elementor-column elementor-col-100 elementor-top-column elementor-element elementor-element-33ee5084\" data-id=\"33ee5084\" data-element_type=\"column\">\n\t\t\t<div class=\"elementor-widget-wrap elementor-element-populated\">\n\t\t\t\t\t\t<div class=\"elementor-element elementor-element-9572b18 elementor-widget elementor-widget-heading\" data-id=\"9572b18\" data-element_type=\"widget\" data-widget_type=\"heading.default\">\n\t\t\t\t<div class=\"elementor-widget-container\">\n\t\t\t\t\t<span class=\"elementor-heading-title elementor-size-default\">Falta<\/span>\t\t\t\t<\/div>\n\t\t\t\t<\/div>\n\t\t\t\t<div class=\"elementor-element elementor-element-5733d6ff elementor-countdown--label-block elementor-widget elementor-widget-countdown\" data-id=\"5733d6ff\" data-element_type=\"widget\" data-widget_type=\"countdown.default\">\n\t\t\t\t<div class=\"elementor-widget-container\">\n\t\t\t\t\t\t\t<div class=\"elementor-countdown-wrapper\" data-date=\"1689804000\">\n\t\t\t<div class=\"elementor-countdown-item\"><span class=\"elementor-countdown-digits elementor-countdown-days\"><\/span> <span class=\"elementor-countdown-label\">D\u00edas<\/span><\/div><div class=\"elementor-countdown-item\"><span class=\"elementor-countdown-digits elementor-countdown-hours\"><\/span> <span class=\"elementor-countdown-label\">Horas<\/span><\/div><div class=\"elementor-countdown-item\"><span class=\"elementor-countdown-digits elementor-countdown-minutes\"><\/span> <span class=\"elementor-countdown-label\">Actas<\/span><\/div><div class=\"elementor-countdown-item\"><span class=\"elementor-countdown-digits elementor-countdown-seconds\"><\/span> <span class=\"elementor-countdown-label\">Segundos<\/span><\/div>\t\t<\/div>\n\t\t\t\t\t\t<\/div>\n\t\t\t\t<\/div>\n\t\t\t\t\t<\/div>\n\t\t<\/div>\n\t\t\t\t\t<\/div>\n\t\t<\/section>\n\t\t\t\t<section class=\"elementor-section elementor-top-section elementor-element elementor-element-7fa78c7a elementor-section-boxed elementor-section-height-default elementor-section-height-default\" data-id=\"7fa78c7a\" data-element_type=\"section\" data-settings=\"{&quot;background_background&quot;:&quot;classic&quot;}\">\n\t\t\t\t\t\t<div class=\"elementor-container elementor-column-gap-default\">\n\t\t\t\t\t<div class=\"elementor-column elementor-col-100 elementor-top-column elementor-element elementor-element-7f594251\" data-id=\"7f594251\" data-element_type=\"column\">\n\t\t\t<div class=\"elementor-widget-wrap\">\n\t\t\t\t\t\t\t<\/div>\n\t\t<\/div>\n\t\t\t\t\t<\/div>\n\t\t<\/section>\n\t\t\t\t<section class=\"elementor-section elementor-top-section elementor-element elementor-element-5fce768d elementor-section-boxed elementor-section-height-default elementor-section-height-default\" data-id=\"5fce768d\" data-element_type=\"section\" data-settings=\"{&quot;background_background&quot;:&quot;classic&quot;}\">\n\t\t\t\t\t\t<div class=\"elementor-container elementor-column-gap-default\">\n\t\t\t\t\t<div class=\"elementor-column elementor-col-100 elementor-top-column elementor-element elementor-element-5712e602\" data-id=\"5712e602\" data-element_type=\"column\">\n\t\t\t<div class=\"elementor-widget-wrap elementor-element-populated\">\n\t\t\t\t\t\t<div class=\"elementor-element elementor-element-6467c523 elementor-widget__width-initial elementor-widget elementor-widget-heading\" data-id=\"6467c523\" data-element_type=\"widget\" data-widget_type=\"heading.default\">\n\t\t\t\t<div class=\"elementor-widget-container\">\n\t\t\t\t\t<h2 class=\"elementor-heading-title elementor-size-default\">Escuela belga <\/h2>\t\t\t\t<\/div>\n\t\t\t\t<\/div>\n\t\t\t\t<div class=\"elementor-element elementor-element-5127c7a6 elementor-testimonial--layout-image_left elementor-testimonial--align-left elementor-testimonial--mobile-align-left elementor-testimonial--skin-default elementor-widget elementor-widget-testimonial-carousel\" data-id=\"5127c7a6\" data-element_type=\"widget\" data-settings=\"{&quot;slides_per_view&quot;:&quot;1&quot;,&quot;speed&quot;:500,&quot;space_between&quot;:{&quot;unit&quot;:&quot;px&quot;,&quot;size&quot;:10,&quot;sizes&quot;:[]},&quot;space_between_tablet&quot;:{&quot;unit&quot;:&quot;px&quot;,&quot;size&quot;:10,&quot;sizes&quot;:[]},&quot;space_between_mobile&quot;:{&quot;unit&quot;:&quot;px&quot;,&quot;size&quot;:10,&quot;sizes&quot;:[]}}\" data-widget_type=\"testimonial-carousel.default\">\n\t\t\t\t<div class=\"elementor-widget-container\">\n\t\t\t\t\t\t\t\t\t<div class=\"elementor-swiper\">\n\t\t\t\t\t<div class=\"elementor-main-swiper swiper\" role=\"region\" aria-roledescription=\"carousel\" aria-label=\"Diapositivas\" data-no-translation-aria-label=\"\">\n\t\t\t\t<div class=\"swiper-wrapper\">\n\t\t\t\t\t\t\t\t\t\t\t<div class=\"swiper-slide\" role=\"group\" aria-roledescription=\"slide\">\n\t\t\t\t\t\t\t\t\t<div class=\"elementor-testimonial\">\n\t\t\t\t\t\t\t<div class=\"elementor-testimonial__content\">\n\t\t\t\t\t<div class=\"elementor-testimonial__text\">\n\t\t\t\t\t\tBi\u00f3logo por la Universidad S\u00e3o Camilo, postgrado y m\u00e1ster en biotecnolog\u00eda por la UAM y la UMC, maestro cervecero por la VLB de Berl\u00edn, gastr\u00f3nomo por la Universidad Anhembi Morumbi, sumiller de vino por la Asociaci\u00f3n Brasile\u00f1a de Sumilleres (ABS), sumiller de cerveza por Doemens\/Senac y la Asociaci\u00f3n Brasile\u00f1a de Sumilleres (ABS). Juez del WBC (World Beer Cup) y Presidente y organizador del WBA (World Beer Awards) en Brasil.\t\t\t\t\t<\/div>\n\t\t\t\t\t<cite class=\"elementor-testimonial__cite\"><span class=\"elementor-testimonial__name\">Ren\u00e9 Aduan<\/span><span class=\"elementor-testimonial__title\">19\/07 a las 19.00 horas <\/span><\/cite>\t\t\t\t<\/div>\n\t\t\t\t\t\t<div class=\"elementor-testimonial__footer\">\n\t\t\t\t\t\t\t\t\t<div class=\"elementor-testimonial__image\">\n\t\t\t\t\t\t<img decoding=\"async\" src=\"https:\/\/cervejaemalte.com.br\/wp-content\/uploads\/2023\/04\/rene_mini.jpeg\" alt=\"Ren\u00e9 Aduan\">\n\t\t\t\t\t\t\t\t\t\t\t<\/div>\n\t\t\t\t\t\t\t\t\t\t\t<\/div>\n\t\t<\/div>\n\t\t\t\t\t\t\t\t<\/div>\n\t\t\t\t\t\t\t\t\t<\/div>\n\t\t\t\t\t\t\t<\/div>\n\t\t\t\t<\/div>\n\t\t\t\t\t\t\t\t<\/div>\n\t\t\t\t<\/div>\n\t\t\t\t\t<\/div>\n\t\t<\/div>\n\t\t\t\t\t<\/div>\n\t\t<\/section>\n\t\t\t\t<\/div>","protected":false},"excerpt":{"rendered":"<p>Ofertas Talleres Cerveceros D\u00edas Horas Minutos Segundos Escuela Belga Bi\u00f3logo por la Universidad S\u00e3o Camilo, postgrado y m\u00e1ster en biotecnolog\u00eda por la UAM y la UMC, maestro cervecero por la VLB de Berl\u00edn, gastr\u00f3nomo por la Universidad Anhembi Morumbi, sumiller de vino por la Asociaci\u00f3n Brasile\u00f1a de Sumilleres (ABS), sumiller de cerveza por Doemens\/Senac y [...]<\/p>","protected":false},"author":1,"featured_media":0,"parent":0,"menu_order":0,"comment_status":"closed","ping_status":"closed","template":"","meta":{"footnotes":""},"class_list":["post-8169","page","type-page","status-publish","hentry"],"yoast_head":"<!-- This site is optimized with the Yoast SEO plugin v26.0 - https:\/\/yoast.com\/wordpress\/plugins\/seo\/ -->\n<title>Acerva Gaucha - Cerveja e Malte<\/title>\n<meta name=\"description\" content=\"O workshop \u00e9 direcionado aos participantes dos Mini concursos de escolas cervejeiras, onde ser\u00e3o abordados os estilos escolhidos em vota\u00e7\u00e3o pelos associados. 18B - American Pale Ale19B - California Common 21A - American IPA\" \/>\n<meta name=\"robots\" content=\"index, follow, max-snippet:-1, max-image-preview:large, max-video-preview:-1\" \/>\n<link rel=\"canonical\" href=\"https:\/\/cervejaemalte.com.br\/es\/acerva-gaucha\/\" \/>\n<meta property=\"og:locale\" content=\"es_ES\" \/>\n<meta property=\"og:type\" content=\"article\" \/>\n<meta property=\"og:title\" content=\"Acerva Gaucha - Cerveja e Malte\" \/>\n<meta property=\"og:description\" content=\"O workshop \u00e9 direcionado aos participantes dos Mini concursos de escolas cervejeiras, onde ser\u00e3o abordados os estilos escolhidos em vota\u00e7\u00e3o pelos associados. 18B - American Pale Ale19B - California Common 21A - American IPA\" \/>\n<meta property=\"og:url\" content=\"https:\/\/cervejaemalte.com.br\/es\/acerva-gaucha\/\" \/>\n<meta property=\"og:site_name\" content=\"Cerveja e Malte\" \/>\n<meta property=\"article:modified_time\" content=\"2023-07-10T13:40:55+00:00\" \/>\n<meta property=\"og:image\" content=\"https:\/\/cervejaemalte.com.br\/wp-content\/uploads\/2022\/04\/logo-acerva-gaucha-com-texto.png\" \/>\n<meta name=\"twitter:card\" content=\"summary_large_image\" \/>\n<meta name=\"twitter:label1\" content=\"Tiempo de lectura\" \/>\n\t<meta name=\"twitter:data1\" content=\"1 minuto\" \/>\n<script type=\"application\/ld+json\" class=\"yoast-schema-graph\">{\"@context\":\"https:\/\/schema.org\",\"@graph\":[{\"@type\":\"WebPage\",\"@id\":\"https:\/\/cervejaemalte.com.br\/acerva-gaucha\/\",\"url\":\"https:\/\/cervejaemalte.com.br\/acerva-gaucha\/\",\"name\":\"Acerva Gaucha - Cerveja e Malte\",\"isPartOf\":{\"@id\":\"https:\/\/cervejaemalte.com.br\/#website\"},\"primaryImageOfPage\":{\"@id\":\"https:\/\/cervejaemalte.com.br\/acerva-gaucha\/#primaryimage\"},\"image\":{\"@id\":\"https:\/\/cervejaemalte.com.br\/acerva-gaucha\/#primaryimage\"},\"thumbnailUrl\":\"https:\/\/cervejaemalte.com.br\/wp-content\/uploads\/2022\/04\/logo-acerva-gaucha-com-texto.png\",\"datePublished\":\"2022-04-13T03:47:57+00:00\",\"dateModified\":\"2023-07-10T13:40:55+00:00\",\"description\":\"O workshop \u00e9 direcionado aos participantes dos Mini concursos de escolas cervejeiras, onde ser\u00e3o abordados os estilos escolhidos em vota\u00e7\u00e3o pelos associados. 18B - American Pale Ale19B - California Common 21A - American IPA\",\"breadcrumb\":{\"@id\":\"https:\/\/cervejaemalte.com.br\/acerva-gaucha\/#breadcrumb\"},\"inLanguage\":\"es\",\"potentialAction\":[{\"@type\":\"ReadAction\",\"target\":[\"https:\/\/cervejaemalte.com.br\/acerva-gaucha\/\"]}]},{\"@type\":\"ImageObject\",\"inLanguage\":\"es\",\"@id\":\"https:\/\/cervejaemalte.com.br\/acerva-gaucha\/#primaryimage\",\"url\":\"https:\/\/cervejaemalte.com.br\/wp-content\/uploads\/2022\/04\/logo-acerva-gaucha-com-texto.png\",\"contentUrl\":\"https:\/\/cervejaemalte.com.br\/wp-content\/uploads\/2022\/04\/logo-acerva-gaucha-com-texto.png\"},{\"@type\":\"BreadcrumbList\",\"@id\":\"https:\/\/cervejaemalte.com.br\/acerva-gaucha\/#breadcrumb\",\"itemListElement\":[{\"@type\":\"ListItem\",\"position\":1,\"name\":\"In\u00edcio\",\"item\":\"https:\/\/cervejaemalte.com.br\/\"},{\"@type\":\"ListItem\",\"position\":2,\"name\":\"Acerva Gaucha\"}]},{\"@type\":\"WebSite\",\"@id\":\"https:\/\/cervejaemalte.com.br\/#website\",\"url\":\"https:\/\/cervejaemalte.com.br\/\",\"name\":\"Cerveja e Malte\",\"description\":\"\",\"potentialAction\":[{\"@type\":\"SearchAction\",\"target\":{\"@type\":\"EntryPoint\",\"urlTemplate\":\"https:\/\/cervejaemalte.com.br\/?s={search_term_string}\"},\"query-input\":{\"@type\":\"PropertyValueSpecification\",\"valueRequired\":true,\"valueName\":\"search_term_string\"}}],\"inLanguage\":\"es\"}]}<\/script>\n<!-- \/ Yoast SEO plugin. -->","yoast_head_json":{"title":"Acerva Gaucha - Cerveja e Malte","description":"O workshop \u00e9 direcionado aos participantes dos Mini concursos de escolas cervejeiras, onde ser\u00e3o abordados os estilos escolhidos em vota\u00e7\u00e3o pelos associados. 18B - American Pale Ale19B - California Common 21A - American IPA","robots":{"index":"index","follow":"follow","max-snippet":"max-snippet:-1","max-image-preview":"max-image-preview:large","max-video-preview":"max-video-preview:-1"},"canonical":"https:\/\/cervejaemalte.com.br\/es\/acerva-gaucha\/","og_locale":"es_ES","og_type":"article","og_title":"Acerva Gaucha - Cerveja e Malte","og_description":"O workshop \u00e9 direcionado aos participantes dos Mini concursos de escolas cervejeiras, onde ser\u00e3o abordados os estilos escolhidos em vota\u00e7\u00e3o pelos associados. 18B - American Pale Ale19B - California Common 21A - American IPA","og_url":"https:\/\/cervejaemalte.com.br\/es\/acerva-gaucha\/","og_site_name":"Cerveja e Malte","article_modified_time":"2023-07-10T13:40:55+00:00","og_image":[{"url":"https:\/\/cervejaemalte.com.br\/wp-content\/uploads\/2022\/04\/logo-acerva-gaucha-com-texto.png","type":"","width":"","height":""}],"twitter_card":"summary_large_image","twitter_misc":{"Tiempo de lectura":"1 minuto"},"schema":{"@context":"https:\/\/schema.org","@graph":[{"@type":"WebPage","@id":"https:\/\/cervejaemalte.com.br\/acerva-gaucha\/","url":"https:\/\/cervejaemalte.com.br\/acerva-gaucha\/","name":"Acerva Gaucha - Cerveja e Malte","isPartOf":{"@id":"https:\/\/cervejaemalte.com.br\/#website"},"primaryImageOfPage":{"@id":"https:\/\/cervejaemalte.com.br\/acerva-gaucha\/#primaryimage"},"image":{"@id":"https:\/\/cervejaemalte.com.br\/acerva-gaucha\/#primaryimage"},"thumbnailUrl":"https:\/\/cervejaemalte.com.br\/wp-content\/uploads\/2022\/04\/logo-acerva-gaucha-com-texto.png","datePublished":"2022-04-13T03:47:57+00:00","dateModified":"2023-07-10T13:40:55+00:00","description":"O workshop \u00e9 direcionado aos participantes dos Mini concursos de escolas cervejeiras, onde ser\u00e3o abordados os estilos escolhidos em vota\u00e7\u00e3o pelos associados. 18B - American Pale Ale19B - California Common 21A - American IPA","breadcrumb":{"@id":"https:\/\/cervejaemalte.com.br\/acerva-gaucha\/#breadcrumb"},"inLanguage":"es","potentialAction":[{"@type":"ReadAction","target":["https:\/\/cervejaemalte.com.br\/acerva-gaucha\/"]}]},{"@type":"ImageObject","inLanguage":"es","@id":"https:\/\/cervejaemalte.com.br\/acerva-gaucha\/#primaryimage","url":"https:\/\/cervejaemalte.com.br\/wp-content\/uploads\/2022\/04\/logo-acerva-gaucha-com-texto.png","contentUrl":"https:\/\/cervejaemalte.com.br\/wp-content\/uploads\/2022\/04\/logo-acerva-gaucha-com-texto.png"},{"@type":"BreadcrumbList","@id":"https:\/\/cervejaemalte.com.br\/acerva-gaucha\/#breadcrumb","itemListElement":[{"@type":"ListItem","position":1,"name":"In\u00edcio","item":"https:\/\/cervejaemalte.com.br\/"},{"@type":"ListItem","position":2,"name":"Acerva Gaucha"}]},{"@type":"WebSite","@id":"https:\/\/cervejaemalte.com.br\/#website","url":"https:\/\/cervejaemalte.com.br\/","name":"Cerveja e Malte","description":"","potentialAction":[{"@type":"SearchAction","target":{"@type":"EntryPoint","urlTemplate":"https:\/\/cervejaemalte.com.br\/?s={search_term_string}"},"query-input":{"@type":"PropertyValueSpecification","valueRequired":true,"valueName":"search_term_string"}}],"inLanguage":"es"}]}},"_links":{"self":[{"href":"https:\/\/cervejaemalte.com.br\/es\/wp-json\/wp\/v2\/pages\/8169","targetHints":{"allow":["GET"]}}],"collection":[{"href":"https:\/\/cervejaemalte.com.br\/es\/wp-json\/wp\/v2\/pages"}],"about":[{"href":"https:\/\/cervejaemalte.com.br\/es\/wp-json\/wp\/v2\/types\/page"}],"author":[{"embeddable":true,"href":"https:\/\/cervejaemalte.com.br\/es\/wp-json\/wp\/v2\/users\/1"}],"replies":[{"embeddable":true,"href":"https:\/\/cervejaemalte.com.br\/es\/wp-json\/wp\/v2\/comments?post=8169"}],"version-history":[{"count":33,"href":"https:\/\/cervejaemalte.com.br\/es\/wp-json\/wp\/v2\/pages\/8169\/revisions"}],"predecessor-version":[{"id":10657,"href":"https:\/\/cervejaemalte.com.br\/es\/wp-json\/wp\/v2\/pages\/8169\/revisions\/10657"}],"wp:attachment":[{"href":"https:\/\/cervejaemalte.com.br\/es\/wp-json\/wp\/v2\/media?parent=8169"}],"curies":[{"name":"wp","href":"https:\/\/api.w.org\/{rel}","templated":true}]}}