{"id":7760,"date":"2022-03-21T07:57:27","date_gmt":"2022-03-21T10:57:27","guid":{"rendered":"https:\/\/cervejaemalte.com.br\/?page_id=7760"},"modified":"2022-04-07T04:56:40","modified_gmt":"2022-04-07T07:56:40","slug":"inscricao-producao-de-cervejas-nao-convencionais","status":"publish","type":"page","link":"https:\/\/cervejaemalte.com.br\/es\/registro-produccion-de-cerveza-no-convencional\/","title":{"rendered":"Registro Producci\u00f3n de cervezas no convencionales"},"content":{"rendered":"<div data-elementor-type=\"wp-page\" data-elementor-id=\"7760\" class=\"elementor elementor-7760\" data-elementor-post-type=\"page\">\n\t\t\t\t\t\t<section class=\"elementor-section elementor-top-section elementor-element elementor-element-597f39d3 elementor-section-boxed elementor-section-height-default elementor-section-height-default\" data-id=\"597f39d3\" data-element_type=\"section\" data-settings=\"{&quot;background_background&quot;:&quot;gradient&quot;}\">\n\t\t\t\t\t\t\t<div class=\"elementor-background-overlay\"><\/div>\n\t\t\t\t\t\t\t<div class=\"elementor-container elementor-column-gap-default\">\n\t\t\t\t\t<div class=\"elementor-column elementor-col-50 elementor-top-column elementor-element elementor-element-3dc18689\" data-id=\"3dc18689\" data-element_type=\"column\">\n\t\t\t<div class=\"elementor-widget-wrap elementor-element-populated\">\n\t\t\t\t\t\t<div class=\"elementor-element elementor-element-6abf1759 titulo-curso elementor-widget elementor-widget-heading\" data-id=\"6abf1759\" data-element_type=\"widget\" data-widget_type=\"heading.default\">\n\t\t\t\t<div class=\"elementor-widget-container\">\n\t\t\t\t\t<h1 class=\"elementor-heading-title elementor-size-default\">Curso de producci\u00f3n de cerveza no convencional<\/h1>\t\t\t\t<\/div>\n\t\t\t\t<\/div>\n\t\t\t\t<div class=\"elementor-element elementor-element-6dc007d0 elementor-widget elementor-widget-text-editor\" data-id=\"6dc007d0\" data-element_type=\"widget\" data-widget_type=\"text-editor.default\">\n\t\t\t\t<div class=\"elementor-widget-container\">\n\t\t\t\t\t\t\t\t\t<h3><span class=\"text-white\">Inscr\u00edbase ahora y asegure su plaza<\/span><\/h3>\t\t\t\t\t\t\t\t<\/div>\n\t\t\t\t<\/div>\n\t\t\t\t\t<\/div>\n\t\t<\/div>\n\t\t\t\t<div class=\"elementor-column elementor-col-50 elementor-top-column elementor-element elementor-element-3621fd76\" data-id=\"3621fd76\" data-element_type=\"column\">\n\t\t\t<div class=\"elementor-widget-wrap elementor-element-populated\">\n\t\t\t\t\t\t<div class=\"elementor-element elementor-element-19fd2e2 elementor-widget elementor-widget-html\" data-id=\"19fd2e2\" data-element_type=\"widget\" data-widget_type=\"html.default\">\n\t\t\t\t<div class=\"elementor-widget-container\">\n\t\t\t\t\t<div class=\"_form_139\"><\/div><script src=\"https:\/\/escolasuperiordecervejaemalte.activehosted.com\/f\/embed.php?id=139\" type=\"text\/javascript\" charset=\"utf-8\"><\/script>\t\t\t\t<\/div>\n\t\t\t\t<\/div>\n\t\t\t\t\t<\/div>\n\t\t<\/div>\n\t\t\t\t\t<\/div>\n\t\t<\/section>\n\t\t\t\t<section class=\"elementor-section elementor-top-section elementor-element elementor-element-3cebebdc elementor-section-full_width elementor-section-height-default elementor-section-height-default\" data-id=\"3cebebdc\" data-element_type=\"section\">\n\t\t\t\t\t\t<div class=\"elementor-container elementor-column-gap-no\">\n\t\t\t\t\t<div class=\"elementor-column elementor-col-33 elementor-top-column elementor-element elementor-element-35edaf1\" data-id=\"35edaf1\" data-element_type=\"column\" data-settings=\"{&quot;background_background&quot;:&quot;classic&quot;}\">\n\t\t\t<div class=\"elementor-widget-wrap\">\n\t\t\t\t\t\t\t<\/div>\n\t\t<\/div>\n\t\t\t\t<div class=\"elementor-column elementor-col-33 elementor-top-column elementor-element elementor-element-29034e7\" data-id=\"29034e7\" data-element_type=\"column\" data-settings=\"{&quot;background_background&quot;:&quot;classic&quot;}\">\n\t\t\t<div class=\"elementor-widget-wrap elementor-element-populated\">\n\t\t\t\t\t\t<div class=\"elementor-element elementor-element-550abeb3 elementor-widget elementor-widget-spacer\" data-id=\"550abeb3\" data-element_type=\"widget\" data-widget_type=\"spacer.default\">\n\t\t\t\t<div class=\"elementor-widget-container\">\n\t\t\t\t\t\t\t<div class=\"elementor-spacer\">\n\t\t\t<div class=\"elementor-spacer-inner\"><\/div>\n\t\t<\/div>\n\t\t\t\t\t\t<\/div>\n\t\t\t\t<\/div>\n\t\t\t\t\t<\/div>\n\t\t<\/div>\n\t\t\t\t<div class=\"elementor-column elementor-col-33 elementor-top-column elementor-element elementor-element-38344e49\" data-id=\"38344e49\" data-element_type=\"column\" data-settings=\"{&quot;background_background&quot;:&quot;classic&quot;}\">\n\t\t\t<div class=\"elementor-widget-wrap\">\n\t\t\t\t\t\t\t<\/div>\n\t\t<\/div>\n\t\t\t\t\t<\/div>\n\t\t<\/section>\n\t\t\t\t<\/div>","protected":false},"excerpt":{"rendered":"<p>Curso de producci\u00f3n de cerveza no convencional \u00a1Inscr\u00edbase ahora y asegure su plaza!<\/p>","protected":false},"author":1,"featured_media":0,"parent":0,"menu_order":0,"comment_status":"closed","ping_status":"closed","template":"","meta":{"footnotes":""},"class_list":["post-7760","page","type-page","status-publish","hentry"],"yoast_head":"<!-- This site is optimized with the Yoast SEO plugin v26.0 - https:\/\/yoast.com\/wordpress\/plugins\/seo\/ -->\n<title>Inscri\u00e7\u00e3o Produ\u00e7\u00e3o de Cervejas n\u00e3o Convencionais - Cerveja e Malte<\/title>\n<meta name=\"description\" content=\"Inscri\u00e7\u00e3o Produ\u00e7\u00e3o de Cervejas n\u00e3o Convencionais\" \/>\n<meta name=\"robots\" content=\"noindex, nofollow\" \/>\n<meta property=\"og:locale\" content=\"es_ES\" \/>\n<meta property=\"og:type\" content=\"article\" \/>\n<meta property=\"og:title\" content=\"Inscri\u00e7\u00e3o Produ\u00e7\u00e3o de Cervejas n\u00e3o Convencionais - Cerveja e Malte\" \/>\n<meta property=\"og:description\" content=\"Inscri\u00e7\u00e3o Produ\u00e7\u00e3o de Cervejas n\u00e3o Convencionais\" \/>\n<meta property=\"og:url\" content=\"https:\/\/cervejaemalte.com.br\/es\/registro-produccion-de-cerveza-no-convencional\/\" \/>\n<meta property=\"og:site_name\" content=\"Cerveja e Malte\" \/>\n<meta property=\"article:modified_time\" content=\"2022-04-07T07:56:40+00:00\" \/>\n<meta name=\"twitter:card\" content=\"summary_large_image\" \/>\n<meta name=\"twitter:label1\" content=\"Tiempo de lectura\" \/>\n\t<meta name=\"twitter:data1\" content=\"1 minuto\" \/>\n<script type=\"application\/ld+json\" class=\"yoast-schema-graph\">{\"@context\":\"https:\/\/schema.org\",\"@graph\":[{\"@type\":\"WebPage\",\"@id\":\"https:\/\/cervejaemalte.com.br\/inscricao-producao-de-cervejas-nao-convencionais\/\",\"url\":\"https:\/\/cervejaemalte.com.br\/inscricao-producao-de-cervejas-nao-convencionais\/\",\"name\":\"Inscri\u00e7\u00e3o Produ\u00e7\u00e3o de Cervejas n\u00e3o Convencionais - Cerveja e Malte\",\"isPartOf\":{\"@id\":\"https:\/\/cervejaemalte.com.br\/#website\"},\"datePublished\":\"2022-03-21T10:57:27+00:00\",\"dateModified\":\"2022-04-07T07:56:40+00:00\",\"description\":\"Inscri\u00e7\u00e3o Produ\u00e7\u00e3o de Cervejas n\u00e3o Convencionais\",\"breadcrumb\":{\"@id\":\"https:\/\/cervejaemalte.com.br\/inscricao-producao-de-cervejas-nao-convencionais\/#breadcrumb\"},\"inLanguage\":\"es\",\"potentialAction\":[{\"@type\":\"ReadAction\",\"target\":[\"https:\/\/cervejaemalte.com.br\/inscricao-producao-de-cervejas-nao-convencionais\/\"]}]},{\"@type\":\"BreadcrumbList\",\"@id\":\"https:\/\/cervejaemalte.com.br\/inscricao-producao-de-cervejas-nao-convencionais\/#breadcrumb\",\"itemListElement\":[{\"@type\":\"ListItem\",\"position\":1,\"name\":\"In\u00edcio\",\"item\":\"https:\/\/cervejaemalte.com.br\/\"},{\"@type\":\"ListItem\",\"position\":2,\"name\":\"Inscri\u00e7\u00e3o Produ\u00e7\u00e3o de Cervejas n\u00e3o Convencionais\"}]},{\"@type\":\"WebSite\",\"@id\":\"https:\/\/cervejaemalte.com.br\/#website\",\"url\":\"https:\/\/cervejaemalte.com.br\/\",\"name\":\"Cerveja e Malte\",\"description\":\"\",\"potentialAction\":[{\"@type\":\"SearchAction\",\"target\":{\"@type\":\"EntryPoint\",\"urlTemplate\":\"https:\/\/cervejaemalte.com.br\/?s={search_term_string}\"},\"query-input\":{\"@type\":\"PropertyValueSpecification\",\"valueRequired\":true,\"valueName\":\"search_term_string\"}}],\"inLanguage\":\"es\"}]}<\/script>\n<!-- \/ Yoast SEO plugin. -->","yoast_head_json":{"title":"Inscri\u00e7\u00e3o Produ\u00e7\u00e3o de Cervejas n\u00e3o Convencionais - Cerveja e Malte","description":"Inscri\u00e7\u00e3o Produ\u00e7\u00e3o de Cervejas n\u00e3o Convencionais","robots":{"index":"noindex","follow":"nofollow"},"og_locale":"es_ES","og_type":"article","og_title":"Inscri\u00e7\u00e3o Produ\u00e7\u00e3o de Cervejas n\u00e3o Convencionais - Cerveja e Malte","og_description":"Inscri\u00e7\u00e3o Produ\u00e7\u00e3o de Cervejas n\u00e3o Convencionais","og_url":"https:\/\/cervejaemalte.com.br\/es\/registro-produccion-de-cerveza-no-convencional\/","og_site_name":"Cerveja e Malte","article_modified_time":"2022-04-07T07:56:40+00:00","twitter_card":"summary_large_image","twitter_misc":{"Tiempo de lectura":"1 minuto"},"schema":{"@context":"https:\/\/schema.org","@graph":[{"@type":"WebPage","@id":"https:\/\/cervejaemalte.com.br\/inscricao-producao-de-cervejas-nao-convencionais\/","url":"https:\/\/cervejaemalte.com.br\/inscricao-producao-de-cervejas-nao-convencionais\/","name":"Inscri\u00e7\u00e3o Produ\u00e7\u00e3o de Cervejas n\u00e3o Convencionais - Cerveja e Malte","isPartOf":{"@id":"https:\/\/cervejaemalte.com.br\/#website"},"datePublished":"2022-03-21T10:57:27+00:00","dateModified":"2022-04-07T07:56:40+00:00","description":"Inscri\u00e7\u00e3o Produ\u00e7\u00e3o de Cervejas n\u00e3o Convencionais","breadcrumb":{"@id":"https:\/\/cervejaemalte.com.br\/inscricao-producao-de-cervejas-nao-convencionais\/#breadcrumb"},"inLanguage":"es","potentialAction":[{"@type":"ReadAction","target":["https:\/\/cervejaemalte.com.br\/inscricao-producao-de-cervejas-nao-convencionais\/"]}]},{"@type":"BreadcrumbList","@id":"https:\/\/cervejaemalte.com.br\/inscricao-producao-de-cervejas-nao-convencionais\/#breadcrumb","itemListElement":[{"@type":"ListItem","position":1,"name":"In\u00edcio","item":"https:\/\/cervejaemalte.com.br\/"},{"@type":"ListItem","position":2,"name":"Inscri\u00e7\u00e3o Produ\u00e7\u00e3o de Cervejas n\u00e3o Convencionais"}]},{"@type":"WebSite","@id":"https:\/\/cervejaemalte.com.br\/#website","url":"https:\/\/cervejaemalte.com.br\/","name":"Cerveja e Malte","description":"","potentialAction":[{"@type":"SearchAction","target":{"@type":"EntryPoint","urlTemplate":"https:\/\/cervejaemalte.com.br\/?s={search_term_string}"},"query-input":{"@type":"PropertyValueSpecification","valueRequired":true,"valueName":"search_term_string"}}],"inLanguage":"es"}]}},"_links":{"self":[{"href":"https:\/\/cervejaemalte.com.br\/es\/wp-json\/wp\/v2\/pages\/7760","targetHints":{"allow":["GET"]}}],"collection":[{"href":"https:\/\/cervejaemalte.com.br\/es\/wp-json\/wp\/v2\/pages"}],"about":[{"href":"https:\/\/cervejaemalte.com.br\/es\/wp-json\/wp\/v2\/types\/page"}],"author":[{"embeddable":true,"href":"https:\/\/cervejaemalte.com.br\/es\/wp-json\/wp\/v2\/users\/1"}],"replies":[{"embeddable":true,"href":"https:\/\/cervejaemalte.com.br\/es\/wp-json\/wp\/v2\/comments?post=7760"}],"version-history":[{"count":6,"href":"https:\/\/cervejaemalte.com.br\/es\/wp-json\/wp\/v2\/pages\/7760\/revisions"}],"predecessor-version":[{"id":7770,"href":"https:\/\/cervejaemalte.com.br\/es\/wp-json\/wp\/v2\/pages\/7760\/revisions\/7770"}],"wp:attachment":[{"href":"https:\/\/cervejaemalte.com.br\/es\/wp-json\/wp\/v2\/media?parent=7760"}],"curies":[{"name":"wp","href":"https:\/\/api.w.org\/{rel}","templated":true}]}}