{"id":6884,"date":"2022-02-09T14:40:06","date_gmt":"2022-02-09T17:40:06","guid":{"rendered":"https:\/\/cervejaemalte.com.br\/?page_id=6884"},"modified":"2025-01-06T06:44:14","modified_gmt":"2025-01-06T09:44:14","slug":"ciclo-de-webinars-tecnologia-cervejeira","status":"publish","type":"page","link":"https:\/\/cervejaemalte.com.br\/es\/ciclo-de-webinars-cerveceria-tecnologia\/","title":{"rendered":"Serie de seminarios web sobre tecnolog\u00eda cervecera"},"content":{"rendered":"<div data-elementor-type=\"wp-page\" data-elementor-id=\"6884\" class=\"elementor elementor-6884\" data-elementor-post-type=\"page\">\n\t\t\t\t\t\t<section class=\"elementor-section elementor-top-section elementor-element elementor-element-ed80e1a elementor-section-boxed elementor-section-height-default elementor-section-height-default\" data-id=\"ed80e1a\" data-element_type=\"section\" data-settings=\"{&quot;background_background&quot;:&quot;classic&quot;}\">\n\t\t\t\t\t\t\t<div class=\"elementor-background-overlay\"><\/div>\n\t\t\t\t\t\t\t<div class=\"elementor-container elementor-column-gap-default\">\n\t\t\t\t\t<div class=\"elementor-column elementor-col-50 elementor-top-column elementor-element elementor-element-a509270\" data-id=\"a509270\" data-element_type=\"column\">\n\t\t\t<div class=\"elementor-widget-wrap elementor-element-populated\">\n\t\t\t\t\t\t<div class=\"elementor-element elementor-element-42ddecb elementor-widget elementor-widget-image\" data-id=\"42ddecb\" data-element_type=\"widget\" data-widget_type=\"image.default\">\n\t\t\t\t<div class=\"elementor-widget-container\">\n\t\t\t\t\t\t\t\t\t\t\t\t\t\t\t<img fetchpriority=\"high\" decoding=\"async\" width=\"737\" height=\"344\" src=\"https:\/\/cervejaemalte.com.br\/wp-content\/uploads\/2022\/02\/Asset-1-8.png\" class=\"attachment-large size-large wp-image-6936\" alt=\"Ciclo de seminarios web sobre tecnolog\u00eda cervecera\" srcset=\"https:\/\/cervejaemalte.com.br\/wp-content\/uploads\/2022\/02\/Asset-1-8.png 737w, https:\/\/cervejaemalte.com.br\/wp-content\/uploads\/2022\/02\/Asset-1-8-300x140.png 300w\" sizes=\"(max-width: 737px) 100vw, 737px\" \/>\t\t\t\t\t\t\t\t\t\t\t\t\t\t\t<\/div>\n\t\t\t\t<\/div>\n\t\t\t\t\t<\/div>\n\t\t<\/div>\n\t\t\t\t<div class=\"elementor-column elementor-col-50 elementor-top-column elementor-element elementor-element-29cb0f4\" data-id=\"29cb0f4\" data-element_type=\"column\">\n\t\t\t<div class=\"elementor-widget-wrap elementor-element-populated\">\n\t\t\t\t\t\t<div class=\"elementor-element elementor-element-7173231 elementor-widget__width-initial elementor-widget elementor-widget-heading\" data-id=\"7173231\" data-element_type=\"widget\" data-widget_type=\"heading.default\">\n\t\t\t\t<div class=\"elementor-widget-container\">\n\t\t\t\t\t<h3 class=\"elementor-heading-title elementor-size-default\">Rellene el formulario y reg\u00edstrese.<\/h3>\t\t\t\t<\/div>\n\t\t\t\t<\/div>\n\t\t\t\t<div class=\"elementor-element elementor-element-f1a3e04 elementor-widget__width-inherit elementor-widget elementor-widget-html\" data-id=\"f1a3e04\" data-element_type=\"widget\" id=\"formulario\" data-widget_type=\"html.default\">\n\t\t\t\t<div class=\"elementor-widget-container\">\n\t\t\t\t\t<div class=\"_form_245\"><\/div><script src=\"https:\/\/escolasuperiordecervejaemalte.activehosted.com\/f\/embed.php?id=245\" type=\"text\/javascript\" charset=\"utf-8\"><\/script>\t\t\t\t<\/div>\n\t\t\t\t<\/div>\n\t\t\t\t\t<\/div>\n\t\t<\/div>\n\t\t\t\t\t<\/div>\n\t\t<\/section>\n\t\t\t\t<section class=\"elementor-section elementor-top-section elementor-element elementor-element-b3cf32f elementor-section-boxed elementor-section-height-default elementor-section-height-default\" data-id=\"b3cf32f\" data-element_type=\"section\">\n\t\t\t\t\t\t<div class=\"elementor-container elementor-column-gap-default\">\n\t\t\t\t\t<div class=\"elementor-column elementor-col-33 elementor-top-column elementor-element elementor-element-7500bbf\" data-id=\"7500bbf\" data-element_type=\"column\">\n\t\t\t<div class=\"elementor-widget-wrap elementor-element-populated\">\n\t\t\t\t\t\t<div class=\"elementor-element elementor-element-05e27e7 elementor-widget elementor-widget-image\" data-id=\"05e27e7\" data-element_type=\"widget\" data-widget_type=\"image.default\">\n\t\t\t\t<div class=\"elementor-widget-container\">\n\t\t\t\t\t\t\t\t\t\t\t\t\t\t\t<img decoding=\"async\" width=\"150\" height=\"150\" src=\"https:\/\/cervejaemalte.com.br\/wp-content\/uploads\/2022\/02\/Lucio_Beer-square-150x150.jpg\" class=\"attachment-thumbnail size-thumbnail wp-image-6921\" alt=\"\" srcset=\"https:\/\/cervejaemalte.com.br\/wp-content\/uploads\/2022\/02\/Lucio_Beer-square-150x150.jpg 150w, https:\/\/cervejaemalte.com.br\/wp-content\/uploads\/2022\/02\/Lucio_Beer-square-300x300.jpg 300w, https:\/\/cervejaemalte.com.br\/wp-content\/uploads\/2022\/02\/Lucio_Beer-square-1024x1024.jpg 1024w, https:\/\/cervejaemalte.com.br\/wp-content\/uploads\/2022\/02\/Lucio_Beer-square-768x768.jpg 768w, https:\/\/cervejaemalte.com.br\/wp-content\/uploads\/2022\/02\/Lucio_Beer-square-1536x1536.jpg 1536w, https:\/\/cervejaemalte.com.br\/wp-content\/uploads\/2022\/02\/Lucio_Beer-square-2048x2048.jpg 2048w\" sizes=\"(max-width: 150px) 100vw, 150px\" \/>\t\t\t\t\t\t\t\t\t\t\t\t\t\t\t<\/div>\n\t\t\t\t<\/div>\n\t\t\t\t\t<\/div>\n\t\t<\/div>\n\t\t\t\t<div class=\"elementor-column elementor-col-66 elementor-top-column elementor-element elementor-element-25a4d22\" data-id=\"25a4d22\" data-element_type=\"column\">\n\t\t\t<div class=\"elementor-widget-wrap elementor-element-populated\">\n\t\t\t\t\t\t<div class=\"elementor-element elementor-element-91b81fe elementor-widget__width-inherit elementor-widget elementor-widget-heading\" data-id=\"91b81fe\" data-element_type=\"widget\" data-widget_type=\"heading.default\">\n\t\t\t\t<div class=\"elementor-widget-container\">\n\t\t\t\t\t<h3 class=\"elementor-heading-title elementor-size-default\">15\/02- 19h(Portugal) - Matem\u00e1ticas cerveceras con Lucio de Nobrega<\/h3>\t\t\t\t<\/div>\n\t\t\t\t<\/div>\n\t\t\t\t<div class=\"elementor-element elementor-element-6e36fcd elementor-widget-divider--view-line elementor-widget elementor-widget-divider\" data-id=\"6e36fcd\" data-element_type=\"widget\" data-widget_type=\"divider.default\">\n\t\t\t\t<div class=\"elementor-widget-container\">\n\t\t\t\t\t\t\t<div class=\"elementor-divider\">\n\t\t\t<span class=\"elementor-divider-separator\">\n\t\t\t\t\t\t<\/span>\n\t\t<\/div>\n\t\t\t\t\t\t<\/div>\n\t\t\t\t<\/div>\n\t\t\t\t<div class=\"elementor-element elementor-element-57bc59a elementor-widget elementor-widget-text-editor\" data-id=\"57bc59a\" data-element_type=\"widget\" data-widget_type=\"text-editor.default\">\n\t\t\t\t<div class=\"elementor-widget-container\">\n\t\t\t\t\t\t\t\t\t<p>El profesor Lucio es Ingeniero en Inform\u00e1tica con especializaci\u00f3n en Ciberseguridad y amante de la cerveza artesana. Se ha especializado en cerveza artesana en la Universidad de Alicante en \"Fundamentos de la elaboraci\u00f3n de cerveza\" y \"Gesti\u00f3n de microcervecer\u00edas\". Desde 2014 es miembro de ACCE, la Asociaci\u00f3n de Cerveceros Caseros Espa\u00f1oles, donde es jurado anual en su concurso de cerveza casera. Tambi\u00e9n es miembro de la American Homebrewers Association y como juez certificado BJCP ha participado en varios concursos cerveceros en Portugal, Espa\u00f1a y Ecuador.<\/p>\t\t\t\t\t\t\t\t<\/div>\n\t\t\t\t<\/div>\n\t\t\t\t\t<\/div>\n\t\t<\/div>\n\t\t\t\t\t<\/div>\n\t\t<\/section>\n\t\t\t\t<section class=\"elementor-section elementor-top-section elementor-element elementor-element-d4f4403 elementor-section-boxed elementor-section-height-default elementor-section-height-default\" data-id=\"d4f4403\" data-element_type=\"section\">\n\t\t\t\t\t\t<div class=\"elementor-container elementor-column-gap-default\">\n\t\t\t\t\t<div class=\"elementor-column elementor-col-33 elementor-top-column elementor-element elementor-element-2ed7b85\" data-id=\"2ed7b85\" data-element_type=\"column\">\n\t\t\t<div class=\"elementor-widget-wrap elementor-element-populated\">\n\t\t\t\t\t\t<div class=\"elementor-element elementor-element-73c6f71 elementor-widget elementor-widget-image\" data-id=\"73c6f71\" data-element_type=\"widget\" data-widget_type=\"image.default\">\n\t\t\t\t<div class=\"elementor-widget-container\">\n\t\t\t\t\t\t\t\t\t\t\t\t\t\t\t<img decoding=\"async\" width=\"150\" height=\"150\" src=\"https:\/\/cervejaemalte.com.br\/wp-content\/uploads\/2022\/02\/Rui-Bento-square-150x150.jpg\" class=\"attachment-thumbnail size-thumbnail wp-image-6922\" alt=\"\" srcset=\"https:\/\/cervejaemalte.com.br\/wp-content\/uploads\/2022\/02\/Rui-Bento-square-150x150.jpg 150w, https:\/\/cervejaemalte.com.br\/wp-content\/uploads\/2022\/02\/Rui-Bento-square-300x300.jpg 300w, https:\/\/cervejaemalte.com.br\/wp-content\/uploads\/2022\/02\/Rui-Bento-square.jpg 502w\" sizes=\"(max-width: 150px) 100vw, 150px\" \/>\t\t\t\t\t\t\t\t\t\t\t\t\t\t\t<\/div>\n\t\t\t\t<\/div>\n\t\t\t\t\t<\/div>\n\t\t<\/div>\n\t\t\t\t<div class=\"elementor-column elementor-col-66 elementor-top-column elementor-element elementor-element-8abcf9a\" data-id=\"8abcf9a\" data-element_type=\"column\">\n\t\t\t<div class=\"elementor-widget-wrap elementor-element-populated\">\n\t\t\t\t\t\t<div class=\"elementor-element elementor-element-1f8fcfc elementor-widget__width-inherit elementor-widget elementor-widget-heading\" data-id=\"1f8fcfc\" data-element_type=\"widget\" data-widget_type=\"heading.default\">\n\t\t\t\t<div class=\"elementor-widget-container\">\n\t\t\t\t\t<h3 class=\"elementor-heading-title elementor-size-default\">16\/02- 19h(Portugal) - Materias primas con Rui Bento<\/h3>\t\t\t\t<\/div>\n\t\t\t\t<\/div>\n\t\t\t\t<div class=\"elementor-element elementor-element-473d9fa elementor-widget-divider--view-line elementor-widget elementor-widget-divider\" data-id=\"473d9fa\" data-element_type=\"widget\" data-widget_type=\"divider.default\">\n\t\t\t\t<div class=\"elementor-widget-container\">\n\t\t\t\t\t\t\t<div class=\"elementor-divider\">\n\t\t\t<span class=\"elementor-divider-separator\">\n\t\t\t\t\t\t<\/span>\n\t\t<\/div>\n\t\t\t\t\t\t<\/div>\n\t\t\t\t<\/div>\n\t\t\t\t<div class=\"elementor-element elementor-element-c987592 elementor-widget elementor-widget-text-editor\" data-id=\"c987592\" data-element_type=\"widget\" data-widget_type=\"text-editor.default\">\n\t\t\t\t<div class=\"elementor-widget-container\">\n\t\t\t\t\t\t\t\t\t<p>Rui Bento fue ganador del III Concurso Nacional de Cervezas Caseras y Artesanales, en 2015; form\u00f3 parte del jurado del Concurso Nacional de Cervezas Caseras y Artesanales en 2016, 2017, 2018, 2019 y 2021 y del Concurso Iberian IPA Day - Portugal y Espa\u00f1a, en 2017; ha impartido varios cursos\/talleres de formaci\u00f3n sobre elaboraci\u00f3n de cerveza. Actualmente es Operations Manager &amp; Head Brewer en Cerveja Bolina desde el 1 de abril de 2019.<\/p>\t\t\t\t\t\t\t\t<\/div>\n\t\t\t\t<\/div>\n\t\t\t\t\t<\/div>\n\t\t<\/div>\n\t\t\t\t\t<\/div>\n\t\t<\/section>\n\t\t\t\t<section class=\"elementor-section elementor-top-section elementor-element elementor-element-26350a6 elementor-section-boxed elementor-section-height-default elementor-section-height-default\" data-id=\"26350a6\" data-element_type=\"section\">\n\t\t\t\t\t\t<div class=\"elementor-container elementor-column-gap-default\">\n\t\t\t\t\t<div class=\"elementor-column elementor-col-33 elementor-top-column elementor-element elementor-element-8025fec\" data-id=\"8025fec\" data-element_type=\"column\">\n\t\t\t<div class=\"elementor-widget-wrap elementor-element-populated\">\n\t\t\t\t\t\t<div class=\"elementor-element elementor-element-8818f45 elementor-widget elementor-widget-image\" data-id=\"8818f45\" data-element_type=\"widget\" data-widget_type=\"image.default\">\n\t\t\t\t<div class=\"elementor-widget-container\">\n\t\t\t\t\t\t\t\t\t\t\t\t\t\t\t<img loading=\"lazy\" decoding=\"async\" width=\"150\" height=\"150\" src=\"https:\/\/cervejaemalte.com.br\/wp-content\/uploads\/2021\/12\/mini_duan-150x150.jpg\" class=\"attachment-thumbnail size-thumbnail wp-image-6081\" alt=\"Duan Ceola\" \/>\t\t\t\t\t\t\t\t\t\t\t\t\t\t\t<\/div>\n\t\t\t\t<\/div>\n\t\t\t\t\t<\/div>\n\t\t<\/div>\n\t\t\t\t<div class=\"elementor-column elementor-col-66 elementor-top-column elementor-element elementor-element-4d429a8\" data-id=\"4d429a8\" data-element_type=\"column\">\n\t\t\t<div class=\"elementor-widget-wrap elementor-element-populated\">\n\t\t\t\t\t\t<div class=\"elementor-element elementor-element-b113c2e elementor-widget__width-inherit elementor-widget elementor-widget-heading\" data-id=\"b113c2e\" data-element_type=\"widget\" data-widget_type=\"heading.default\">\n\t\t\t\t<div class=\"elementor-widget-container\">\n\t\t\t\t\t<h3 class=\"elementor-heading-title elementor-size-default\">17\/02- 19h(Portugal) - T\u00e9cnicas de l\u00fapulo con Duan Ceola<\/h3>\t\t\t\t<\/div>\n\t\t\t\t<\/div>\n\t\t\t\t<div class=\"elementor-element elementor-element-600ddd3 elementor-widget-divider--view-line elementor-widget elementor-widget-divider\" data-id=\"600ddd3\" data-element_type=\"widget\" data-widget_type=\"divider.default\">\n\t\t\t\t<div class=\"elementor-widget-container\">\n\t\t\t\t\t\t\t<div class=\"elementor-divider\">\n\t\t\t<span class=\"elementor-divider-separator\">\n\t\t\t\t\t\t<\/span>\n\t\t<\/div>\n\t\t\t\t\t\t<\/div>\n\t\t\t\t<\/div>\n\t\t\t\t<div class=\"elementor-element elementor-element-ac5f68f elementor-widget elementor-widget-text-editor\" data-id=\"ac5f68f\" data-element_type=\"widget\" data-widget_type=\"text-editor.default\">\n\t\t\t\t<div class=\"elementor-widget-container\">\n\t\t\t\t\t\t\t\t\t<p>Cervecero casero desde 2012, graduado en Qu\u00edmica por la Universidad Estatal de Santa Catarina (UDESC). Investigador y estudiante de maestr\u00eda en Qu\u00edmica Anal\u00edtica en la UDESC con proyectos de investigaci\u00f3n relacionados con el perfil arom\u00e1tico del l\u00fapulo y el monitoreo de la calidad y robustez del l\u00fapulo nacional. Profesor y coordinador de curso en la ESCM<\/p>\t\t\t\t\t\t\t\t<\/div>\n\t\t\t\t<\/div>\n\t\t\t\t\t<\/div>\n\t\t<\/div>\n\t\t\t\t\t<\/div>\n\t\t<\/section>\n\t\t\t\t<section class=\"elementor-section elementor-top-section elementor-element elementor-element-1dd1a0d elementor-section-boxed elementor-section-height-default elementor-section-height-default\" data-id=\"1dd1a0d\" data-element_type=\"section\">\n\t\t\t\t\t\t<div class=\"elementor-container elementor-column-gap-default\">\n\t\t\t\t\t<div class=\"elementor-column elementor-col-100 elementor-top-column elementor-element elementor-element-d2c44a2\" data-id=\"d2c44a2\" data-element_type=\"column\">\n\t\t\t<div class=\"elementor-widget-wrap elementor-element-populated\">\n\t\t\t\t\t\t<div class=\"elementor-element elementor-element-4e01da7 elementor-widget-divider--view-line elementor-widget elementor-widget-divider\" data-id=\"4e01da7\" data-element_type=\"widget\" data-widget_type=\"divider.default\">\n\t\t\t\t<div class=\"elementor-widget-container\">\n\t\t\t\t\t\t\t<div class=\"elementor-divider\">\n\t\t\t<span class=\"elementor-divider-separator\">\n\t\t\t\t\t\t<\/span>\n\t\t<\/div>\n\t\t\t\t\t\t<\/div>\n\t\t\t\t<\/div>\n\t\t\t\t<div class=\"elementor-element elementor-element-810197e elementor-widget__width-initial elementor-widget elementor-widget-heading\" data-id=\"810197e\" data-element_type=\"widget\" data-widget_type=\"heading.default\">\n\t\t\t\t<div class=\"elementor-widget-container\">\n\t\t\t\t\t<h2 class=\"elementor-heading-title elementor-size-default\">Una oportunidad \u00fanica para aprender m\u00e1s sobre la cerveza, de la mano de grandes profesionales, \u00a1sin pagar nada por ello!<\/h2>\t\t\t\t<\/div>\n\t\t\t\t<\/div>\n\t\t\t\t<div class=\"elementor-element elementor-element-c231582 elementor-align-center elementor-widget elementor-widget-button\" data-id=\"c231582\" data-element_type=\"widget\" data-widget_type=\"button.default\">\n\t\t\t\t<div class=\"elementor-widget-container\">\n\t\t\t\t\t\t\t\t\t<div class=\"elementor-button-wrapper\">\n\t\t\t\t\t<a class=\"elementor-button elementor-button-link elementor-size-sm\" href=\"#formulario\">\n\t\t\t\t\t\t<span class=\"elementor-button-content-wrapper\">\n\t\t\t\t\t\t<span class=\"elementor-button-icon\">\n\t\t\t\t<svg aria-hidden=\"true\" class=\"e-font-icon-svg e-fas-pen\" viewbox=\"0 0 512 512\" xmlns=\"http:\/\/www.w3.org\/2000\/svg\"><path d=\"M290.74 93.24l128.02 128.02-277.99 277.99-114.14 12.6C11.35 513.54-1.56 500.62.14 485.34l12.7-114.22 277.9-277.88zm207.2-19.06l-60.11-60.11c-18.75-18.75-49.16-18.75-67.91 0l-56.55 56.55 128.02 128.02 56.55-56.55c18.75-18.76 18.75-49.16 0-67.91z\"><\/path><\/svg>\t\t\t<\/span>\n\t\t\t\t\t\t\t\t\t<span class=\"elementor-button-text\">Quiero inscribirme<\/span>\n\t\t\t\t\t<\/span>\n\t\t\t\t\t<\/a>\n\t\t\t\t<\/div>\n\t\t\t\t\t\t\t\t<\/div>\n\t\t\t\t<\/div>\n\t\t\t\t<div class=\"elementor-element elementor-element-ae25871 elementor-widget elementor-widget-image\" data-id=\"ae25871\" data-element_type=\"widget\" data-widget_type=\"image.default\">\n\t\t\t\t<div class=\"elementor-widget-container\">\n\t\t\t\t\t\t\t\t\t\t\t\t\t\t\t<img loading=\"lazy\" decoding=\"async\" width=\"233\" height=\"116\" src=\"https:\/\/cervejaemalte.com.br\/wp-content\/uploads\/2022\/02\/Asset-2-8.png\" class=\"attachment-full size-full wp-image-6941\" alt=\"\" \/>\t\t\t\t\t\t\t\t\t\t\t\t\t\t\t<\/div>\n\t\t\t\t<\/div>\n\t\t\t\t\t<\/div>\n\t\t<\/div>\n\t\t\t\t\t<\/div>\n\t\t<\/section>\n\t\t\t\t<\/div>","protected":false},"excerpt":{"rendered":"<p>Rellena el formulario y reg\u00edstrate. 15\/02- 19h(Portugal) - Matem\u00e1ticas Cerveceras con Lucio de Nobrega El profesor Lucio es Ingeniero Inform\u00e1tico con especializaci\u00f3n en Ciberseguridad y amante de la cerveza artesana. Se ha especializado en cerveza artesana en la Universidad de Alicante en \"Fundamentos de la elaboraci\u00f3n de cerveza\" y \"Gesti\u00f3n [...]<\/p>","protected":false},"author":1,"featured_media":0,"parent":0,"menu_order":0,"comment_status":"closed","ping_status":"closed","template":"","meta":{"footnotes":""},"class_list":["post-6884","page","type-page","status-publish","hentry"],"yoast_head":"<!-- This site is optimized with the Yoast SEO plugin v26.0 - https:\/\/yoast.com\/wordpress\/plugins\/seo\/ -->\n<title>Ciclo de Webinars Tecnologia Cervejeira - Cerveja e Malte<\/title>\n<meta name=\"robots\" content=\"index, follow, max-snippet:-1, max-image-preview:large, max-video-preview:-1\" \/>\n<link rel=\"canonical\" href=\"https:\/\/cervejaemalte.com.br\/es\/ciclo-de-webinars-cerveceria-tecnologia\/\" \/>\n<meta property=\"og:locale\" content=\"es_ES\" \/>\n<meta property=\"og:type\" content=\"article\" \/>\n<meta property=\"og:title\" content=\"Ciclo de Webinars Tecnologia Cervejeira - Cerveja e Malte\" \/>\n<meta property=\"og:description\" content=\"Preencha o formul\u00e1rio e fa\u00e7a sua inscri\u00e7\u00e3o. 15\/02- 19h(Portugal) &#8211; Matem\u00e1tica Cervejeira com Lucio de Nobrega Professor Lucio \u00e9 Engenheiro de Tecnologia da Informa\u00e7\u00e3o com foco especial em Seguran\u00e7a Cibern\u00e9tica e amante de cerveja artesanal. Fez cursos de especializa\u00e7\u00e3o em cerveja artesanal ministrados pela Universidade de Alicante em &#8220;Fundamentos da fabrica\u00e7\u00e3o de cerveja&#8221; e &#8220;Gest\u00e3o [&hellip;]\" \/>\n<meta property=\"og:url\" content=\"https:\/\/cervejaemalte.com.br\/es\/ciclo-de-webinars-cerveceria-tecnologia\/\" \/>\n<meta property=\"og:site_name\" content=\"Cerveja e Malte\" \/>\n<meta property=\"article:modified_time\" content=\"2025-01-06T09:44:14+00:00\" \/>\n<meta property=\"og:image\" content=\"https:\/\/cervejaemalte.com.br\/wp-content\/uploads\/2022\/02\/Asset-1-8.png\" \/>\n\t<meta property=\"og:image:width\" content=\"737\" \/>\n\t<meta property=\"og:image:height\" content=\"344\" \/>\n\t<meta property=\"og:image:type\" content=\"image\/png\" \/>\n<meta name=\"twitter:card\" content=\"summary_large_image\" \/>\n<meta name=\"twitter:label1\" content=\"Tiempo de lectura\" \/>\n\t<meta name=\"twitter:data1\" content=\"7 minutos\" \/>\n<script type=\"application\/ld+json\" class=\"yoast-schema-graph\">{\"@context\":\"https:\/\/schema.org\",\"@graph\":[{\"@type\":\"WebPage\",\"@id\":\"https:\/\/cervejaemalte.com.br\/ciclo-de-webinars-tecnologia-cervejeira\/\",\"url\":\"https:\/\/cervejaemalte.com.br\/ciclo-de-webinars-tecnologia-cervejeira\/\",\"name\":\"Ciclo de Webinars Tecnologia Cervejeira - Cerveja e Malte\",\"isPartOf\":{\"@id\":\"https:\/\/cervejaemalte.com.br\/#website\"},\"primaryImageOfPage\":{\"@id\":\"https:\/\/cervejaemalte.com.br\/ciclo-de-webinars-tecnologia-cervejeira\/#primaryimage\"},\"image\":{\"@id\":\"https:\/\/cervejaemalte.com.br\/ciclo-de-webinars-tecnologia-cervejeira\/#primaryimage\"},\"thumbnailUrl\":\"https:\/\/cervejaemalte.com.br\/wp-content\/uploads\/2022\/02\/Asset-1-8.png\",\"datePublished\":\"2022-02-09T17:40:06+00:00\",\"dateModified\":\"2025-01-06T09:44:14+00:00\",\"breadcrumb\":{\"@id\":\"https:\/\/cervejaemalte.com.br\/ciclo-de-webinars-tecnologia-cervejeira\/#breadcrumb\"},\"inLanguage\":\"es\",\"potentialAction\":[{\"@type\":\"ReadAction\",\"target\":[\"https:\/\/cervejaemalte.com.br\/ciclo-de-webinars-tecnologia-cervejeira\/\"]}]},{\"@type\":\"ImageObject\",\"inLanguage\":\"es\",\"@id\":\"https:\/\/cervejaemalte.com.br\/ciclo-de-webinars-tecnologia-cervejeira\/#primaryimage\",\"url\":\"https:\/\/cervejaemalte.com.br\/wp-content\/uploads\/2022\/02\/Asset-1-8.png\",\"contentUrl\":\"https:\/\/cervejaemalte.com.br\/wp-content\/uploads\/2022\/02\/Asset-1-8.png\"},{\"@type\":\"BreadcrumbList\",\"@id\":\"https:\/\/cervejaemalte.com.br\/ciclo-de-webinars-tecnologia-cervejeira\/#breadcrumb\",\"itemListElement\":[{\"@type\":\"ListItem\",\"position\":1,\"name\":\"In\u00edcio\",\"item\":\"https:\/\/cervejaemalte.com.br\/\"},{\"@type\":\"ListItem\",\"position\":2,\"name\":\"Ciclo de Webinars Tecnologia Cervejeira\"}]},{\"@type\":\"WebSite\",\"@id\":\"https:\/\/cervejaemalte.com.br\/#website\",\"url\":\"https:\/\/cervejaemalte.com.br\/\",\"name\":\"Cerveja e Malte\",\"description\":\"\",\"potentialAction\":[{\"@type\":\"SearchAction\",\"target\":{\"@type\":\"EntryPoint\",\"urlTemplate\":\"https:\/\/cervejaemalte.com.br\/?s={search_term_string}\"},\"query-input\":{\"@type\":\"PropertyValueSpecification\",\"valueRequired\":true,\"valueName\":\"search_term_string\"}}],\"inLanguage\":\"es\"}]}<\/script>\n<!-- \/ Yoast SEO plugin. -->","yoast_head_json":{"title":"Ciclo de Webinars Tecnologia Cervejeira - Cerveja e Malte","robots":{"index":"index","follow":"follow","max-snippet":"max-snippet:-1","max-image-preview":"max-image-preview:large","max-video-preview":"max-video-preview:-1"},"canonical":"https:\/\/cervejaemalte.com.br\/es\/ciclo-de-webinars-cerveceria-tecnologia\/","og_locale":"es_ES","og_type":"article","og_title":"Ciclo de Webinars Tecnologia Cervejeira - Cerveja e Malte","og_description":"Preencha o formul\u00e1rio e fa\u00e7a sua inscri\u00e7\u00e3o. 15\/02- 19h(Portugal) &#8211; Matem\u00e1tica Cervejeira com Lucio de Nobrega Professor Lucio \u00e9 Engenheiro de Tecnologia da Informa\u00e7\u00e3o com foco especial em Seguran\u00e7a Cibern\u00e9tica e amante de cerveja artesanal. Fez cursos de especializa\u00e7\u00e3o em cerveja artesanal ministrados pela Universidade de Alicante em &#8220;Fundamentos da fabrica\u00e7\u00e3o de cerveja&#8221; e &#8220;Gest\u00e3o [&hellip;]","og_url":"https:\/\/cervejaemalte.com.br\/es\/ciclo-de-webinars-cerveceria-tecnologia\/","og_site_name":"Cerveja e Malte","article_modified_time":"2025-01-06T09:44:14+00:00","og_image":[{"width":737,"height":344,"url":"https:\/\/cervejaemalte.com.br\/wp-content\/uploads\/2022\/02\/Asset-1-8.png","type":"image\/png"}],"twitter_card":"summary_large_image","twitter_misc":{"Tiempo de lectura":"7 minutos"},"schema":{"@context":"https:\/\/schema.org","@graph":[{"@type":"WebPage","@id":"https:\/\/cervejaemalte.com.br\/ciclo-de-webinars-tecnologia-cervejeira\/","url":"https:\/\/cervejaemalte.com.br\/ciclo-de-webinars-tecnologia-cervejeira\/","name":"Ciclo de Webinars Tecnologia Cervejeira - Cerveja e Malte","isPartOf":{"@id":"https:\/\/cervejaemalte.com.br\/#website"},"primaryImageOfPage":{"@id":"https:\/\/cervejaemalte.com.br\/ciclo-de-webinars-tecnologia-cervejeira\/#primaryimage"},"image":{"@id":"https:\/\/cervejaemalte.com.br\/ciclo-de-webinars-tecnologia-cervejeira\/#primaryimage"},"thumbnailUrl":"https:\/\/cervejaemalte.com.br\/wp-content\/uploads\/2022\/02\/Asset-1-8.png","datePublished":"2022-02-09T17:40:06+00:00","dateModified":"2025-01-06T09:44:14+00:00","breadcrumb":{"@id":"https:\/\/cervejaemalte.com.br\/ciclo-de-webinars-tecnologia-cervejeira\/#breadcrumb"},"inLanguage":"es","potentialAction":[{"@type":"ReadAction","target":["https:\/\/cervejaemalte.com.br\/ciclo-de-webinars-tecnologia-cervejeira\/"]}]},{"@type":"ImageObject","inLanguage":"es","@id":"https:\/\/cervejaemalte.com.br\/ciclo-de-webinars-tecnologia-cervejeira\/#primaryimage","url":"https:\/\/cervejaemalte.com.br\/wp-content\/uploads\/2022\/02\/Asset-1-8.png","contentUrl":"https:\/\/cervejaemalte.com.br\/wp-content\/uploads\/2022\/02\/Asset-1-8.png"},{"@type":"BreadcrumbList","@id":"https:\/\/cervejaemalte.com.br\/ciclo-de-webinars-tecnologia-cervejeira\/#breadcrumb","itemListElement":[{"@type":"ListItem","position":1,"name":"In\u00edcio","item":"https:\/\/cervejaemalte.com.br\/"},{"@type":"ListItem","position":2,"name":"Ciclo de Webinars Tecnologia Cervejeira"}]},{"@type":"WebSite","@id":"https:\/\/cervejaemalte.com.br\/#website","url":"https:\/\/cervejaemalte.com.br\/","name":"Cerveja e Malte","description":"","potentialAction":[{"@type":"SearchAction","target":{"@type":"EntryPoint","urlTemplate":"https:\/\/cervejaemalte.com.br\/?s={search_term_string}"},"query-input":{"@type":"PropertyValueSpecification","valueRequired":true,"valueName":"search_term_string"}}],"inLanguage":"es"}]}},"_links":{"self":[{"href":"https:\/\/cervejaemalte.com.br\/es\/wp-json\/wp\/v2\/pages\/6884","targetHints":{"allow":["GET"]}}],"collection":[{"href":"https:\/\/cervejaemalte.com.br\/es\/wp-json\/wp\/v2\/pages"}],"about":[{"href":"https:\/\/cervejaemalte.com.br\/es\/wp-json\/wp\/v2\/types\/page"}],"author":[{"embeddable":true,"href":"https:\/\/cervejaemalte.com.br\/es\/wp-json\/wp\/v2\/users\/1"}],"replies":[{"embeddable":true,"href":"https:\/\/cervejaemalte.com.br\/es\/wp-json\/wp\/v2\/comments?post=6884"}],"version-history":[{"count":43,"href":"https:\/\/cervejaemalte.com.br\/es\/wp-json\/wp\/v2\/pages\/6884\/revisions"}],"predecessor-version":[{"id":11322,"href":"https:\/\/cervejaemalte.com.br\/es\/wp-json\/wp\/v2\/pages\/6884\/revisions\/11322"}],"wp:attachment":[{"href":"https:\/\/cervejaemalte.com.br\/es\/wp-json\/wp\/v2\/media?parent=6884"}],"curies":[{"name":"wp","href":"https:\/\/api.w.org\/{rel}","templated":true}]}}