{"id":4977,"date":"2021-07-15T10:44:24","date_gmt":"2021-07-15T13:44:24","guid":{"rendered":"https:\/\/cervejaemalte.com.br\/?page_id=4977"},"modified":"2024-05-13T01:16:14","modified_gmt":"2024-05-13T04:16:14","slug":"legislacao","status":"publish","type":"page","link":"https:\/\/cervejaemalte.com.br\/es\/legislacion\/","title":{"rendered":"Legislaci\u00f3n"},"content":{"rendered":"<div data-elementor-type=\"wp-page\" data-elementor-id=\"4977\" class=\"elementor elementor-4977\" data-elementor-post-type=\"page\">\n\t\t\t\t\t\t<section class=\"elementor-section elementor-top-section elementor-element elementor-element-806f0ff elementor-section-boxed elementor-section-height-default elementor-section-height-default\" data-id=\"806f0ff\" data-element_type=\"section\">\n\t\t\t\t\t\t<div class=\"elementor-container elementor-column-gap-default\">\n\t\t\t\t\t<div class=\"elementor-column elementor-col-100 elementor-top-column elementor-element elementor-element-6e9b224\" data-id=\"6e9b224\" data-element_type=\"column\">\n\t\t\t<div class=\"elementor-widget-wrap elementor-element-populated\">\n\t\t\t\t\t\t<div class=\"elementor-element elementor-element-b02a7c4 elementor-widget elementor-widget-heading\" data-id=\"b02a7c4\" data-element_type=\"widget\" data-widget_type=\"heading.default\">\n\t\t\t\t<div class=\"elementor-widget-container\">\n\t\t\t\t\t<h1 class=\"elementor-heading-title elementor-size-default\">autorizaciones y acreditaciones<\/h1>\t\t\t\t<\/div>\n\t\t\t\t<\/div>\n\t\t\t\t<div class=\"elementor-element elementor-element-f1ec9b9 elementor-widget elementor-widget-image\" data-id=\"f1ec9b9\" data-element_type=\"widget\" data-widget_type=\"image.default\">\n\t\t\t\t<div class=\"elementor-widget-container\">\n\t\t\t\t\t\t\t\t\t\t\t\t\t\t\t<img fetchpriority=\"high\" decoding=\"async\" width=\"1182\" height=\"300\" src=\"https:\/\/cervejaemalte.com.br\/wp-content\/uploads\/2021\/07\/Clip-Group_.png\" class=\"attachment-full size-full wp-image-4979\" alt=\"\" srcset=\"https:\/\/cervejaemalte.com.br\/wp-content\/uploads\/2021\/07\/Clip-Group_.png 1182w, https:\/\/cervejaemalte.com.br\/wp-content\/uploads\/2021\/07\/Clip-Group_-300x76.png 300w, https:\/\/cervejaemalte.com.br\/wp-content\/uploads\/2021\/07\/Clip-Group_-1024x260.png 1024w, https:\/\/cervejaemalte.com.br\/wp-content\/uploads\/2021\/07\/Clip-Group_-768x195.png 768w\" sizes=\"(max-width: 1182px) 100vw, 1182px\" \/>\t\t\t\t\t\t\t\t\t\t\t\t\t\t\t<\/div>\n\t\t\t\t<\/div>\n\t\t\t\t\t<\/div>\n\t\t<\/div>\n\t\t\t\t\t<\/div>\n\t\t<\/section>\n\t\t\t\t<section class=\"elementor-section elementor-top-section elementor-element elementor-element-281de3a elementor-section-boxed elementor-section-height-default elementor-section-height-default\" data-id=\"281de3a\" data-element_type=\"section\">\n\t\t\t\t\t\t<div class=\"elementor-container elementor-column-gap-default\">\n\t\t\t\t\t<div class=\"elementor-column elementor-col-50 elementor-top-column elementor-element elementor-element-91213f7\" data-id=\"91213f7\" data-element_type=\"column\">\n\t\t\t<div class=\"elementor-widget-wrap elementor-element-populated\">\n\t\t\t\t\t\t<div class=\"elementor-element elementor-element-02bbdb1 elementor-widget elementor-widget-heading\" data-id=\"02bbdb1\" data-element_type=\"widget\" data-widget_type=\"heading.default\">\n\t\t\t\t<div class=\"elementor-widget-container\">\n\t\t\t\t\t<h2 class=\"elementor-heading-title elementor-size-default\"><a href=\"https:\/\/cervejaemalte.com.br\/wp-content\/uploads\/2021\/08\/Regimento-da-IES.pdf\">\ud83d\udcc1 Normativa IES<\/a><\/h2>\t\t\t\t<\/div>\n\t\t\t\t<\/div>\n\t\t\t\t<div class=\"elementor-element elementor-element-8cb714f elementor-widget elementor-widget-heading\" data-id=\"8cb714f\" data-element_type=\"widget\" data-widget_type=\"heading.default\">\n\t\t\t\t<div class=\"elementor-widget-container\">\n\t\t\t\t\t<h2 class=\"elementor-heading-title elementor-size-default\"><a href=\"https:\/\/cervejaemalte.com.br\/wp-content\/uploads\/2021\/08\/Portaria-de-Credenciamento-para-Tecnico-em-Cervejaria.pdf\">\ud83d\udcc1 Ordenanza de acreditaci\u00f3n de t\u00e9cnico en cervecer\u00eda<\/a><\/h2>\t\t\t\t<\/div>\n\t\t\t\t<\/div>\n\t\t\t\t<div class=\"elementor-element elementor-element-850f966 elementor-widget elementor-widget-heading\" data-id=\"850f966\" data-element_type=\"widget\" data-widget_type=\"heading.default\">\n\t\t\t\t<div class=\"elementor-widget-container\">\n\t\t\t\t\t<h2 class=\"elementor-heading-title elementor-size-default\"><a href=\"https:\/\/cervejaemalte.com.br\/wp-content\/uploads\/2021\/08\/Portaria-MEC-no-446-de-07.05.2024-Recredencia-a-Faculdade-EPICA.pdf\">\ud83d\udcc1 Ordenanza de acreditaci\u00f3n de la ense\u00f1anza superior<\/a><\/h2>\t\t\t\t<\/div>\n\t\t\t\t<\/div>\n\t\t\t\t<div class=\"elementor-element elementor-element-3e6dc95 elementor-widget elementor-widget-heading\" data-id=\"3e6dc95\" data-element_type=\"widget\" data-widget_type=\"heading.default\">\n\t\t\t\t<div class=\"elementor-widget-container\">\n\t\t\t\t\t<h2 class=\"elementor-heading-title elementor-size-default\"><a href=\"https:\/\/cervejaemalte.com.br\/wp-content\/uploads\/2021\/08\/Portaria-de-Credenciamento-Engenharia-de-Producao-e-Mecanica.pdf\">\ud83d\udcc1 Ordenanza de acreditaci\u00f3n de la ingenier\u00eda de producci\u00f3n mec\u00e1nica<\/a><\/h2>\t\t\t\t<\/div>\n\t\t\t\t<\/div>\n\t\t\t\t<div class=\"elementor-element elementor-element-25f7532 elementor-widget elementor-widget-heading\" data-id=\"25f7532\" data-element_type=\"widget\" data-widget_type=\"heading.default\">\n\t\t\t\t<div class=\"elementor-widget-container\">\n\t\t\t\t\t<h2 class=\"elementor-heading-title elementor-size-default\"><a href=\"https:\/\/cervejaemalte.com.br\/wp-content\/uploads\/2021\/08\/CRQ-Curso-Tecnico-em-Cervejaria.pdf\">\ud83d\udcc1 CRQ - Curso t\u00e9cnico de cervecer\u00eda<\/a><\/h2>\t\t\t\t<\/div>\n\t\t\t\t<\/div>\n\t\t\t\t<div class=\"elementor-element elementor-element-59c25de elementor-widget elementor-widget-heading\" data-id=\"59c25de\" data-element_type=\"widget\" data-widget_type=\"heading.default\">\n\t\t\t\t<div class=\"elementor-widget-container\">\n\t\t\t\t\t<h2 class=\"elementor-heading-title elementor-size-default\"><a href=\"https:\/\/cervejaemalte.com.br\/wp-content\/uploads\/2021\/08\/CREA-Tecnico-em-Cervejaria.pdf\">\ud83d\udcc1 CREA - T\u00e9cnico cervecero<\/a><\/h2>\t\t\t\t<\/div>\n\t\t\t\t<\/div>\n\t\t\t\t<div class=\"elementor-element elementor-element-e4b6c74 elementor-widget elementor-widget-heading\" data-id=\"e4b6c74\" data-element_type=\"widget\" data-widget_type=\"heading.default\">\n\t\t\t\t<div class=\"elementor-widget-container\">\n\t\t\t\t\t<h2 class=\"elementor-heading-title elementor-size-default\"><a href=\"https:\/\/cervejaemalte.com.br\/wp-content\/uploads\/2021\/08\/CREA-Pos-Graduacao-em-Tecnologia-Cervejeira.pdf\">\ud83d\udcc1 CREA - Diploma de posgrado en tecnolog\u00eda cervecera<\/a><\/h2>\t\t\t\t<\/div>\n\t\t\t\t<\/div>\n\t\t\t\t\t<\/div>\n\t\t<\/div>\n\t\t\t\t<div class=\"elementor-column elementor-col-50 elementor-top-column elementor-element elementor-element-75253f1\" data-id=\"75253f1\" data-element_type=\"column\">\n\t\t\t<div class=\"elementor-widget-wrap elementor-element-populated\">\n\t\t\t\t\t\t<section class=\"elementor-section elementor-inner-section elementor-element elementor-element-cdf6b69 elementor-section-boxed elementor-section-height-default elementor-section-height-default\" data-id=\"cdf6b69\" data-element_type=\"section\" data-settings=\"{&quot;background_background&quot;:&quot;classic&quot;}\">\n\t\t\t\t\t\t<div class=\"elementor-container elementor-column-gap-default\">\n\t\t\t\t\t<div class=\"elementor-column elementor-col-100 elementor-inner-column elementor-element elementor-element-3289bd8\" data-id=\"3289bd8\" data-element_type=\"column\">\n\t\t\t<div class=\"elementor-widget-wrap elementor-element-populated\">\n\t\t\t\t\t\t<div class=\"elementor-element elementor-element-9531408 elementor-widget elementor-widget-image\" data-id=\"9531408\" data-element_type=\"widget\" data-widget_type=\"image.default\">\n\t\t\t\t<div class=\"elementor-widget-container\">\n\t\t\t\t\t\t\t\t\t\t\t\t\t\t\t<img decoding=\"async\" width=\"230\" height=\"87\" src=\"https:\/\/cervejaemalte.com.br\/wp-content\/uploads\/2021\/07\/8Y7ygC.tif.png\" class=\"attachment-large size-large wp-image-4980\" alt=\"\" \/>\t\t\t\t\t\t\t\t\t\t\t\t\t\t\t<\/div>\n\t\t\t\t<\/div>\n\t\t\t\t<div class=\"elementor-element elementor-element-34c1997 elementor-align-justify elementor-widget elementor-widget-button\" data-id=\"34c1997\" data-element_type=\"widget\" data-widget_type=\"button.default\">\n\t\t\t\t<div class=\"elementor-widget-container\">\n\t\t\t\t\t\t\t\t\t<div class=\"elementor-button-wrapper\">\n\t\t\t\t\t<a class=\"elementor-button elementor-button-link elementor-size-md\" href=\"https:\/\/www.faculdadeepica.com.br\/\" target=\"_blank\">\n\t\t\t\t\t\t<span class=\"elementor-button-content-wrapper\">\n\t\t\t\t\t\t<span class=\"elementor-button-icon\">\n\t\t\t\t<svg aria-hidden=\"true\" class=\"e-font-icon-svg e-fas-external-link-alt\" viewbox=\"0 0 512 512\" xmlns=\"http:\/\/www.w3.org\/2000\/svg\"><path d=\"M432,320H400a16,16,0,0,0-16,16V448H64V128H208a16,16,0,0,0,16-16V80a16,16,0,0,0-16-16H48A48,48,0,0,0,0,112V464a48,48,0,0,0,48,48H400a48,48,0,0,0,48-48V336A16,16,0,0,0,432,320ZM488,0h-128c-21.37,0-32.05,25.91-17,41l35.73,35.73L135,320.37a24,24,0,0,0,0,34L157.67,377a24,24,0,0,0,34,0L435.28,133.32,471,169c15,15,41,4.5,41-17V24A24,24,0,0,0,488,0Z\"><\/path><\/svg>\t\t\t<\/span>\n\t\t\t\t\t\t\t\t\t<span class=\"elementor-button-text\">acceder al portal<\/span>\n\t\t\t\t\t<\/span>\n\t\t\t\t\t<\/a>\n\t\t\t\t<\/div>\n\t\t\t\t\t\t\t\t<\/div>\n\t\t\t\t<\/div>\n\t\t\t\t\t<\/div>\n\t\t<\/div>\n\t\t\t\t\t<\/div>\n\t\t<\/section>\n\t\t\t\t<div class=\"elementor-element elementor-element-8e7e259 elementor-widget elementor-widget-image\" data-id=\"8e7e259\" data-element_type=\"widget\" data-widget_type=\"image.default\">\n\t\t\t\t<div class=\"elementor-widget-container\">\n\t\t\t\t\t\t\t\t\t\t\t\t\t\t\t<img decoding=\"async\" width=\"690\" height=\"454\" src=\"https:\/\/cervejaemalte.com.br\/wp-content\/uploads\/2022\/11\/QRCode-MEC.png\" class=\"attachment-large size-large wp-image-9434\" alt=\"\" srcset=\"https:\/\/cervejaemalte.com.br\/wp-content\/uploads\/2022\/11\/QRCode-MEC.png 690w, https:\/\/cervejaemalte.com.br\/wp-content\/uploads\/2022\/11\/QRCode-MEC-300x197.png 300w\" sizes=\"(max-width: 690px) 100vw, 690px\" \/>\t\t\t\t\t\t\t\t\t\t\t\t\t\t\t<\/div>\n\t\t\t\t<\/div>\n\t\t\t\t\t<\/div>\n\t\t<\/div>\n\t\t\t\t\t<\/div>\n\t\t<\/section>\n\t\t\t\t<\/div>","protected":false},"excerpt":{"rendered":"<p>autorizaciones y acreditaciones \ud83d\udcc1 Normativa de IES \ud83d\udcc1 Ordenanza de Acreditaci\u00f3n de T\u00e9cnico en Cervecer\u00eda \ud83d\udcc1 Ordenanza de Acreditaci\u00f3n de Ense\u00f1anza Superior \ud83d\udcc1 Ordenanza de Acreditaci\u00f3n de Ingenier\u00eda de Producci\u00f3n Mec\u00e1nica \ud83d\udcc1 CRQ - Curso de T\u00e9cnico en Cervecer\u00eda \ud83d\udcc1 CREA - T\u00e9cnico en Cervecer\u00eda \ud83d\udcc1 CREA - Diploma de Postgrado en Tecnolog\u00eda Cervecera acceder al portal<\/p>","protected":false},"author":1,"featured_media":0,"parent":0,"menu_order":0,"comment_status":"closed","ping_status":"closed","template":"","meta":{"footnotes":""},"class_list":["post-4977","page","type-page","status-publish","hentry"],"yoast_head":"<!-- This site is optimized with the Yoast SEO plugin v26.0 - https:\/\/yoast.com\/wordpress\/plugins\/seo\/ -->\n<title>Legisla\u00e7\u00e3o - Cerveja e Malte<\/title>\n<meta name=\"robots\" content=\"index, follow, max-snippet:-1, max-image-preview:large, max-video-preview:-1\" \/>\n<link rel=\"canonical\" href=\"https:\/\/cervejaemalte.com.br\/es\/legislacion\/\" \/>\n<meta property=\"og:locale\" content=\"es_ES\" \/>\n<meta property=\"og:type\" content=\"article\" \/>\n<meta property=\"og:title\" content=\"Legisla\u00e7\u00e3o - Cerveja e Malte\" \/>\n<meta property=\"og:description\" content=\"autoriza\u00e7\u00f5es e credenciamento \ud83d\udcc1 Regimento da IES \ud83d\udcc1 Portaria de Credenciamento para T\u00e9cnico em Cervejaria \ud83d\udcc1 Portaria de Credenciamento para Ensino Superior \ud83d\udcc1 Portaria de Credenciamento para Engenharia de Produ\u00e7\u00e3o Mec\u00e2nica \ud83d\udcc1 CRQ &#8211; Curso T\u00e9cnico em Cervejaria \ud83d\udcc1 CREA &#8211; T\u00e9cnico em Cervejaria \ud83d\udcc1 CREA &#8211; P\u00f3s-Gradua\u00e7\u00e3o em Tecnologia Cervejeira acesse o portal\" \/>\n<meta property=\"og:url\" content=\"https:\/\/cervejaemalte.com.br\/es\/legislacion\/\" \/>\n<meta property=\"og:site_name\" content=\"Cerveja e Malte\" \/>\n<meta property=\"article:modified_time\" content=\"2024-05-13T04:16:14+00:00\" \/>\n<meta property=\"og:image\" content=\"https:\/\/cervejaemalte.com.br\/wp-content\/uploads\/2021\/07\/Clip-Group_.png\" \/>\n<meta name=\"twitter:card\" content=\"summary_large_image\" \/>\n<meta name=\"twitter:label1\" content=\"Tiempo de lectura\" \/>\n\t<meta name=\"twitter:data1\" content=\"1 minuto\" \/>\n<script type=\"application\/ld+json\" class=\"yoast-schema-graph\">{\"@context\":\"https:\/\/schema.org\",\"@graph\":[{\"@type\":\"WebPage\",\"@id\":\"https:\/\/cervejaemalte.com.br\/legislacao\/\",\"url\":\"https:\/\/cervejaemalte.com.br\/legislacao\/\",\"name\":\"Legisla\u00e7\u00e3o - Cerveja e Malte\",\"isPartOf\":{\"@id\":\"https:\/\/cervejaemalte.com.br\/#website\"},\"primaryImageOfPage\":{\"@id\":\"https:\/\/cervejaemalte.com.br\/legislacao\/#primaryimage\"},\"image\":{\"@id\":\"https:\/\/cervejaemalte.com.br\/legislacao\/#primaryimage\"},\"thumbnailUrl\":\"https:\/\/cervejaemalte.com.br\/wp-content\/uploads\/2021\/07\/Clip-Group_.png\",\"datePublished\":\"2021-07-15T13:44:24+00:00\",\"dateModified\":\"2024-05-13T04:16:14+00:00\",\"breadcrumb\":{\"@id\":\"https:\/\/cervejaemalte.com.br\/legislacao\/#breadcrumb\"},\"inLanguage\":\"es\",\"potentialAction\":[{\"@type\":\"ReadAction\",\"target\":[\"https:\/\/cervejaemalte.com.br\/legislacao\/\"]}]},{\"@type\":\"ImageObject\",\"inLanguage\":\"es\",\"@id\":\"https:\/\/cervejaemalte.com.br\/legislacao\/#primaryimage\",\"url\":\"https:\/\/cervejaemalte.com.br\/wp-content\/uploads\/2021\/07\/Clip-Group_.png\",\"contentUrl\":\"https:\/\/cervejaemalte.com.br\/wp-content\/uploads\/2021\/07\/Clip-Group_.png\"},{\"@type\":\"BreadcrumbList\",\"@id\":\"https:\/\/cervejaemalte.com.br\/legislacao\/#breadcrumb\",\"itemListElement\":[{\"@type\":\"ListItem\",\"position\":1,\"name\":\"In\u00edcio\",\"item\":\"https:\/\/cervejaemalte.com.br\/\"},{\"@type\":\"ListItem\",\"position\":2,\"name\":\"Legisla\u00e7\u00e3o\"}]},{\"@type\":\"WebSite\",\"@id\":\"https:\/\/cervejaemalte.com.br\/#website\",\"url\":\"https:\/\/cervejaemalte.com.br\/\",\"name\":\"Cerveja e Malte\",\"description\":\"\",\"potentialAction\":[{\"@type\":\"SearchAction\",\"target\":{\"@type\":\"EntryPoint\",\"urlTemplate\":\"https:\/\/cervejaemalte.com.br\/?s={search_term_string}\"},\"query-input\":{\"@type\":\"PropertyValueSpecification\",\"valueRequired\":true,\"valueName\":\"search_term_string\"}}],\"inLanguage\":\"es\"}]}<\/script>\n<!-- \/ Yoast SEO plugin. -->","yoast_head_json":{"title":"Legisla\u00e7\u00e3o - Cerveja e Malte","robots":{"index":"index","follow":"follow","max-snippet":"max-snippet:-1","max-image-preview":"max-image-preview:large","max-video-preview":"max-video-preview:-1"},"canonical":"https:\/\/cervejaemalte.com.br\/es\/legislacion\/","og_locale":"es_ES","og_type":"article","og_title":"Legisla\u00e7\u00e3o - Cerveja e Malte","og_description":"autoriza\u00e7\u00f5es e credenciamento \ud83d\udcc1 Regimento da IES \ud83d\udcc1 Portaria de Credenciamento para T\u00e9cnico em Cervejaria \ud83d\udcc1 Portaria de Credenciamento para Ensino Superior \ud83d\udcc1 Portaria de Credenciamento para Engenharia de Produ\u00e7\u00e3o Mec\u00e2nica \ud83d\udcc1 CRQ &#8211; Curso T\u00e9cnico em Cervejaria \ud83d\udcc1 CREA &#8211; T\u00e9cnico em Cervejaria \ud83d\udcc1 CREA &#8211; P\u00f3s-Gradua\u00e7\u00e3o em Tecnologia Cervejeira acesse o portal","og_url":"https:\/\/cervejaemalte.com.br\/es\/legislacion\/","og_site_name":"Cerveja e Malte","article_modified_time":"2024-05-13T04:16:14+00:00","og_image":[{"url":"https:\/\/cervejaemalte.com.br\/wp-content\/uploads\/2021\/07\/Clip-Group_.png","type":"","width":"","height":""}],"twitter_card":"summary_large_image","twitter_misc":{"Tiempo de lectura":"1 minuto"},"schema":{"@context":"https:\/\/schema.org","@graph":[{"@type":"WebPage","@id":"https:\/\/cervejaemalte.com.br\/legislacao\/","url":"https:\/\/cervejaemalte.com.br\/legislacao\/","name":"Legisla\u00e7\u00e3o - Cerveja e Malte","isPartOf":{"@id":"https:\/\/cervejaemalte.com.br\/#website"},"primaryImageOfPage":{"@id":"https:\/\/cervejaemalte.com.br\/legislacao\/#primaryimage"},"image":{"@id":"https:\/\/cervejaemalte.com.br\/legislacao\/#primaryimage"},"thumbnailUrl":"https:\/\/cervejaemalte.com.br\/wp-content\/uploads\/2021\/07\/Clip-Group_.png","datePublished":"2021-07-15T13:44:24+00:00","dateModified":"2024-05-13T04:16:14+00:00","breadcrumb":{"@id":"https:\/\/cervejaemalte.com.br\/legislacao\/#breadcrumb"},"inLanguage":"es","potentialAction":[{"@type":"ReadAction","target":["https:\/\/cervejaemalte.com.br\/legislacao\/"]}]},{"@type":"ImageObject","inLanguage":"es","@id":"https:\/\/cervejaemalte.com.br\/legislacao\/#primaryimage","url":"https:\/\/cervejaemalte.com.br\/wp-content\/uploads\/2021\/07\/Clip-Group_.png","contentUrl":"https:\/\/cervejaemalte.com.br\/wp-content\/uploads\/2021\/07\/Clip-Group_.png"},{"@type":"BreadcrumbList","@id":"https:\/\/cervejaemalte.com.br\/legislacao\/#breadcrumb","itemListElement":[{"@type":"ListItem","position":1,"name":"In\u00edcio","item":"https:\/\/cervejaemalte.com.br\/"},{"@type":"ListItem","position":2,"name":"Legisla\u00e7\u00e3o"}]},{"@type":"WebSite","@id":"https:\/\/cervejaemalte.com.br\/#website","url":"https:\/\/cervejaemalte.com.br\/","name":"Cerveja e Malte","description":"","potentialAction":[{"@type":"SearchAction","target":{"@type":"EntryPoint","urlTemplate":"https:\/\/cervejaemalte.com.br\/?s={search_term_string}"},"query-input":{"@type":"PropertyValueSpecification","valueRequired":true,"valueName":"search_term_string"}}],"inLanguage":"es"}]}},"_links":{"self":[{"href":"https:\/\/cervejaemalte.com.br\/es\/wp-json\/wp\/v2\/pages\/4977","targetHints":{"allow":["GET"]}}],"collection":[{"href":"https:\/\/cervejaemalte.com.br\/es\/wp-json\/wp\/v2\/pages"}],"about":[{"href":"https:\/\/cervejaemalte.com.br\/es\/wp-json\/wp\/v2\/types\/page"}],"author":[{"embeddable":true,"href":"https:\/\/cervejaemalte.com.br\/es\/wp-json\/wp\/v2\/users\/1"}],"replies":[{"embeddable":true,"href":"https:\/\/cervejaemalte.com.br\/es\/wp-json\/wp\/v2\/comments?post=4977"}],"version-history":[{"count":28,"href":"https:\/\/cervejaemalte.com.br\/es\/wp-json\/wp\/v2\/pages\/4977\/revisions"}],"predecessor-version":[{"id":12553,"href":"https:\/\/cervejaemalte.com.br\/es\/wp-json\/wp\/v2\/pages\/4977\/revisions\/12553"}],"wp:attachment":[{"href":"https:\/\/cervejaemalte.com.br\/es\/wp-json\/wp\/v2\/media?parent=4977"}],"curies":[{"name":"wp","href":"https:\/\/api.w.org\/{rel}","templated":true}]}}