{"id":227,"date":"2021-02-28T22:16:28","date_gmt":"2021-03-01T01:16:28","guid":{"rendered":"https:\/\/www.cervejaemalte.com.br\/blog2021\/?page_id=227"},"modified":"2022-07-08T12:53:22","modified_gmt":"2022-07-08T15:53:22","slug":"blog","status":"publish","type":"page","link":"https:\/\/cervejaemalte.com.br\/es\/blog\/","title":{"rendered":"Blog"},"content":{"rendered":"<div data-elementor-type=\"wp-page\" data-elementor-id=\"227\" class=\"elementor elementor-227\" data-elementor-post-type=\"page\">\n\t\t\t\t\t\t<section class=\"elementor-section elementor-top-section elementor-element elementor-element-1dbef6b7 elementor-section-boxed elementor-section-height-default elementor-section-height-default\" data-id=\"1dbef6b7\" data-element_type=\"section\" data-settings=\"{&quot;background_background&quot;:&quot;classic&quot;}\">\n\t\t\t\t\t\t<div class=\"elementor-container elementor-column-gap-default\">\n\t\t\t\t\t<div class=\"elementor-column elementor-col-50 elementor-top-column elementor-element elementor-element-706e212f\" data-id=\"706e212f\" data-element_type=\"column\">\n\t\t\t<div class=\"elementor-widget-wrap elementor-element-populated\">\n\t\t\t\t\t\t<div class=\"elementor-element elementor-element-a3e1da7 elementor-widget elementor-widget-heading\" data-id=\"a3e1da7\" data-element_type=\"widget\" data-widget_type=\"heading.default\">\n\t\t\t\t<div class=\"elementor-widget-container\">\n\t\t\t\t\t<h1 class=\"elementor-heading-title elementor-size-default\">Blog de Brewer - ESCM<\/h1>\t\t\t\t<\/div>\n\t\t\t\t<\/div>\n\t\t\t\t\t<\/div>\n\t\t<\/div>\n\t\t\t\t<div class=\"elementor-column elementor-col-50 elementor-top-column elementor-element elementor-element-dd09eb2\" data-id=\"dd09eb2\" data-element_type=\"column\">\n\t\t\t<div class=\"elementor-widget-wrap elementor-element-populated\">\n\t\t\t\t\t\t<div class=\"elementor-element elementor-element-60fb997 elementor-search-form--skin-minimal elementor-widget elementor-widget-search-form\" data-id=\"60fb997\" data-element_type=\"widget\" data-settings=\"{&quot;skin&quot;:&quot;minimal&quot;}\" data-widget_type=\"search-form.default\">\n\t\t\t\t<div class=\"elementor-widget-container\">\n\t\t\t\t\t\t\t<search role=\"search\">\n\t\t\t<form class=\"elementor-search-form\" action=\"https:\/\/cervejaemalte.com.br\/es\/\" method=\"get\" data-trp-original-action=\"https:\/\/cervejaemalte.com.br\/es\">\n\t\t\t\t\t\t\t\t\t\t\t\t<div class=\"elementor-search-form__container\">\n\t\t\t\t\t<label class=\"elementor-screen-only\" for=\"elementor-search-form-60fb997\">Buscar en<\/label>\n\n\t\t\t\t\t\t\t\t\t\t\t<div class=\"elementor-search-form__icon\">\n\t\t\t\t\t\t\t<div class=\"e-font-icon-svg-container\"><svg aria-hidden=\"true\" class=\"e-font-icon-svg e-fas-search\" viewbox=\"0 0 512 512\" xmlns=\"http:\/\/www.w3.org\/2000\/svg\"><path d=\"M505 442.7L405.3 343c-4.5-4.5-10.6-7-17-7H372c27.6-35.3 44-79.7 44-128C416 93.1 322.9 0 208 0S0 93.1 0 208s93.1 208 208 208c48.3 0 92.7-16.4 128-44v16.3c0 6.4 2.5 12.5 7 17l99.7 99.7c9.4 9.4 24.6 9.4 33.9 0l28.3-28.3c9.4-9.4 9.4-24.6.1-34zM208 336c-70.7 0-128-57.2-128-128 0-70.7 57.2-128 128-128 70.7 0 128 57.2 128 128 0 70.7-57.2 128-128 128z\"><\/path><\/svg><\/div>\t\t\t\t\t\t\t<span class=\"elementor-screen-only\">Buscar en<\/span>\n\t\t\t\t\t\t<\/div>\n\t\t\t\t\t\n\t\t\t\t\t<input id=\"elementor-search-form-60fb997\" placeholder=\"Buscar...\" class=\"elementor-search-form__input\" type=\"search\" name=\"s\" value=\"\">\n\t\t\t\t\t\n\t\t\t\t\t\n\t\t\t\t\t\t\t\t\t<\/div>\n\t\t\t<input type=\"hidden\" name=\"trp-form-language\" value=\"es\"\/><\/form>\n\t\t<\/search>\n\t\t\t\t\t\t<\/div>\n\t\t\t\t<\/div>\n\t\t\t\t\t<\/div>\n\t\t<\/div>\n\t\t\t\t\t<\/div>\n\t\t<\/section>\n\t\t\t\t<section class=\"elementor-section elementor-top-section elementor-element elementor-element-c7500ce elementor-section-boxed elementor-section-height-default elementor-section-height-default\" data-id=\"c7500ce\" data-element_type=\"section\">\n\t\t\t\t\t\t<div class=\"elementor-container elementor-column-gap-default\">\n\t\t\t\t\t<div class=\"elementor-column elementor-col-100 elementor-top-column elementor-element elementor-element-46984612\" data-id=\"46984612\" data-element_type=\"column\">\n\t\t\t<div class=\"elementor-widget-wrap elementor-element-populated\">\n\t\t\t\t\t\t<div class=\"elementor-element elementor-element-5adfc596 elementor-grid-3 elementor-grid-tablet-2 elementor-grid-mobile-1 elementor-posts--thumbnail-top load-more-align-center elementor-widget elementor-widget-posts\" data-id=\"5adfc596\" data-element_type=\"widget\" data-settings=\"{&quot;pagination_type&quot;:&quot;load_more_on_click&quot;,&quot;classic_columns&quot;:&quot;3&quot;,&quot;classic_columns_tablet&quot;:&quot;2&quot;,&quot;classic_columns_mobile&quot;:&quot;1&quot;,&quot;classic_row_gap&quot;:{&quot;unit&quot;:&quot;px&quot;,&quot;size&quot;:35,&quot;sizes&quot;:[]},&quot;classic_row_gap_tablet&quot;:{&quot;unit&quot;:&quot;px&quot;,&quot;size&quot;:&quot;&quot;,&quot;sizes&quot;:[]},&quot;classic_row_gap_mobile&quot;:{&quot;unit&quot;:&quot;px&quot;,&quot;size&quot;:&quot;&quot;,&quot;sizes&quot;:[]},&quot;load_more_spinner&quot;:{&quot;value&quot;:&quot;fas fa-spinner&quot;,&quot;library&quot;:&quot;fa-solid&quot;}}\" data-widget_type=\"posts.classic\">\n\t\t\t\t<div class=\"elementor-widget-container\">\n\t\t\t\t\t\t\t<div class=\"elementor-posts-container elementor-posts elementor-posts--skin-classic elementor-grid\" role=\"list\">\n\t\t\t\t<article class=\"elementor-post elementor-grid-item post-14689 post type-post status-publish format-standard has-post-thumbnail hentry category-destaques category-escm category-producao-de-cerveja tag-analise-de-lupulo tag-controle-de-qualidade-de-lupulo tag-escola-superior-de-cerveja-e-malte\" role=\"listitem\">\n\t\t\t\t<a class=\"elementor-post__thumbnail__link\" href=\"https:\/\/cervejaemalte.com.br\/es\/blog\/analise-e-controle-de-qualidade-do-lupulo-da-certificacao-ao-laboratorio-da-cervejaria\/\" tabindex=\"-1\" >\n\t\t\t<div class=\"elementor-post__thumbnail\"><img fetchpriority=\"high\" decoding=\"async\" width=\"1536\" height=\"1024\" src=\"https:\/\/cervejaemalte.com.br\/wp-content\/uploads\/2026\/05\/artigo-9-laboratorio-lupulo.png\" class=\"attachment-full size-full wp-image-14749\" alt=\"\" srcset=\"https:\/\/cervejaemalte.com.br\/wp-content\/uploads\/2026\/05\/artigo-9-laboratorio-lupulo.png 1536w, https:\/\/cervejaemalte.com.br\/wp-content\/uploads\/2026\/05\/artigo-9-laboratorio-lupulo-300x200.png 300w, https:\/\/cervejaemalte.com.br\/wp-content\/uploads\/2026\/05\/artigo-9-laboratorio-lupulo-1024x683.png 1024w, https:\/\/cervejaemalte.com.br\/wp-content\/uploads\/2026\/05\/artigo-9-laboratorio-lupulo-768x512.png 768w, https:\/\/cervejaemalte.com.br\/wp-content\/uploads\/2026\/05\/artigo-9-laboratorio-lupulo-18x12.png 18w\" sizes=\"(max-width: 1536px) 100vw, 1536px\" \/><\/div>\n\t\t<\/a>\n\t\t\t\t<div class=\"elementor-post__text\">\n\t\t\t\t<h2 class=\"elementor-post__title\">\n\t\t\t<a href=\"https:\/\/cervejaemalte.com.br\/es\/blog\/analise-e-controle-de-qualidade-do-lupulo-da-certificacao-ao-laboratorio-da-cervejaria\/\" >\n\t\t\t\tAn\u00e1lise e Controle de Qualidade do L\u00fapulo: Da Certifica\u00e7\u00e3o ao Laborat\u00f3rio da Cervejaria\t\t\t<\/a>\n\t\t<\/h2>\n\t\t\t\t<div class=\"elementor-post__meta-data\">\n\t\t\t\t\t<span class=\"elementor-post-date\">\n\t\t\t7 de mayo de 2026\t\t<\/span>\n\t\t\t\t<\/div>\n\t\t\t\t<\/div>\n\t\t\t\t<\/article>\n\t\t\t\t<article class=\"elementor-post elementor-grid-item post-14688 post type-post status-publish format-standard has-post-thumbnail hentry category-destaques category-escm tag-escola-superior-de-cerveja-e-malte tag-mestre-cervejeiro tag-tecnico-em-cervejaria\" role=\"listitem\">\n\t\t\t\t<a class=\"elementor-post__thumbnail__link\" href=\"https:\/\/cervejaemalte.com.br\/es\/blog\/guia-pratico-diferenca-entre-o-curso-de-tecnologia-cervejeira-e-o-curso-de-mestre-cervejeiro-da-escm\/\" tabindex=\"-1\" >\n\t\t\t<div class=\"elementor-post__thumbnail\"><img decoding=\"async\" width=\"1536\" height=\"1024\" src=\"https:\/\/cervejaemalte.com.br\/wp-content\/uploads\/2025\/12\/artigo-8-diferenca-tec-e-tcv.png\" class=\"attachment-full size-full wp-image-14745\" alt=\"\" srcset=\"https:\/\/cervejaemalte.com.br\/wp-content\/uploads\/2025\/12\/artigo-8-diferenca-tec-e-tcv.png 1536w, https:\/\/cervejaemalte.com.br\/wp-content\/uploads\/2025\/12\/artigo-8-diferenca-tec-e-tcv-300x200.png 300w, https:\/\/cervejaemalte.com.br\/wp-content\/uploads\/2025\/12\/artigo-8-diferenca-tec-e-tcv-1024x683.png 1024w, https:\/\/cervejaemalte.com.br\/wp-content\/uploads\/2025\/12\/artigo-8-diferenca-tec-e-tcv-768x512.png 768w, https:\/\/cervejaemalte.com.br\/wp-content\/uploads\/2025\/12\/artigo-8-diferenca-tec-e-tcv-18x12.png 18w\" sizes=\"(max-width: 1536px) 100vw, 1536px\" \/><\/div>\n\t\t<\/a>\n\t\t\t\t<div class=\"elementor-post__text\">\n\t\t\t\t<h2 class=\"elementor-post__title\">\n\t\t\t<a href=\"https:\/\/cervejaemalte.com.br\/es\/blog\/guia-pratico-diferenca-entre-o-curso-de-tecnologia-cervejeira-e-o-curso-de-mestre-cervejeiro-da-escm\/\" >\n\t\t\t\tGuia Pr\u00e1tico: Diferen\u00e7a entre o Curso de Tecnologia Cervejeira e o Curso de Mestre Cervejeiro da ESCM\t\t\t<\/a>\n\t\t<\/h2>\n\t\t\t\t<div class=\"elementor-post__meta-data\">\n\t\t\t\t\t<span class=\"elementor-post-date\">\n\t\t\t23 de abril de 2026\t\t<\/span>\n\t\t\t\t<\/div>\n\t\t\t\t<\/div>\n\t\t\t\t<\/article>\n\t\t\t\t<article class=\"elementor-post elementor-grid-item post-14686 post type-post status-publish format-standard has-post-thumbnail hentry category-destaques category-escm category-sommelier-de-cervejas tag-escola-superior-de-cerveja-e-malte tag-escolas-cervejeiras tag-sommelier-de-cerveja tag-sommelieria-de-cerveja\" role=\"listitem\">\n\t\t\t\t<a class=\"elementor-post__thumbnail__link\" href=\"https:\/\/cervejaemalte.com.br\/es\/blog\/estilos-cervejeiro-classicos-sem-enrolacao-como-diferenciar-escolas-alema-inglesa-belga-e-americana\/\" tabindex=\"-1\" >\n\t\t\t<div class=\"elementor-post__thumbnail\"><img decoding=\"async\" width=\"2560\" height=\"1440\" src=\"https:\/\/cervejaemalte.com.br\/wp-content\/uploads\/2026\/04\/artigo-7-escolas-cervejeiras.jpg\" class=\"attachment-full size-full wp-image-14737\" alt=\"\" srcset=\"https:\/\/cervejaemalte.com.br\/wp-content\/uploads\/2026\/04\/artigo-7-escolas-cervejeiras.jpg 2560w, https:\/\/cervejaemalte.com.br\/wp-content\/uploads\/2026\/04\/artigo-7-escolas-cervejeiras-300x169.jpg 300w, https:\/\/cervejaemalte.com.br\/wp-content\/uploads\/2026\/04\/artigo-7-escolas-cervejeiras-1024x576.jpg 1024w, https:\/\/cervejaemalte.com.br\/wp-content\/uploads\/2026\/04\/artigo-7-escolas-cervejeiras-768x432.jpg 768w, https:\/\/cervejaemalte.com.br\/wp-content\/uploads\/2026\/04\/artigo-7-escolas-cervejeiras-1536x864.jpg 1536w, https:\/\/cervejaemalte.com.br\/wp-content\/uploads\/2026\/04\/artigo-7-escolas-cervejeiras-2048x1152.jpg 2048w, https:\/\/cervejaemalte.com.br\/wp-content\/uploads\/2026\/04\/artigo-7-escolas-cervejeiras-18x10.jpg 18w\" sizes=\"(max-width: 2560px) 100vw, 2560px\" \/><\/div>\n\t\t<\/a>\n\t\t\t\t<div class=\"elementor-post__text\">\n\t\t\t\t<h2 class=\"elementor-post__title\">\n\t\t\t<a href=\"https:\/\/cervejaemalte.com.br\/es\/blog\/estilos-cervejeiro-classicos-sem-enrolacao-como-diferenciar-escolas-alema-inglesa-belga-e-americana\/\" >\n\t\t\t\tEstilos Cervejeiro Cl\u00e1ssicos Sem Enrola\u00e7\u00e3o: Como Diferenciar Escolas Alem\u00e3, Inglesa, Belga e Americana\t\t\t<\/a>\n\t\t<\/h2>\n\t\t\t\t<div class=\"elementor-post__meta-data\">\n\t\t\t\t\t<span class=\"elementor-post-date\">\n\t\t\t9 de abril de 2026\t\t<\/span>\n\t\t\t\t<\/div>\n\t\t\t\t<\/div>\n\t\t\t\t<\/article>\n\t\t\t\t<article class=\"elementor-post elementor-grid-item post-14684 post type-post status-publish format-standard has-post-thumbnail hentry category-destaques category-escm category-producao-de-cerveja tag-cerveja tag-escola-superior-de-cerveja-e-malte\" role=\"listitem\">\n\t\t\t\t<a class=\"elementor-post__thumbnail__link\" href=\"https:\/\/cervejaemalte.com.br\/es\/blog\/como-ler-um-relatorio-de-agua-cervejeira\/\" tabindex=\"-1\" >\n\t\t\t<div class=\"elementor-post__thumbnail\"><img loading=\"lazy\" decoding=\"async\" width=\"1344\" height=\"768\" src=\"https:\/\/cervejaemalte.com.br\/wp-content\/uploads\/2026\/03\/artigo-6-relatorio-de-agua-cervejeira.png\" class=\"attachment-full size-full wp-image-14726\" alt=\"\" srcset=\"https:\/\/cervejaemalte.com.br\/wp-content\/uploads\/2026\/03\/artigo-6-relatorio-de-agua-cervejeira.png 1344w, https:\/\/cervejaemalte.com.br\/wp-content\/uploads\/2026\/03\/artigo-6-relatorio-de-agua-cervejeira-300x171.png 300w, https:\/\/cervejaemalte.com.br\/wp-content\/uploads\/2026\/03\/artigo-6-relatorio-de-agua-cervejeira-1024x585.png 1024w, https:\/\/cervejaemalte.com.br\/wp-content\/uploads\/2026\/03\/artigo-6-relatorio-de-agua-cervejeira-768x439.png 768w, https:\/\/cervejaemalte.com.br\/wp-content\/uploads\/2026\/03\/artigo-6-relatorio-de-agua-cervejeira-18x10.png 18w\" sizes=\"(max-width: 1344px) 100vw, 1344px\" \/><\/div>\n\t\t<\/a>\n\t\t\t\t<div class=\"elementor-post__text\">\n\t\t\t\t<h2 class=\"elementor-post__title\">\n\t\t\t<a href=\"https:\/\/cervejaemalte.com.br\/es\/blog\/como-ler-um-relatorio-de-agua-cervejeira\/\" >\n\t\t\t\tComo Ler um Relat\u00f3rio de \u00c1gua Cervejeira\u00a0\t\t\t<\/a>\n\t\t<\/h2>\n\t\t\t\t<div class=\"elementor-post__meta-data\">\n\t\t\t\t\t<span class=\"elementor-post-date\">\n\t\t\t26 de marzo de 2026\t\t<\/span>\n\t\t\t\t<\/div>\n\t\t\t\t<\/div>\n\t\t\t\t<\/article>\n\t\t\t\t<article class=\"elementor-post elementor-grid-item post-14682 post type-post status-publish format-standard has-post-thumbnail hentry category-destaques category-escm category-producao-de-cerveja tag-cervejeiro-profissional tag-escm tag-mestre-cervejeiro tag-producao-de-cerveja-2\" role=\"listitem\">\n\t\t\t\t<a class=\"elementor-post__thumbnail__link\" href=\"https:\/\/cervejaemalte.com.br\/es\/blog\/como-virar-mestre-cervejeiro-7-passos-para-escalar-a-carreira-cervejeira\/\" tabindex=\"-1\" >\n\t\t\t<div class=\"elementor-post__thumbnail\"><img loading=\"lazy\" decoding=\"async\" width=\"1536\" height=\"1024\" src=\"https:\/\/cervejaemalte.com.br\/wp-content\/uploads\/2026\/03\/artigo-5-como-se-tornar-mestre-cervjeiro.png\" class=\"attachment-full size-full wp-image-14719\" alt=\"\" srcset=\"https:\/\/cervejaemalte.com.br\/wp-content\/uploads\/2026\/03\/artigo-5-como-se-tornar-mestre-cervjeiro.png 1536w, https:\/\/cervejaemalte.com.br\/wp-content\/uploads\/2026\/03\/artigo-5-como-se-tornar-mestre-cervjeiro-300x200.png 300w, https:\/\/cervejaemalte.com.br\/wp-content\/uploads\/2026\/03\/artigo-5-como-se-tornar-mestre-cervjeiro-1024x683.png 1024w, https:\/\/cervejaemalte.com.br\/wp-content\/uploads\/2026\/03\/artigo-5-como-se-tornar-mestre-cervjeiro-768x512.png 768w, https:\/\/cervejaemalte.com.br\/wp-content\/uploads\/2026\/03\/artigo-5-como-se-tornar-mestre-cervjeiro-18x12.png 18w\" sizes=\"(max-width: 1536px) 100vw, 1536px\" \/><\/div>\n\t\t<\/a>\n\t\t\t\t<div class=\"elementor-post__text\">\n\t\t\t\t<h2 class=\"elementor-post__title\">\n\t\t\t<a href=\"https:\/\/cervejaemalte.com.br\/es\/blog\/como-virar-mestre-cervejeiro-7-passos-para-escalar-a-carreira-cervejeira\/\" >\n\t\t\t\tComo virar Mestre Cervejeiro: 7 passos para escalar a carreira cervejeira\t\t\t<\/a>\n\t\t<\/h2>\n\t\t\t\t<div class=\"elementor-post__meta-data\">\n\t\t\t\t\t<span class=\"elementor-post-date\">\n\t\t\t19 de marzo de 2026\t\t<\/span>\n\t\t\t\t<\/div>\n\t\t\t\t<\/div>\n\t\t\t\t<\/article>\n\t\t\t\t<article class=\"elementor-post elementor-grid-item post-14680 post type-post status-publish format-standard has-post-thumbnail hentry category-cerveja-caseira category-destaques category-escm tag-cerveja-artesanal tag-cerveja-em-casa tag-escm tag-producao-de-cerveja-2\" role=\"listitem\">\n\t\t\t\t<a class=\"elementor-post__thumbnail__link\" href=\"https:\/\/cervejaemalte.com.br\/es\/blog\/como-fazer-cerveja-caseira-com-qualidade-5-erros-que-voce-nao-pode-cometer\/\" tabindex=\"-1\" >\n\t\t\t<div class=\"elementor-post__thumbnail\"><img loading=\"lazy\" decoding=\"async\" width=\"1820\" height=\"1024\" src=\"https:\/\/cervejaemalte.com.br\/wp-content\/uploads\/2026\/02\/artigo-4-erros-cerveja-caseria.webp\" class=\"attachment-full size-full wp-image-14717\" alt=\"\" srcset=\"https:\/\/cervejaemalte.com.br\/wp-content\/uploads\/2026\/02\/artigo-4-erros-cerveja-caseria.webp 1820w, https:\/\/cervejaemalte.com.br\/wp-content\/uploads\/2026\/02\/artigo-4-erros-cerveja-caseria-300x169.webp 300w, https:\/\/cervejaemalte.com.br\/wp-content\/uploads\/2026\/02\/artigo-4-erros-cerveja-caseria-1024x576.webp 1024w, https:\/\/cervejaemalte.com.br\/wp-content\/uploads\/2026\/02\/artigo-4-erros-cerveja-caseria-768x432.webp 768w, https:\/\/cervejaemalte.com.br\/wp-content\/uploads\/2026\/02\/artigo-4-erros-cerveja-caseria-1536x864.webp 1536w, https:\/\/cervejaemalte.com.br\/wp-content\/uploads\/2026\/02\/artigo-4-erros-cerveja-caseria-18x10.webp 18w\" sizes=\"(max-width: 1820px) 100vw, 1820px\" \/><\/div>\n\t\t<\/a>\n\t\t\t\t<div class=\"elementor-post__text\">\n\t\t\t\t<h2 class=\"elementor-post__title\">\n\t\t\t<a href=\"https:\/\/cervejaemalte.com.br\/es\/blog\/como-fazer-cerveja-caseira-com-qualidade-5-erros-que-voce-nao-pode-cometer\/\" >\n\t\t\t\tComo fazer cerveja caseira com qualidade: 5 erros que voc\u00ea n\u00e3o pode cometer\t\t\t<\/a>\n\t\t<\/h2>\n\t\t\t\t<div class=\"elementor-post__meta-data\">\n\t\t\t\t\t<span class=\"elementor-post-date\">\n\t\t\t26 de febrero de 2026\t\t<\/span>\n\t\t\t\t<\/div>\n\t\t\t\t<\/div>\n\t\t\t\t<\/article>\n\t\t\t\t<\/div>\n\t\t\t\t\t<span class=\"e-load-more-spinner\">\n\t\t\t\t<svg aria-hidden=\"true\" class=\"e-font-icon-svg e-fas-spinner\" viewbox=\"0 0 512 512\" xmlns=\"http:\/\/www.w3.org\/2000\/svg\"><path d=\"M304 48c0 26.51-21.49 48-48 48s-48-21.49-48-48 21.49-48 48-48 48 21.49 48 48zm-48 368c-26.51 0-48 21.49-48 48s21.49 48 48 48 48-21.49 48-48-21.49-48-48-48zm208-208c-26.51 0-48 21.49-48 48s21.49 48 48 48 48-21.49 48-48-21.49-48-48-48zM96 256c0-26.51-21.49-48-48-48S0 229.49 0 256s21.49 48 48 48 48-21.49 48-48zm12.922 99.078c-26.51 0-48 21.49-48 48s21.49 48 48 48 48-21.49 48-48c0-26.509-21.491-48-48-48zm294.156 0c-26.51 0-48 21.49-48 48s21.49 48 48 48 48-21.49 48-48c0-26.509-21.49-48-48-48zM108.922 60.922c-26.51 0-48 21.49-48 48s21.49 48 48 48 48-21.49 48-48-21.491-48-48-48z\"><\/path><\/svg>\t\t\t<\/span>\n\t\t\n\t\t\t\t<div class=\"e-load-more-anchor\" data-page=\"1\" data-max-page=\"40\" data-next-page=\"https:\/\/cervejaemalte.com.br\/es\/wp-json\/wp\/v2\/pages\/227\/page\/2\/\"><\/div>\n\t\t\t\t<div class=\"elementor-button-wrapper\">\n\t\t\t<a class=\"elementor-button elementor-size-sm\" role=\"button\">\n\t\t\t\t\t\t<span class=\"elementor-button-content-wrapper\">\n\t\t\t\t\t\t\t\t\t<span class=\"elementor-button-text\">M\u00e1s informaci\u00f3n <\/span>\n\t\t\t\t\t<\/span>\n\t\t\t\t\t<\/a>\n\t\t<\/div>\n\t\t\t\t<div class=\"e-load-more-message\"><\/div>\n\t\t\t\t\t\t<\/div>\n\t\t\t\t<\/div>\n\t\t\t\t\t<\/div>\n\t\t<\/div>\n\t\t\t\t\t<\/div>\n\t\t<\/section>\n\t\t\t\t<\/div>","protected":false},"excerpt":{"rendered":"<p>Blog de Brewer - ESCM<\/p>","protected":false},"author":1,"featured_media":0,"parent":0,"menu_order":0,"comment_status":"closed","ping_status":"closed","template":"","meta":{"footnotes":""},"class_list":["post-227","page","type-page","status-publish","hentry"],"yoast_head":"<!-- This site is optimized with the Yoast SEO plugin v26.0 - https:\/\/yoast.com\/wordpress\/plugins\/seo\/ -->\n<title>Blog do Cervejeiro - Escola Superior de Cerveja e Malte<\/title>\n<meta name=\"description\" content=\"Acompanhe no Blog da Escola Superior de Cerveja e Malte as \u00faltimas not\u00edcias sobre o mundo cervejeiro, os melhores cursos da \u00e1rea e as t\u00e9cnicas mais utilizadas.\" \/>\n<meta name=\"robots\" content=\"index, follow, max-snippet:-1, max-image-preview:large, max-video-preview:-1\" \/>\n<link rel=\"canonical\" href=\"https:\/\/cervejaemalte.com.br\/es\/blog\/\" \/>\n<meta property=\"og:locale\" content=\"es_ES\" \/>\n<meta property=\"og:type\" content=\"article\" \/>\n<meta property=\"og:title\" content=\"Blog do Cervejeiro - Escola Superior de Cerveja e Malte\" \/>\n<meta property=\"og:description\" content=\"Acompanhe no Blog da Escola Superior de Cerveja e Malte as \u00faltimas not\u00edcias sobre o mundo cervejeiro, os melhores cursos da \u00e1rea e as t\u00e9cnicas mais utilizadas.\" \/>\n<meta property=\"og:url\" content=\"https:\/\/cervejaemalte.com.br\/es\/blog\/\" \/>\n<meta property=\"og:site_name\" content=\"Cerveja e Malte\" \/>\n<meta property=\"article:modified_time\" content=\"2022-07-08T15:53:22+00:00\" \/>\n<meta name=\"twitter:card\" content=\"summary_large_image\" \/>\n<meta name=\"twitter:label1\" content=\"Tiempo de lectura\" \/>\n\t<meta name=\"twitter:data1\" content=\"1 minuto\" \/>\n<script type=\"application\/ld+json\" class=\"yoast-schema-graph\">{\"@context\":\"https:\/\/schema.org\",\"@graph\":[{\"@type\":\"WebPage\",\"@id\":\"https:\/\/cervejaemalte.com.br\/blog\/\",\"url\":\"https:\/\/cervejaemalte.com.br\/blog\/\",\"name\":\"Blog do Cervejeiro - Escola Superior de Cerveja e Malte\",\"isPartOf\":{\"@id\":\"https:\/\/cervejaemalte.com.br\/#website\"},\"datePublished\":\"2021-03-01T01:16:28+00:00\",\"dateModified\":\"2022-07-08T15:53:22+00:00\",\"description\":\"Acompanhe no Blog da Escola Superior de Cerveja e Malte as \u00faltimas not\u00edcias sobre o mundo cervejeiro, os melhores cursos da \u00e1rea e as t\u00e9cnicas mais utilizadas.\",\"breadcrumb\":{\"@id\":\"https:\/\/cervejaemalte.com.br\/blog\/#breadcrumb\"},\"inLanguage\":\"es\",\"potentialAction\":[{\"@type\":\"ReadAction\",\"target\":[\"https:\/\/cervejaemalte.com.br\/blog\/\"]}]},{\"@type\":\"BreadcrumbList\",\"@id\":\"https:\/\/cervejaemalte.com.br\/blog\/#breadcrumb\",\"itemListElement\":[{\"@type\":\"ListItem\",\"position\":1,\"name\":\"In\u00edcio\",\"item\":\"https:\/\/cervejaemalte.com.br\/\"},{\"@type\":\"ListItem\",\"position\":2,\"name\":\"Blog\"}]},{\"@type\":\"WebSite\",\"@id\":\"https:\/\/cervejaemalte.com.br\/#website\",\"url\":\"https:\/\/cervejaemalte.com.br\/\",\"name\":\"Cerveja e Malte\",\"description\":\"\",\"potentialAction\":[{\"@type\":\"SearchAction\",\"target\":{\"@type\":\"EntryPoint\",\"urlTemplate\":\"https:\/\/cervejaemalte.com.br\/?s={search_term_string}\"},\"query-input\":{\"@type\":\"PropertyValueSpecification\",\"valueRequired\":true,\"valueName\":\"search_term_string\"}}],\"inLanguage\":\"es\"}]}<\/script>\n<!-- \/ Yoast SEO plugin. -->","yoast_head_json":{"title":"Blog do Cervejeiro - Escola Superior de Cerveja e Malte","description":"Acompanhe no Blog da Escola Superior de Cerveja e Malte as \u00faltimas not\u00edcias sobre o mundo cervejeiro, os melhores cursos da \u00e1rea e as t\u00e9cnicas mais utilizadas.","robots":{"index":"index","follow":"follow","max-snippet":"max-snippet:-1","max-image-preview":"max-image-preview:large","max-video-preview":"max-video-preview:-1"},"canonical":"https:\/\/cervejaemalte.com.br\/es\/blog\/","og_locale":"es_ES","og_type":"article","og_title":"Blog do Cervejeiro - Escola Superior de Cerveja e Malte","og_description":"Acompanhe no Blog da Escola Superior de Cerveja e Malte as \u00faltimas not\u00edcias sobre o mundo cervejeiro, os melhores cursos da \u00e1rea e as t\u00e9cnicas mais utilizadas.","og_url":"https:\/\/cervejaemalte.com.br\/es\/blog\/","og_site_name":"Cerveja e Malte","article_modified_time":"2022-07-08T15:53:22+00:00","twitter_card":"summary_large_image","twitter_misc":{"Tiempo de lectura":"1 minuto"},"schema":{"@context":"https:\/\/schema.org","@graph":[{"@type":"WebPage","@id":"https:\/\/cervejaemalte.com.br\/blog\/","url":"https:\/\/cervejaemalte.com.br\/blog\/","name":"Blog do Cervejeiro - Escola Superior de Cerveja e Malte","isPartOf":{"@id":"https:\/\/cervejaemalte.com.br\/#website"},"datePublished":"2021-03-01T01:16:28+00:00","dateModified":"2022-07-08T15:53:22+00:00","description":"Acompanhe no Blog da Escola Superior de Cerveja e Malte as \u00faltimas not\u00edcias sobre o mundo cervejeiro, os melhores cursos da \u00e1rea e as t\u00e9cnicas mais utilizadas.","breadcrumb":{"@id":"https:\/\/cervejaemalte.com.br\/blog\/#breadcrumb"},"inLanguage":"es","potentialAction":[{"@type":"ReadAction","target":["https:\/\/cervejaemalte.com.br\/blog\/"]}]},{"@type":"BreadcrumbList","@id":"https:\/\/cervejaemalte.com.br\/blog\/#breadcrumb","itemListElement":[{"@type":"ListItem","position":1,"name":"In\u00edcio","item":"https:\/\/cervejaemalte.com.br\/"},{"@type":"ListItem","position":2,"name":"Blog"}]},{"@type":"WebSite","@id":"https:\/\/cervejaemalte.com.br\/#website","url":"https:\/\/cervejaemalte.com.br\/","name":"Cerveja e Malte","description":"","potentialAction":[{"@type":"SearchAction","target":{"@type":"EntryPoint","urlTemplate":"https:\/\/cervejaemalte.com.br\/?s={search_term_string}"},"query-input":{"@type":"PropertyValueSpecification","valueRequired":true,"valueName":"search_term_string"}}],"inLanguage":"es"}]}},"_links":{"self":[{"href":"https:\/\/cervejaemalte.com.br\/es\/wp-json\/wp\/v2\/pages\/227","targetHints":{"allow":["GET"]}}],"collection":[{"href":"https:\/\/cervejaemalte.com.br\/es\/wp-json\/wp\/v2\/pages"}],"about":[{"href":"https:\/\/cervejaemalte.com.br\/es\/wp-json\/wp\/v2\/types\/page"}],"author":[{"embeddable":true,"href":"https:\/\/cervejaemalte.com.br\/es\/wp-json\/wp\/v2\/users\/1"}],"replies":[{"embeddable":true,"href":"https:\/\/cervejaemalte.com.br\/es\/wp-json\/wp\/v2\/comments?post=227"}],"version-history":[{"count":83,"href":"https:\/\/cervejaemalte.com.br\/es\/wp-json\/wp\/v2\/pages\/227\/revisions"}],"predecessor-version":[{"id":8742,"href":"https:\/\/cervejaemalte.com.br\/es\/wp-json\/wp\/v2\/pages\/227\/revisions\/8742"}],"wp:attachment":[{"href":"https:\/\/cervejaemalte.com.br\/es\/wp-json\/wp\/v2\/media?parent=227"}],"curies":[{"name":"wp","href":"https:\/\/api.w.org\/{rel}","templated":true}]}}