{"id":14183,"date":"2025-07-14T09:25:18","date_gmt":"2025-07-14T12:25:18","guid":{"rendered":"https:\/\/cervejaemalte.com.br\/?page_id=14183"},"modified":"2025-10-10T04:51:48","modified_gmt":"2025-10-10T07:51:48","slug":"escm-talks","status":"publish","type":"page","link":"https:\/\/cervejaemalte.com.br\/es\/charlas-sobre-cerveza\/","title":{"rendered":"Conferencias ESCM"},"content":{"rendered":"<div data-elementor-type=\"wp-page\" data-elementor-id=\"14183\" class=\"elementor elementor-14183\" data-elementor-post-type=\"page\">\n\t\t\t\t\t\t<section class=\"elementor-section elementor-top-section elementor-element elementor-element-59fb4b88 elementor-reverse-mobile elementor-section-boxed elementor-section-height-default elementor-section-height-default\" data-id=\"59fb4b88\" data-element_type=\"section\" data-settings=\"{&quot;background_background&quot;:&quot;gradient&quot;}\">\n\t\t\t\t\t\t\t<div class=\"elementor-background-overlay\"><\/div>\n\t\t\t\t\t\t\t<div class=\"elementor-container elementor-column-gap-default\">\n\t\t\t\t\t<div class=\"elementor-column elementor-col-50 elementor-top-column elementor-element elementor-element-281bf9f8\" data-id=\"281bf9f8\" data-element_type=\"column\">\n\t\t\t<div class=\"elementor-widget-wrap elementor-element-populated\">\n\t\t\t\t\t\t<div class=\"elementor-element elementor-element-13e2bc6 elementor-widget elementor-widget-text-editor\" data-id=\"13e2bc6\" data-element_type=\"widget\" data-widget_type=\"text-editor.default\">\n\t\t\t\t<div class=\"elementor-widget-container\">\n\t\t\t\t\t\t\t\t\t<p><span style=\"font-weight: 400;\">Conferencias ESCM<\/span><\/p>\t\t\t\t\t\t\t\t<\/div>\n\t\t\t\t<\/div>\n\t\t\t\t<div class=\"elementor-element elementor-element-26d1bd0d elementor-widget elementor-widget-text-editor\" data-id=\"26d1bd0d\" data-element_type=\"widget\" data-widget_type=\"text-editor.default\">\n\t\t\t\t<div class=\"elementor-widget-container\">\n\t\t\t\t\t\t\t\t\t<p><span style=\"font-weight: 400;\">Conocimientos que fermentan el sector<\/span><\/p>\t\t\t\t\t\t\t\t<\/div>\n\t\t\t\t<\/div>\n\t\t\t\t<div class=\"elementor-element elementor-element-174fda00 elementor-widget elementor-widget-text-editor\" data-id=\"174fda00\" data-element_type=\"widget\" data-widget_type=\"text-editor.default\">\n\t\t\t\t<div class=\"elementor-widget-container\">\n\t\t\t\t\t\t\t\t\t<p><span style=\"font-weight: 400;\">Mant\u00e9ngase a la cabeza del mercado cervecero. Con\u00e9ctese con los grandes, en l\u00ednea y gratis.<\/span><\/p>\t\t\t\t\t\t\t\t<\/div>\n\t\t\t\t<\/div>\n\t\t\t\t<div class=\"elementor-element elementor-element-2787f613 elementor-widget elementor-widget-text-editor\" data-id=\"2787f613\" data-element_type=\"widget\" data-widget_type=\"text-editor.default\">\n\t\t\t\t<div class=\"elementor-widget-container\">\n\t\t\t\t\t\t\t\t\t<p><span style=\"font-weight: 400;\">En directo y gratis | 29 y 30 de octubre - 19.00 horas<\/span><\/p>\t\t\t\t\t\t\t\t<\/div>\n\t\t\t\t<\/div>\n\t\t\t\t<div class=\"elementor-element elementor-element-441e70c0 elementor-align-left elementor-widget elementor-widget-button\" data-id=\"441e70c0\" data-element_type=\"widget\" data-widget_type=\"button.default\">\n\t\t\t\t<div class=\"elementor-widget-container\">\n\t\t\t\t\t\t\t\t\t<div class=\"elementor-button-wrapper\">\n\t\t\t\t\t<a class=\"elementor-button elementor-button-link elementor-size-sm\" href=\"#formulario\">\n\t\t\t\t\t\t<span class=\"elementor-button-content-wrapper\">\n\t\t\t\t\t\t\t\t\t<span class=\"elementor-button-text\">\u00a1INSCR\u00cdBETE AHORA!<\/span>\n\t\t\t\t\t<\/span>\n\t\t\t\t\t<\/a>\n\t\t\t\t<\/div>\n\t\t\t\t\t\t\t\t<\/div>\n\t\t\t\t<\/div>\n\t\t\t\t\t<\/div>\n\t\t<\/div>\n\t\t\t\t<div class=\"elementor-column elementor-col-50 elementor-top-column elementor-element elementor-element-70130aee\" data-id=\"70130aee\" data-element_type=\"column\">\n\t\t\t<div class=\"elementor-widget-wrap elementor-element-populated\">\n\t\t\t\t\t\t<div class=\"elementor-element elementor-element-75db7334 elementor-widget__width-initial elementor-widget elementor-widget-image\" data-id=\"75db7334\" data-element_type=\"widget\" data-widget_type=\"image.default\">\n\t\t\t\t<div class=\"elementor-widget-container\">\n\t\t\t\t\t\t\t\t\t\t\t\t\t\t\t<img fetchpriority=\"high\" decoding=\"async\" width=\"800\" height=\"661\" src=\"https:\/\/cervejaemalte.com.br\/wp-content\/uploads\/2025\/09\/LP-1a-DOBRA_transp-1-1024x846.webp\" class=\"attachment-large size-large wp-image-14378\" alt=\"Conferencias ESCM\" srcset=\"https:\/\/cervejaemalte.com.br\/wp-content\/uploads\/2025\/09\/LP-1a-DOBRA_transp-1-1024x846.webp 1024w, https:\/\/cervejaemalte.com.br\/wp-content\/uploads\/2025\/09\/LP-1a-DOBRA_transp-1-300x248.webp 300w, https:\/\/cervejaemalte.com.br\/wp-content\/uploads\/2025\/09\/LP-1a-DOBRA_transp-1-768x635.webp 768w, https:\/\/cervejaemalte.com.br\/wp-content\/uploads\/2025\/09\/LP-1a-DOBRA_transp-1-1536x1270.webp 1536w, https:\/\/cervejaemalte.com.br\/wp-content\/uploads\/2025\/09\/LP-1a-DOBRA_transp-1-2048x1693.webp 2048w, https:\/\/cervejaemalte.com.br\/wp-content\/uploads\/2025\/09\/LP-1a-DOBRA_transp-1-15x12.webp 15w\" sizes=\"(max-width: 800px) 100vw, 800px\" \/>\t\t\t\t\t\t\t\t\t\t\t\t\t\t\t<\/div>\n\t\t\t\t<\/div>\n\t\t\t\t\t<\/div>\n\t\t<\/div>\n\t\t\t\t\t<\/div>\n\t\t<\/section>\n\t\t\t\t<section class=\"elementor-section elementor-top-section elementor-element elementor-element-7106473f elementor-section-full_width elementor-section-height-default elementor-section-height-default\" data-id=\"7106473f\" data-element_type=\"section\">\n\t\t\t\t\t\t<div class=\"elementor-container elementor-column-gap-no\">\n\t\t\t\t\t<div class=\"elementor-column elementor-col-33 elementor-top-column elementor-element elementor-element-6f31071d\" data-id=\"6f31071d\" data-element_type=\"column\" data-settings=\"{&quot;background_background&quot;:&quot;classic&quot;}\">\n\t\t\t<div class=\"elementor-widget-wrap\">\n\t\t\t\t\t\t\t<\/div>\n\t\t<\/div>\n\t\t\t\t<div class=\"elementor-column elementor-col-33 elementor-top-column elementor-element elementor-element-69717824\" data-id=\"69717824\" data-element_type=\"column\" data-settings=\"{&quot;background_background&quot;:&quot;classic&quot;}\">\n\t\t\t<div class=\"elementor-widget-wrap elementor-element-populated\">\n\t\t\t\t\t\t<div class=\"elementor-element elementor-element-67c8a8ee elementor-widget elementor-widget-spacer\" data-id=\"67c8a8ee\" data-element_type=\"widget\" data-widget_type=\"spacer.default\">\n\t\t\t\t<div class=\"elementor-widget-container\">\n\t\t\t\t\t\t\t<div class=\"elementor-spacer\">\n\t\t\t<div class=\"elementor-spacer-inner\"><\/div>\n\t\t<\/div>\n\t\t\t\t\t\t<\/div>\n\t\t\t\t<\/div>\n\t\t\t\t\t<\/div>\n\t\t<\/div>\n\t\t\t\t<div class=\"elementor-column elementor-col-33 elementor-top-column elementor-element elementor-element-6af3d1da\" data-id=\"6af3d1da\" data-element_type=\"column\" data-settings=\"{&quot;background_background&quot;:&quot;classic&quot;}\">\n\t\t\t<div class=\"elementor-widget-wrap\">\n\t\t\t\t\t\t\t<\/div>\n\t\t<\/div>\n\t\t\t\t\t<\/div>\n\t\t<\/section>\n\t\t\t\t<section class=\"elementor-section elementor-top-section elementor-element elementor-element-2ee3d3ce elementor-section-boxed elementor-section-height-default elementor-section-height-default\" data-id=\"2ee3d3ce\" data-element_type=\"section\" data-settings=\"{&quot;background_background&quot;:&quot;classic&quot;}\">\n\t\t\t\t\t\t<div class=\"elementor-container elementor-column-gap-default\">\n\t\t\t\t\t<div class=\"elementor-column elementor-col-100 elementor-top-column elementor-element elementor-element-170357fc\" data-id=\"170357fc\" data-element_type=\"column\">\n\t\t\t<div class=\"elementor-widget-wrap elementor-element-populated\">\n\t\t\t\t\t\t<div class=\"elementor-element elementor-element-d92ecc5 elementor-widget elementor-widget-heading\" data-id=\"d92ecc5\" data-element_type=\"widget\" data-widget_type=\"heading.default\">\n\t\t\t\t<div class=\"elementor-widget-container\">\n\t\t\t\t\t<h2 class=\"elementor-heading-title elementor-size-default\">CONSULTA LAS CHARLAS Y ASEGURA TU PLAZA\n<\/h2>\t\t\t\t<\/div>\n\t\t\t\t<\/div>\n\t\t\t\t\t<\/div>\n\t\t<\/div>\n\t\t\t\t\t<\/div>\n\t\t<\/section>\n\t\t\t\t<section class=\"elementor-section elementor-top-section elementor-element elementor-element-249a357e elementor-section-boxed elementor-section-height-default elementor-section-height-default\" data-id=\"249a357e\" data-element_type=\"section\" data-settings=\"{&quot;background_background&quot;:&quot;classic&quot;}\">\n\t\t\t\t\t\t<div class=\"elementor-container elementor-column-gap-default\">\n\t\t\t\t\t<div class=\"elementor-column elementor-col-33 elementor-top-column elementor-element elementor-element-2488edfa\" data-id=\"2488edfa\" data-element_type=\"column\">\n\t\t\t<div class=\"elementor-widget-wrap elementor-element-populated\">\n\t\t\t\t\t\t<div class=\"elementor-element elementor-element-f37eb4b elementor-widget elementor-widget-image\" data-id=\"f37eb4b\" data-element_type=\"widget\" data-widget_type=\"image.default\">\n\t\t\t\t<div class=\"elementor-widget-container\">\n\t\t\t\t\t\t\t\t\t\t\t\t\t\t\t\t<a href=\"#formulario\">\n\t\t\t\t\t\t\t<img decoding=\"async\" width=\"340\" height=\"430\" src=\"https:\/\/cervejaemalte.com.br\/wp-content\/uploads\/2025\/09\/1-1.jpg\" class=\"attachment-1536x1536 size-1536x1536 wp-image-14364\" alt=\"\" srcset=\"https:\/\/cervejaemalte.com.br\/wp-content\/uploads\/2025\/09\/1-1.jpg 340w, https:\/\/cervejaemalte.com.br\/wp-content\/uploads\/2025\/09\/1-1-237x300.jpg 237w, https:\/\/cervejaemalte.com.br\/wp-content\/uploads\/2025\/09\/1-1-9x12.jpg 9w\" sizes=\"(max-width: 340px) 100vw, 340px\" \/>\t\t\t\t\t\t\t\t<\/a>\n\t\t\t\t\t\t\t\t\t\t\t\t\t\t\t<\/div>\n\t\t\t\t<\/div>\n\t\t\t\t\t<\/div>\n\t\t<\/div>\n\t\t\t\t<div class=\"elementor-column elementor-col-33 elementor-top-column elementor-element elementor-element-1b7c23a7\" data-id=\"1b7c23a7\" data-element_type=\"column\">\n\t\t\t<div class=\"elementor-widget-wrap elementor-element-populated\">\n\t\t\t\t\t\t<div class=\"elementor-element elementor-element-683d92b elementor-widget elementor-widget-image\" data-id=\"683d92b\" data-element_type=\"widget\" data-widget_type=\"image.default\">\n\t\t\t\t<div class=\"elementor-widget-container\">\n\t\t\t\t\t\t\t\t\t\t\t\t\t\t\t\t<a href=\"#formulario\">\n\t\t\t\t\t\t\t<img decoding=\"async\" width=\"340\" height=\"430\" src=\"https:\/\/cervejaemalte.com.br\/wp-content\/uploads\/2025\/10\/2.jpg\" class=\"attachment-large size-large wp-image-14413\" alt=\"\" srcset=\"https:\/\/cervejaemalte.com.br\/wp-content\/uploads\/2025\/10\/2.jpg 340w, https:\/\/cervejaemalte.com.br\/wp-content\/uploads\/2025\/10\/2-237x300.jpg 237w, https:\/\/cervejaemalte.com.br\/wp-content\/uploads\/2025\/10\/2-9x12.jpg 9w\" sizes=\"(max-width: 340px) 100vw, 340px\" \/>\t\t\t\t\t\t\t\t<\/a>\n\t\t\t\t\t\t\t\t\t\t\t\t\t\t\t<\/div>\n\t\t\t\t<\/div>\n\t\t\t\t\t<\/div>\n\t\t<\/div>\n\t\t\t\t<div class=\"elementor-column elementor-col-33 elementor-top-column elementor-element elementor-element-27488e6\" data-id=\"27488e6\" data-element_type=\"column\">\n\t\t\t<div class=\"elementor-widget-wrap elementor-element-populated\">\n\t\t\t\t\t\t<div class=\"elementor-element elementor-element-a75712b elementor-widget elementor-widget-image\" data-id=\"a75712b\" data-element_type=\"widget\" data-widget_type=\"image.default\">\n\t\t\t\t<div class=\"elementor-widget-container\">\n\t\t\t\t\t\t\t\t\t\t\t\t\t\t\t\t<a href=\"#formulario\">\n\t\t\t\t\t\t\t<img loading=\"lazy\" decoding=\"async\" width=\"340\" height=\"430\" src=\"https:\/\/cervejaemalte.com.br\/wp-content\/uploads\/2025\/09\/3.jpg\" class=\"attachment-large size-large wp-image-14366\" alt=\"\" srcset=\"https:\/\/cervejaemalte.com.br\/wp-content\/uploads\/2025\/09\/3.jpg 340w, https:\/\/cervejaemalte.com.br\/wp-content\/uploads\/2025\/09\/3-237x300.jpg 237w, https:\/\/cervejaemalte.com.br\/wp-content\/uploads\/2025\/09\/3-9x12.jpg 9w\" sizes=\"(max-width: 340px) 100vw, 340px\" \/>\t\t\t\t\t\t\t\t<\/a>\n\t\t\t\t\t\t\t\t\t\t\t\t\t\t\t<\/div>\n\t\t\t\t<\/div>\n\t\t\t\t\t<\/div>\n\t\t<\/div>\n\t\t\t\t\t<\/div>\n\t\t<\/section>\n\t\t\t\t<section class=\"elementor-section elementor-top-section elementor-element elementor-element-a6d4b93 elementor-section-boxed elementor-section-height-default elementor-section-height-default\" data-id=\"a6d4b93\" data-element_type=\"section\" data-settings=\"{&quot;background_background&quot;:&quot;classic&quot;}\">\n\t\t\t\t\t\t<div class=\"elementor-container elementor-column-gap-default\">\n\t\t\t\t\t<div class=\"elementor-column elementor-col-33 elementor-top-column elementor-element elementor-element-2ac8cc6\" data-id=\"2ac8cc6\" data-element_type=\"column\">\n\t\t\t<div class=\"elementor-widget-wrap elementor-element-populated\">\n\t\t\t\t\t\t<div class=\"elementor-element elementor-element-99b82a2 elementor-widget elementor-widget-image\" data-id=\"99b82a2\" data-element_type=\"widget\" data-widget_type=\"image.default\">\n\t\t\t\t<div class=\"elementor-widget-container\">\n\t\t\t\t\t\t\t\t\t\t\t\t\t\t\t\t<a href=\"#formulario\">\n\t\t\t\t\t\t\t<img loading=\"lazy\" decoding=\"async\" width=\"340\" height=\"430\" src=\"https:\/\/cervejaemalte.com.br\/wp-content\/uploads\/2025\/09\/4.jpg\" class=\"attachment-1536x1536 size-1536x1536 wp-image-14367\" alt=\"\" srcset=\"https:\/\/cervejaemalte.com.br\/wp-content\/uploads\/2025\/09\/4.jpg 340w, https:\/\/cervejaemalte.com.br\/wp-content\/uploads\/2025\/09\/4-237x300.jpg 237w, https:\/\/cervejaemalte.com.br\/wp-content\/uploads\/2025\/09\/4-9x12.jpg 9w\" sizes=\"(max-width: 340px) 100vw, 340px\" \/>\t\t\t\t\t\t\t\t<\/a>\n\t\t\t\t\t\t\t\t\t\t\t\t\t\t\t<\/div>\n\t\t\t\t<\/div>\n\t\t\t\t\t<\/div>\n\t\t<\/div>\n\t\t\t\t<div class=\"elementor-column elementor-col-33 elementor-top-column elementor-element elementor-element-472807e\" data-id=\"472807e\" data-element_type=\"column\">\n\t\t\t<div class=\"elementor-widget-wrap elementor-element-populated\">\n\t\t\t\t\t\t<div class=\"elementor-element elementor-element-098f85a elementor-widget elementor-widget-image\" data-id=\"098f85a\" data-element_type=\"widget\" data-widget_type=\"image.default\">\n\t\t\t\t<div class=\"elementor-widget-container\">\n\t\t\t\t\t\t\t\t\t\t\t\t\t\t\t\t<a href=\"#formulario\">\n\t\t\t\t\t\t\t<img loading=\"lazy\" decoding=\"async\" width=\"340\" height=\"430\" src=\"https:\/\/cervejaemalte.com.br\/wp-content\/uploads\/2025\/09\/5.jpg\" class=\"attachment-large size-large wp-image-14368\" alt=\"\" srcset=\"https:\/\/cervejaemalte.com.br\/wp-content\/uploads\/2025\/09\/5.jpg 340w, https:\/\/cervejaemalte.com.br\/wp-content\/uploads\/2025\/09\/5-237x300.jpg 237w, https:\/\/cervejaemalte.com.br\/wp-content\/uploads\/2025\/09\/5-9x12.jpg 9w\" sizes=\"(max-width: 340px) 100vw, 340px\" \/>\t\t\t\t\t\t\t\t<\/a>\n\t\t\t\t\t\t\t\t\t\t\t\t\t\t\t<\/div>\n\t\t\t\t<\/div>\n\t\t\t\t\t<\/div>\n\t\t<\/div>\n\t\t\t\t<div class=\"elementor-column elementor-col-33 elementor-top-column elementor-element elementor-element-fab6af6\" data-id=\"fab6af6\" data-element_type=\"column\">\n\t\t\t<div class=\"elementor-widget-wrap elementor-element-populated\">\n\t\t\t\t\t\t<div class=\"elementor-element elementor-element-911fd2c elementor-widget elementor-widget-image\" data-id=\"911fd2c\" data-element_type=\"widget\" data-widget_type=\"image.default\">\n\t\t\t\t<div class=\"elementor-widget-container\">\n\t\t\t\t\t\t\t\t\t\t\t\t\t\t\t\t<a href=\"#formulario\">\n\t\t\t\t\t\t\t<img loading=\"lazy\" decoding=\"async\" width=\"340\" height=\"430\" src=\"https:\/\/cervejaemalte.com.br\/wp-content\/uploads\/2025\/10\/6.jpg\" class=\"attachment-large size-large wp-image-14412\" alt=\"\" srcset=\"https:\/\/cervejaemalte.com.br\/wp-content\/uploads\/2025\/10\/6.jpg 340w, https:\/\/cervejaemalte.com.br\/wp-content\/uploads\/2025\/10\/6-237x300.jpg 237w, https:\/\/cervejaemalte.com.br\/wp-content\/uploads\/2025\/10\/6-9x12.jpg 9w\" sizes=\"(max-width: 340px) 100vw, 340px\" \/>\t\t\t\t\t\t\t\t<\/a>\n\t\t\t\t\t\t\t\t\t\t\t\t\t\t\t<\/div>\n\t\t\t\t<\/div>\n\t\t\t\t\t<\/div>\n\t\t<\/div>\n\t\t\t\t\t<\/div>\n\t\t<\/section>\n\t\t\t\t<section class=\"elementor-section elementor-top-section elementor-element elementor-element-7c8dd76b elementor-section-boxed elementor-section-height-default elementor-section-height-default\" data-id=\"7c8dd76b\" data-element_type=\"section\" data-settings=\"{&quot;background_background&quot;:&quot;classic&quot;}\">\n\t\t\t\t\t\t<div class=\"elementor-container elementor-column-gap-default\">\n\t\t\t\t\t<div class=\"elementor-column elementor-col-100 elementor-top-column elementor-element elementor-element-7888583a\" data-id=\"7888583a\" data-element_type=\"column\">\n\t\t\t<div class=\"elementor-widget-wrap\">\n\t\t\t\t\t\t\t<\/div>\n\t\t<\/div>\n\t\t\t\t\t<\/div>\n\t\t<\/section>\n\t\t\t\t<section class=\"elementor-section elementor-top-section elementor-element elementor-element-71e986e6 elementor-section-boxed elementor-section-height-default elementor-section-height-default\" data-id=\"71e986e6\" data-element_type=\"section\" id=\"formulario\">\n\t\t\t\t\t\t<div class=\"elementor-container elementor-column-gap-wide\">\n\t\t\t\t\t<div class=\"elementor-column elementor-col-100 elementor-top-column elementor-element elementor-element-1478e46e\" data-id=\"1478e46e\" data-element_type=\"column\">\n\t\t\t<div class=\"elementor-widget-wrap elementor-element-populated\">\n\t\t\t\t\t\t<div class=\"elementor-element elementor-element-77d8b9b9 elementor-widget elementor-widget-heading\" data-id=\"77d8b9b9\" data-element_type=\"widget\" data-widget_type=\"heading.default\">\n\t\t\t\t<div class=\"elementor-widget-container\">\n\t\t\t\t\t<h2 class=\"elementor-heading-title elementor-size-default\">FORMULARIO DE INSCRIPCI\u00d3N\n<\/h2>\t\t\t\t<\/div>\n\t\t\t\t<\/div>\n\t\t\t\t<div class=\"elementor-element elementor-element-14525343 elementor-widget elementor-widget-html\" data-id=\"14525343\" data-element_type=\"widget\" data-widget_type=\"html.default\">\n\t\t\t\t<div class=\"elementor-widget-container\">\n\t\t\t\t\t<div class=\"_form_406\"><\/div><script src=\"https:\/\/escolasuperiordecervejaemalte.activehosted.com\/f\/embed.php?id=406\" charset=\"utf-8\"><\/script>\t\t\t\t<\/div>\n\t\t\t\t<\/div>\n\t\t\t\t\t<\/div>\n\t\t<\/div>\n\t\t\t\t\t<\/div>\n\t\t<\/section>\n\t\t\t\t<\/div>","protected":false},"excerpt":{"rendered":"<p>ESCM Habla del conocimiento que fermenta la industria Mant\u00e9ngase a la cabeza del mercado cervecero. Con\u00e9ctese con los grandes nombres, en l\u00ednea y gratis. En directo y gratis | 29 y 30 de octubre - 19.00 h \u00a1INSCR\u00cdBETE AHORA! CONSULTE LAS CHARLAS Y ASEGURE SU PLAZA FORMULARIO DE INSCRIPCI\u00d3N<\/p>","protected":false},"author":1,"featured_media":0,"parent":0,"menu_order":0,"comment_status":"closed","ping_status":"closed","template":"","meta":{"footnotes":""},"class_list":["post-14183","page","type-page","status-publish","hentry"],"yoast_head":"<!-- This site is optimized with the Yoast SEO plugin v26.0 - https:\/\/yoast.com\/wordpress\/plugins\/seo\/ -->\n<title>ESCM Talks - Cerveja e Malte<\/title>\n<meta name=\"description\" content=\"Aprimore seu conhecimento no universo cervejeiro. Participe das palestras online e explore a fundo temas t\u00e9cnicos e estrat\u00e9gicos. Saiba mais e venha para o ESCM Talks!\" \/>\n<meta name=\"robots\" content=\"index, follow, max-snippet:-1, max-image-preview:large, max-video-preview:-1\" \/>\n<link rel=\"canonical\" href=\"https:\/\/cervejaemalte.com.br\/es\/charlas-sobre-cerveza\/\" \/>\n<meta property=\"og:locale\" content=\"es_ES\" \/>\n<meta property=\"og:type\" content=\"article\" \/>\n<meta property=\"og:title\" content=\"ESCM Talks - Cerveja e Malte\" \/>\n<meta property=\"og:description\" content=\"Aprimore seu conhecimento no universo cervejeiro. Participe das palestras online e explore a fundo temas t\u00e9cnicos e estrat\u00e9gicos. Saiba mais e venha para o ESCM Talks!\" \/>\n<meta property=\"og:url\" content=\"https:\/\/cervejaemalte.com.br\/es\/charlas-sobre-cerveza\/\" \/>\n<meta property=\"og:site_name\" content=\"Cerveja e Malte\" \/>\n<meta property=\"article:modified_time\" content=\"2025-10-10T07:51:48+00:00\" \/>\n<meta property=\"og:image\" content=\"https:\/\/cervejaemalte.com.br\/wp-content\/uploads\/2025\/09\/LP-1a-DOBRA_transp-1-1024x846.webp\" \/>\n<meta name=\"twitter:card\" content=\"summary_large_image\" \/>\n<script type=\"application\/ld+json\" class=\"yoast-schema-graph\">{\"@context\":\"https:\/\/schema.org\",\"@graph\":[{\"@type\":\"WebPage\",\"@id\":\"https:\/\/cervejaemalte.com.br\/escm-talks\/\",\"url\":\"https:\/\/cervejaemalte.com.br\/escm-talks\/\",\"name\":\"ESCM Talks - Cerveja e Malte\",\"isPartOf\":{\"@id\":\"https:\/\/cervejaemalte.com.br\/#website\"},\"primaryImageOfPage\":{\"@id\":\"https:\/\/cervejaemalte.com.br\/escm-talks\/#primaryimage\"},\"image\":{\"@id\":\"https:\/\/cervejaemalte.com.br\/escm-talks\/#primaryimage\"},\"thumbnailUrl\":\"https:\/\/cervejaemalte.com.br\/wp-content\/uploads\/2025\/09\/LP-1a-DOBRA_transp-1-1024x846.webp\",\"datePublished\":\"2025-07-14T12:25:18+00:00\",\"dateModified\":\"2025-10-10T07:51:48+00:00\",\"description\":\"Aprimore seu conhecimento no universo cervejeiro. Participe das palestras online e explore a fundo temas t\u00e9cnicos e estrat\u00e9gicos. Saiba mais e venha para o ESCM Talks!\",\"breadcrumb\":{\"@id\":\"https:\/\/cervejaemalte.com.br\/escm-talks\/#breadcrumb\"},\"inLanguage\":\"es\",\"potentialAction\":[{\"@type\":\"ReadAction\",\"target\":[\"https:\/\/cervejaemalte.com.br\/escm-talks\/\"]}]},{\"@type\":\"ImageObject\",\"inLanguage\":\"es\",\"@id\":\"https:\/\/cervejaemalte.com.br\/escm-talks\/#primaryimage\",\"url\":\"https:\/\/cervejaemalte.com.br\/wp-content\/uploads\/2025\/09\/LP-1a-DOBRA_transp-1-1024x846.webp\",\"contentUrl\":\"https:\/\/cervejaemalte.com.br\/wp-content\/uploads\/2025\/09\/LP-1a-DOBRA_transp-1-1024x846.webp\"},{\"@type\":\"BreadcrumbList\",\"@id\":\"https:\/\/cervejaemalte.com.br\/escm-talks\/#breadcrumb\",\"itemListElement\":[{\"@type\":\"ListItem\",\"position\":1,\"name\":\"In\u00edcio\",\"item\":\"https:\/\/cervejaemalte.com.br\/\"},{\"@type\":\"ListItem\",\"position\":2,\"name\":\"ESCM Talks\"}]},{\"@type\":\"WebSite\",\"@id\":\"https:\/\/cervejaemalte.com.br\/#website\",\"url\":\"https:\/\/cervejaemalte.com.br\/\",\"name\":\"Cerveja e Malte\",\"description\":\"\",\"potentialAction\":[{\"@type\":\"SearchAction\",\"target\":{\"@type\":\"EntryPoint\",\"urlTemplate\":\"https:\/\/cervejaemalte.com.br\/?s={search_term_string}\"},\"query-input\":{\"@type\":\"PropertyValueSpecification\",\"valueRequired\":true,\"valueName\":\"search_term_string\"}}],\"inLanguage\":\"es\"}]}<\/script>\n<!-- \/ Yoast SEO plugin. -->","yoast_head_json":{"title":"ESCM Talks - Cerveja e Malte","description":"Aprimore seu conhecimento no universo cervejeiro. Participe das palestras online e explore a fundo temas t\u00e9cnicos e estrat\u00e9gicos. Saiba mais e venha para o ESCM Talks!","robots":{"index":"index","follow":"follow","max-snippet":"max-snippet:-1","max-image-preview":"max-image-preview:large","max-video-preview":"max-video-preview:-1"},"canonical":"https:\/\/cervejaemalte.com.br\/es\/charlas-sobre-cerveza\/","og_locale":"es_ES","og_type":"article","og_title":"ESCM Talks - Cerveja e Malte","og_description":"Aprimore seu conhecimento no universo cervejeiro. Participe das palestras online e explore a fundo temas t\u00e9cnicos e estrat\u00e9gicos. Saiba mais e venha para o ESCM Talks!","og_url":"https:\/\/cervejaemalte.com.br\/es\/charlas-sobre-cerveza\/","og_site_name":"Cerveja e Malte","article_modified_time":"2025-10-10T07:51:48+00:00","og_image":[{"url":"https:\/\/cervejaemalte.com.br\/wp-content\/uploads\/2025\/09\/LP-1a-DOBRA_transp-1-1024x846.webp","type":"","width":"","height":""}],"twitter_card":"summary_large_image","schema":{"@context":"https:\/\/schema.org","@graph":[{"@type":"WebPage","@id":"https:\/\/cervejaemalte.com.br\/escm-talks\/","url":"https:\/\/cervejaemalte.com.br\/escm-talks\/","name":"ESCM Talks - Cerveja e Malte","isPartOf":{"@id":"https:\/\/cervejaemalte.com.br\/#website"},"primaryImageOfPage":{"@id":"https:\/\/cervejaemalte.com.br\/escm-talks\/#primaryimage"},"image":{"@id":"https:\/\/cervejaemalte.com.br\/escm-talks\/#primaryimage"},"thumbnailUrl":"https:\/\/cervejaemalte.com.br\/wp-content\/uploads\/2025\/09\/LP-1a-DOBRA_transp-1-1024x846.webp","datePublished":"2025-07-14T12:25:18+00:00","dateModified":"2025-10-10T07:51:48+00:00","description":"Aprimore seu conhecimento no universo cervejeiro. Participe das palestras online e explore a fundo temas t\u00e9cnicos e estrat\u00e9gicos. Saiba mais e venha para o ESCM Talks!","breadcrumb":{"@id":"https:\/\/cervejaemalte.com.br\/escm-talks\/#breadcrumb"},"inLanguage":"es","potentialAction":[{"@type":"ReadAction","target":["https:\/\/cervejaemalte.com.br\/escm-talks\/"]}]},{"@type":"ImageObject","inLanguage":"es","@id":"https:\/\/cervejaemalte.com.br\/escm-talks\/#primaryimage","url":"https:\/\/cervejaemalte.com.br\/wp-content\/uploads\/2025\/09\/LP-1a-DOBRA_transp-1-1024x846.webp","contentUrl":"https:\/\/cervejaemalte.com.br\/wp-content\/uploads\/2025\/09\/LP-1a-DOBRA_transp-1-1024x846.webp"},{"@type":"BreadcrumbList","@id":"https:\/\/cervejaemalte.com.br\/escm-talks\/#breadcrumb","itemListElement":[{"@type":"ListItem","position":1,"name":"In\u00edcio","item":"https:\/\/cervejaemalte.com.br\/"},{"@type":"ListItem","position":2,"name":"ESCM Talks"}]},{"@type":"WebSite","@id":"https:\/\/cervejaemalte.com.br\/#website","url":"https:\/\/cervejaemalte.com.br\/","name":"Cerveja e Malte","description":"","potentialAction":[{"@type":"SearchAction","target":{"@type":"EntryPoint","urlTemplate":"https:\/\/cervejaemalte.com.br\/?s={search_term_string}"},"query-input":{"@type":"PropertyValueSpecification","valueRequired":true,"valueName":"search_term_string"}}],"inLanguage":"es"}]}},"_links":{"self":[{"href":"https:\/\/cervejaemalte.com.br\/es\/wp-json\/wp\/v2\/pages\/14183","targetHints":{"allow":["GET"]}}],"collection":[{"href":"https:\/\/cervejaemalte.com.br\/es\/wp-json\/wp\/v2\/pages"}],"about":[{"href":"https:\/\/cervejaemalte.com.br\/es\/wp-json\/wp\/v2\/types\/page"}],"author":[{"embeddable":true,"href":"https:\/\/cervejaemalte.com.br\/es\/wp-json\/wp\/v2\/users\/1"}],"replies":[{"embeddable":true,"href":"https:\/\/cervejaemalte.com.br\/es\/wp-json\/wp\/v2\/comments?post=14183"}],"version-history":[{"count":32,"href":"https:\/\/cervejaemalte.com.br\/es\/wp-json\/wp\/v2\/pages\/14183\/revisions"}],"predecessor-version":[{"id":14416,"href":"https:\/\/cervejaemalte.com.br\/es\/wp-json\/wp\/v2\/pages\/14183\/revisions\/14416"}],"wp:attachment":[{"href":"https:\/\/cervejaemalte.com.br\/es\/wp-json\/wp\/v2\/media?parent=14183"}],"curies":[{"name":"wp","href":"https:\/\/api.w.org\/{rel}","templated":true}]}}