{"id":13709,"date":"2025-01-06T06:49:23","date_gmt":"2025-01-06T09:49:23","guid":{"rendered":"https:\/\/cervejaemalte.com.br\/?page_id=13709"},"modified":"2025-01-06T07:18:09","modified_gmt":"2025-01-06T10:18:09","slug":"agradecimento-inscricao-webinar-portugal","status":"publish","type":"page","link":"https:\/\/cervejaemalte.com.br\/es\/gracias-webinar-inscripcion-portugal\/","title":{"rendered":"Gracias Webinar Registration Portugal"},"content":{"rendered":"<div data-elementor-type=\"wp-page\" data-elementor-id=\"13709\" class=\"elementor elementor-13709\" data-elementor-post-type=\"page\">\n\t\t\t\t\t\t<section class=\"elementor-section elementor-top-section elementor-element elementor-element-81c481b elementor-section-boxed elementor-section-height-default elementor-section-height-default\" data-id=\"81c481b\" data-element_type=\"section\" data-settings=\"{&quot;background_background&quot;:&quot;gradient&quot;}\">\n\t\t\t\t\t\t\t<div class=\"elementor-background-overlay\"><\/div>\n\t\t\t\t\t\t\t<div class=\"elementor-container elementor-column-gap-default\">\n\t\t\t\t\t<div class=\"elementor-column elementor-col-100 elementor-top-column elementor-element elementor-element-d5302c7\" data-id=\"d5302c7\" data-element_type=\"column\">\n\t\t\t<div class=\"elementor-widget-wrap elementor-element-populated\">\n\t\t\t\t\t\t<div class=\"elementor-element elementor-element-70d82b4c titulo-curso elementor-widget elementor-widget-heading\" data-id=\"70d82b4c\" data-element_type=\"widget\" data-widget_type=\"heading.default\">\n\t\t\t\t<div class=\"elementor-widget-container\">\n\t\t\t\t\t<h1 class=\"elementor-heading-title elementor-size-default\">Su inscripci\u00f3n <br>\n\u00a1se ha completado con \u00e9xito!<\/h1>\t\t\t\t<\/div>\n\t\t\t\t<\/div>\n\t\t\t\t<div class=\"elementor-element elementor-element-1422e509 elementor-widget elementor-widget-text-editor\" data-id=\"1422e509\" data-element_type=\"widget\" data-widget_type=\"text-editor.default\">\n\t\t\t\t<div class=\"elementor-widget-container\">\n\t\t\t\t\t\t\t\t\t<p><span style=\"font-weight: 400;\">Gracias.<\/span><\/p><p><span style=\"font-weight: 400;\">En breve recibir\u00e1 un correo electr\u00f3nico con el asunto en su bandeja de entrada:<\/span><\/p><p><b>[Curso gratuito] Inscripci\u00f3n confirmada<\/b><\/p><p><span style=\"font-weight: 400;\">En \u00e9l recibir\u00e1s todas las instrucciones para acceder a la MasterClass gratuita.<\/span><\/p><p><span style=\"font-weight: 400;\">Es importante que abras este correo electr\u00f3nico y lo marques como favorito para que podamos asegurarnos de que sigues recibiendo nuestras comunicaciones en tu bandeja de entrada principal.<\/span><\/p><p><span style=\"font-weight: 400;\">Nos vemos all\u00ed.<\/span><\/p>\t\t\t\t\t\t\t\t<\/div>\n\t\t\t\t<\/div>\n\t\t\t\t\t<\/div>\n\t\t<\/div>\n\t\t\t\t\t<\/div>\n\t\t<\/section>\n\t\t\t\t<section class=\"elementor-section elementor-top-section elementor-element elementor-element-7349779 elementor-section-full_width elementor-section-height-default elementor-section-height-default\" data-id=\"7349779\" data-element_type=\"section\">\n\t\t\t\t\t\t<div class=\"elementor-container elementor-column-gap-no\">\n\t\t\t\t\t<div class=\"elementor-column elementor-col-33 elementor-top-column elementor-element elementor-element-2e197cc2\" data-id=\"2e197cc2\" data-element_type=\"column\" data-settings=\"{&quot;background_background&quot;:&quot;classic&quot;}\">\n\t\t\t<div class=\"elementor-widget-wrap\">\n\t\t\t\t\t\t\t<\/div>\n\t\t<\/div>\n\t\t\t\t<div class=\"elementor-column elementor-col-33 elementor-top-column elementor-element elementor-element-485fd505\" data-id=\"485fd505\" data-element_type=\"column\" data-settings=\"{&quot;background_background&quot;:&quot;classic&quot;}\">\n\t\t\t<div class=\"elementor-widget-wrap elementor-element-populated\">\n\t\t\t\t\t\t<div class=\"elementor-element elementor-element-70eed2ba elementor-widget elementor-widget-spacer\" data-id=\"70eed2ba\" data-element_type=\"widget\" data-widget_type=\"spacer.default\">\n\t\t\t\t<div class=\"elementor-widget-container\">\n\t\t\t\t\t\t\t<div class=\"elementor-spacer\">\n\t\t\t<div class=\"elementor-spacer-inner\"><\/div>\n\t\t<\/div>\n\t\t\t\t\t\t<\/div>\n\t\t\t\t<\/div>\n\t\t\t\t\t<\/div>\n\t\t<\/div>\n\t\t\t\t<div class=\"elementor-column elementor-col-33 elementor-top-column elementor-element elementor-element-28448094\" data-id=\"28448094\" data-element_type=\"column\" data-settings=\"{&quot;background_background&quot;:&quot;classic&quot;}\">\n\t\t\t<div class=\"elementor-widget-wrap\">\n\t\t\t\t\t\t\t<\/div>\n\t\t<\/div>\n\t\t\t\t\t<\/div>\n\t\t<\/section>\n\t\t\t\t<\/div>","protected":false},"excerpt":{"rendered":"<p>Su inscripci\u00f3n se ha completado con \u00e9xito. \u00a1Gracias! En breve recibir\u00e1s un email en tu bandeja de entrada con el asunto: [Curso Gratuito] Inscripci\u00f3n Confirmada En \u00e9l recibir\u00e1s todas las instrucciones para acceder a la MasterClass gratuita. Es importante que abras este correo y lo selecciones como favorito para que podamos asegurarnos de que sigues recibiendo [...]<\/p>","protected":false},"author":1,"featured_media":0,"parent":0,"menu_order":0,"comment_status":"closed","ping_status":"closed","template":"","meta":{"footnotes":""},"class_list":["post-13709","page","type-page","status-publish","hentry"],"yoast_head":"<!-- This site is optimized with the Yoast SEO plugin v26.0 - https:\/\/yoast.com\/wordpress\/plugins\/seo\/ -->\n<title>Agradecimento Inscri\u00e7\u00e3o Webinar Portugal - Cerveja e Malte<\/title>\n<meta name=\"robots\" content=\"index, follow, max-snippet:-1, max-image-preview:large, max-video-preview:-1\" \/>\n<link rel=\"canonical\" href=\"https:\/\/cervejaemalte.com.br\/es\/gracias-webinar-inscripcion-portugal\/\" \/>\n<meta property=\"og:locale\" content=\"es_ES\" \/>\n<meta property=\"og:type\" content=\"article\" \/>\n<meta property=\"og:title\" content=\"Agradecimento Inscri\u00e7\u00e3o Webinar Portugal - Cerveja e Malte\" \/>\n<meta property=\"og:description\" content=\"A sua inscri\u00e7\u00e3o foi conclu\u00edda com sucesso! Obrigado! Em breve, voc\u00ea receber\u00e1 na sua caixa de entrada o e-mail com o assunto: [Curso Gratuito] Inscri\u00e7\u00e3o Confirmada Nele voc\u00ea receber\u00e1 todas as instru\u00e7\u00f5es para acessar a MasterClass gratuita. \u00c9 importante que voc\u00ea abra esse e-mail e favorite ele para termos certeza de que voc\u00ea continuar\u00e1 recebendo [&hellip;]\" \/>\n<meta property=\"og:url\" content=\"https:\/\/cervejaemalte.com.br\/es\/gracias-webinar-inscripcion-portugal\/\" \/>\n<meta property=\"og:site_name\" content=\"Cerveja e Malte\" \/>\n<meta property=\"article:modified_time\" content=\"2025-01-06T10:18:09+00:00\" \/>\n<meta name=\"twitter:card\" content=\"summary_large_image\" \/>\n<script type=\"application\/ld+json\" class=\"yoast-schema-graph\">{\"@context\":\"https:\/\/schema.org\",\"@graph\":[{\"@type\":\"WebPage\",\"@id\":\"https:\/\/cervejaemalte.com.br\/agradecimento-inscricao-webinar-portugal\/\",\"url\":\"https:\/\/cervejaemalte.com.br\/agradecimento-inscricao-webinar-portugal\/\",\"name\":\"Agradecimento Inscri\u00e7\u00e3o Webinar Portugal - Cerveja e Malte\",\"isPartOf\":{\"@id\":\"https:\/\/cervejaemalte.com.br\/#website\"},\"datePublished\":\"2025-01-06T09:49:23+00:00\",\"dateModified\":\"2025-01-06T10:18:09+00:00\",\"breadcrumb\":{\"@id\":\"https:\/\/cervejaemalte.com.br\/agradecimento-inscricao-webinar-portugal\/#breadcrumb\"},\"inLanguage\":\"es\",\"potentialAction\":[{\"@type\":\"ReadAction\",\"target\":[\"https:\/\/cervejaemalte.com.br\/agradecimento-inscricao-webinar-portugal\/\"]}]},{\"@type\":\"BreadcrumbList\",\"@id\":\"https:\/\/cervejaemalte.com.br\/agradecimento-inscricao-webinar-portugal\/#breadcrumb\",\"itemListElement\":[{\"@type\":\"ListItem\",\"position\":1,\"name\":\"In\u00edcio\",\"item\":\"https:\/\/cervejaemalte.com.br\/\"},{\"@type\":\"ListItem\",\"position\":2,\"name\":\"Agradecimento Inscri\u00e7\u00e3o Webinar Portugal\"}]},{\"@type\":\"WebSite\",\"@id\":\"https:\/\/cervejaemalte.com.br\/#website\",\"url\":\"https:\/\/cervejaemalte.com.br\/\",\"name\":\"Cerveja e Malte\",\"description\":\"\",\"potentialAction\":[{\"@type\":\"SearchAction\",\"target\":{\"@type\":\"EntryPoint\",\"urlTemplate\":\"https:\/\/cervejaemalte.com.br\/?s={search_term_string}\"},\"query-input\":{\"@type\":\"PropertyValueSpecification\",\"valueRequired\":true,\"valueName\":\"search_term_string\"}}],\"inLanguage\":\"es\"}]}<\/script>\n<!-- \/ Yoast SEO plugin. -->","yoast_head_json":{"title":"Agradecimento Inscri\u00e7\u00e3o Webinar Portugal - Cerveja e Malte","robots":{"index":"index","follow":"follow","max-snippet":"max-snippet:-1","max-image-preview":"max-image-preview:large","max-video-preview":"max-video-preview:-1"},"canonical":"https:\/\/cervejaemalte.com.br\/es\/gracias-webinar-inscripcion-portugal\/","og_locale":"es_ES","og_type":"article","og_title":"Agradecimento Inscri\u00e7\u00e3o Webinar Portugal - Cerveja e Malte","og_description":"A sua inscri\u00e7\u00e3o foi conclu\u00edda com sucesso! Obrigado! Em breve, voc\u00ea receber\u00e1 na sua caixa de entrada o e-mail com o assunto: [Curso Gratuito] Inscri\u00e7\u00e3o Confirmada Nele voc\u00ea receber\u00e1 todas as instru\u00e7\u00f5es para acessar a MasterClass gratuita. \u00c9 importante que voc\u00ea abra esse e-mail e favorite ele para termos certeza de que voc\u00ea continuar\u00e1 recebendo [&hellip;]","og_url":"https:\/\/cervejaemalte.com.br\/es\/gracias-webinar-inscripcion-portugal\/","og_site_name":"Cerveja e Malte","article_modified_time":"2025-01-06T10:18:09+00:00","twitter_card":"summary_large_image","schema":{"@context":"https:\/\/schema.org","@graph":[{"@type":"WebPage","@id":"https:\/\/cervejaemalte.com.br\/agradecimento-inscricao-webinar-portugal\/","url":"https:\/\/cervejaemalte.com.br\/agradecimento-inscricao-webinar-portugal\/","name":"Agradecimento Inscri\u00e7\u00e3o Webinar Portugal - Cerveja e Malte","isPartOf":{"@id":"https:\/\/cervejaemalte.com.br\/#website"},"datePublished":"2025-01-06T09:49:23+00:00","dateModified":"2025-01-06T10:18:09+00:00","breadcrumb":{"@id":"https:\/\/cervejaemalte.com.br\/agradecimento-inscricao-webinar-portugal\/#breadcrumb"},"inLanguage":"es","potentialAction":[{"@type":"ReadAction","target":["https:\/\/cervejaemalte.com.br\/agradecimento-inscricao-webinar-portugal\/"]}]},{"@type":"BreadcrumbList","@id":"https:\/\/cervejaemalte.com.br\/agradecimento-inscricao-webinar-portugal\/#breadcrumb","itemListElement":[{"@type":"ListItem","position":1,"name":"In\u00edcio","item":"https:\/\/cervejaemalte.com.br\/"},{"@type":"ListItem","position":2,"name":"Agradecimento Inscri\u00e7\u00e3o Webinar Portugal"}]},{"@type":"WebSite","@id":"https:\/\/cervejaemalte.com.br\/#website","url":"https:\/\/cervejaemalte.com.br\/","name":"Cerveja e Malte","description":"","potentialAction":[{"@type":"SearchAction","target":{"@type":"EntryPoint","urlTemplate":"https:\/\/cervejaemalte.com.br\/?s={search_term_string}"},"query-input":{"@type":"PropertyValueSpecification","valueRequired":true,"valueName":"search_term_string"}}],"inLanguage":"es"}]}},"_links":{"self":[{"href":"https:\/\/cervejaemalte.com.br\/es\/wp-json\/wp\/v2\/pages\/13709","targetHints":{"allow":["GET"]}}],"collection":[{"href":"https:\/\/cervejaemalte.com.br\/es\/wp-json\/wp\/v2\/pages"}],"about":[{"href":"https:\/\/cervejaemalte.com.br\/es\/wp-json\/wp\/v2\/types\/page"}],"author":[{"embeddable":true,"href":"https:\/\/cervejaemalte.com.br\/es\/wp-json\/wp\/v2\/users\/1"}],"replies":[{"embeddable":true,"href":"https:\/\/cervejaemalte.com.br\/es\/wp-json\/wp\/v2\/comments?post=13709"}],"version-history":[{"count":7,"href":"https:\/\/cervejaemalte.com.br\/es\/wp-json\/wp\/v2\/pages\/13709\/revisions"}],"predecessor-version":[{"id":13717,"href":"https:\/\/cervejaemalte.com.br\/es\/wp-json\/wp\/v2\/pages\/13709\/revisions\/13717"}],"wp:attachment":[{"href":"https:\/\/cervejaemalte.com.br\/es\/wp-json\/wp\/v2\/media?parent=13709"}],"curies":[{"name":"wp","href":"https:\/\/api.w.org\/{rel}","templated":true}]}}