{"id":13656,"date":"2025-01-05T08:42:11","date_gmt":"2025-01-05T11:42:11","guid":{"rendered":"https:\/\/cervejaemalte.com.br\/?page_id=13656"},"modified":"2025-11-14T07:17:06","modified_gmt":"2025-11-14T10:17:06","slug":"masterclass-online-calculos-de-brassagem","status":"publish","type":"page","link":"https:\/\/cervejaemalte.com.br\/es\/masterclass-en-linea-calculos-cerveceros\/","title":{"rendered":"MASTERCLASS EN L\u00cdNEA C\u00c1LCULOS CERVECEROS"},"content":{"rendered":"<div data-elementor-type=\"wp-page\" data-elementor-id=\"13656\" class=\"elementor elementor-13656\" data-elementor-post-type=\"page\">\n\t\t\t\t\t\t<section class=\"elementor-section elementor-top-section elementor-element elementor-element-37fc271e elementor-section-boxed elementor-section-height-default elementor-section-height-default\" data-id=\"37fc271e\" data-element_type=\"section\">\n\t\t\t\t\t\t<div class=\"elementor-container elementor-column-gap-default\">\n\t\t\t\t\t<div class=\"elementor-column elementor-col-100 elementor-top-column elementor-element elementor-element-65216f6a\" data-id=\"65216f6a\" data-element_type=\"column\">\n\t\t\t<div class=\"elementor-widget-wrap elementor-element-populated\">\n\t\t\t\t\t\t<div class=\"elementor-element elementor-element-66eb12a2 elementor-widget elementor-widget-text-editor\" data-id=\"66eb12a2\" data-element_type=\"widget\" data-widget_type=\"text-editor.default\">\n\t\t\t\t<div class=\"elementor-widget-container\">\n\t\t\t\t\t\t\t\t\t\n<p>\u00a0\u00a0\u00a0\u00a0\u00a0\u00a0<\/p>\n\t\t\t\t\t\t\t\t<\/div>\n\t\t\t\t<\/div>\n\t\t\t\t\t<\/div>\n\t\t<\/div>\n\t\t\t\t\t<\/div>\n\t\t<\/section>\n\t\t\t\t<section class=\"elementor-section elementor-top-section elementor-element elementor-element-634ee533 elementor-section-boxed elementor-section-height-default elementor-section-height-default\" data-id=\"634ee533\" data-element_type=\"section\" data-settings=\"{&quot;background_background&quot;:&quot;gradient&quot;}\">\n\t\t\t\t\t\t\t<div class=\"elementor-background-overlay\"><\/div>\n\t\t\t\t\t\t\t<div class=\"elementor-container elementor-column-gap-default\">\n\t\t\t\t\t<div class=\"elementor-column elementor-col-50 elementor-top-column elementor-element elementor-element-71765ff4\" data-id=\"71765ff4\" data-element_type=\"column\">\n\t\t\t<div class=\"elementor-widget-wrap elementor-element-populated\">\n\t\t\t\t\t\t<div class=\"elementor-element elementor-element-421bc12e titulo-curso elementor-widget__width-auto elementor-widget elementor-widget-heading\" data-id=\"421bc12e\" data-element_type=\"widget\" data-widget_type=\"heading.default\">\n\t\t\t\t<div class=\"elementor-widget-container\">\n\t\t\t\t\t<h1 class=\"elementor-heading-title elementor-size-default\">MASTERCLASS EN L\u00cdNEA<\/h1>\t\t\t\t<\/div>\n\t\t\t\t<\/div>\n\t\t\t\t<div class=\"elementor-element elementor-element-2901a248 elementor-widget elementor-widget-text-editor\" data-id=\"2901a248\" data-element_type=\"widget\" data-widget_type=\"text-editor.default\">\n\t\t\t\t<div class=\"elementor-widget-container\">\n\t\t\t\t\t\t\t\t\t<p><span style=\"font-weight: 400;\">C\u00c1LCULOS CERVECEROS<\/span><\/p>\t\t\t\t\t\t\t\t<\/div>\n\t\t\t\t<\/div>\n\t\t\t\t<div class=\"elementor-element elementor-element-73bd82a6 elementor-widget elementor-widget-text-editor\" data-id=\"73bd82a6\" data-element_type=\"widget\" data-widget_type=\"text-editor.default\">\n\t\t\t\t<div class=\"elementor-widget-container\">\n\t\t\t\t\t\t\t\t\t<p><span style=\"font-weight: 400;\">Descubra algunos de los c\u00e1lculos m\u00e1s importantes para que su cerveza tenga las caracter\u00edsticas deseadas, como el grado alcoh\u00f3lico, el amargor y el sabor.<\/span><\/p>\t\t\t\t\t\t\t\t<\/div>\n\t\t\t\t<\/div>\n\t\t\t\t<div class=\"elementor-element elementor-element-515e1672 elementor-widget elementor-widget-text-editor\" data-id=\"515e1672\" data-element_type=\"widget\" data-widget_type=\"text-editor.default\">\n\t\t\t\t<div class=\"elementor-widget-container\">\n\t\t\t\t\t\t\t\t\t<p><span style=\"font-weight: 400;\">Vivir y ser libre | <span data-olk-copy-source=\"MessageBody\">Pr\u00f3ximamente<\/span><\/span><\/p>\t\t\t\t\t\t\t\t<\/div>\n\t\t\t\t<\/div>\n\t\t\t\t<div class=\"elementor-element elementor-element-2f9aead4 elementor-align-left elementor-widget elementor-widget-button\" data-id=\"2f9aead4\" data-element_type=\"widget\" data-widget_type=\"button.default\">\n\t\t\t\t<div class=\"elementor-widget-container\">\n\t\t\t\t\t\t\t\t\t<div class=\"elementor-button-wrapper\">\n\t\t\t\t\t<a class=\"elementor-button elementor-button-link elementor-size-sm\" href=\"#formulario\">\n\t\t\t\t\t\t<span class=\"elementor-button-content-wrapper\">\n\t\t\t\t\t\t\t\t\t<span class=\"elementor-button-text\">\u00a1INSCR\u00cdBETE AHORA!<\/span>\n\t\t\t\t\t<\/span>\n\t\t\t\t\t<\/a>\n\t\t\t\t<\/div>\n\t\t\t\t\t\t\t\t<\/div>\n\t\t\t\t<\/div>\n\t\t\t\t\t<\/div>\n\t\t<\/div>\n\t\t\t\t<div class=\"elementor-column elementor-col-50 elementor-top-column elementor-element elementor-element-19dadc13\" data-id=\"19dadc13\" data-element_type=\"column\">\n\t\t\t<div class=\"elementor-widget-wrap elementor-element-populated\">\n\t\t\t\t\t\t<div class=\"elementor-element elementor-element-2ae0dfe5 elementor-widget__width-inherit elementor-widget elementor-widget-image\" data-id=\"2ae0dfe5\" data-element_type=\"widget\" data-widget_type=\"image.default\">\n\t\t\t\t<div class=\"elementor-widget-container\">\n\t\t\t\t\t\t\t\t\t\t\t\t\t\t\t<img fetchpriority=\"high\" decoding=\"async\" width=\"1200\" height=\"1200\" src=\"https:\/\/cervejaemalte.com.br\/wp-content\/uploads\/2025\/01\/recortado_harmoniza.png\" class=\"attachment-full size-full wp-image-13687\" alt=\"\" srcset=\"https:\/\/cervejaemalte.com.br\/wp-content\/uploads\/2025\/01\/recortado_harmoniza.png 1200w, https:\/\/cervejaemalte.com.br\/wp-content\/uploads\/2025\/01\/recortado_harmoniza-300x300.png 300w, https:\/\/cervejaemalte.com.br\/wp-content\/uploads\/2025\/01\/recortado_harmoniza-1024x1024.png 1024w, https:\/\/cervejaemalte.com.br\/wp-content\/uploads\/2025\/01\/recortado_harmoniza-150x150.png 150w, https:\/\/cervejaemalte.com.br\/wp-content\/uploads\/2025\/01\/recortado_harmoniza-768x768.png 768w, https:\/\/cervejaemalte.com.br\/wp-content\/uploads\/2025\/01\/recortado_harmoniza-12x12.png 12w\" sizes=\"(max-width: 1200px) 100vw, 1200px\" \/>\t\t\t\t\t\t\t\t\t\t\t\t\t\t\t<\/div>\n\t\t\t\t<\/div>\n\t\t\t\t\t<\/div>\n\t\t<\/div>\n\t\t\t\t\t<\/div>\n\t\t<\/section>\n\t\t\t\t<section class=\"elementor-section elementor-top-section elementor-element elementor-element-4761966b elementor-section-full_width elementor-section-height-default elementor-section-height-default\" data-id=\"4761966b\" data-element_type=\"section\">\n\t\t\t\t\t\t<div class=\"elementor-container elementor-column-gap-no\">\n\t\t\t\t\t<div class=\"elementor-column elementor-col-33 elementor-top-column elementor-element elementor-element-6b45fcd8\" data-id=\"6b45fcd8\" data-element_type=\"column\" data-settings=\"{&quot;background_background&quot;:&quot;classic&quot;}\">\n\t\t\t<div class=\"elementor-widget-wrap\">\n\t\t\t\t\t\t\t<\/div>\n\t\t<\/div>\n\t\t\t\t<div class=\"elementor-column elementor-col-33 elementor-top-column elementor-element elementor-element-73ea6c48\" data-id=\"73ea6c48\" data-element_type=\"column\" data-settings=\"{&quot;background_background&quot;:&quot;classic&quot;}\">\n\t\t\t<div class=\"elementor-widget-wrap elementor-element-populated\">\n\t\t\t\t\t\t<div class=\"elementor-element elementor-element-71d45bf2 elementor-widget elementor-widget-spacer\" data-id=\"71d45bf2\" data-element_type=\"widget\" data-widget_type=\"spacer.default\">\n\t\t\t\t<div class=\"elementor-widget-container\">\n\t\t\t\t\t\t\t<div class=\"elementor-spacer\">\n\t\t\t<div class=\"elementor-spacer-inner\"><\/div>\n\t\t<\/div>\n\t\t\t\t\t\t<\/div>\n\t\t\t\t<\/div>\n\t\t\t\t\t<\/div>\n\t\t<\/div>\n\t\t\t\t<div class=\"elementor-column elementor-col-33 elementor-top-column elementor-element elementor-element-47ea82e9\" data-id=\"47ea82e9\" data-element_type=\"column\" data-settings=\"{&quot;background_background&quot;:&quot;classic&quot;}\">\n\t\t\t<div class=\"elementor-widget-wrap\">\n\t\t\t\t\t\t\t<\/div>\n\t\t<\/div>\n\t\t\t\t\t<\/div>\n\t\t<\/section>\n\t\t\t\t<section class=\"elementor-section elementor-top-section elementor-element elementor-element-4798c68d elementor-section-boxed elementor-section-height-default elementor-section-height-default\" data-id=\"4798c68d\" data-element_type=\"section\" data-settings=\"{&quot;background_background&quot;:&quot;classic&quot;}\">\n\t\t\t\t\t\t<div class=\"elementor-container elementor-column-gap-default\">\n\t\t\t\t\t<div class=\"elementor-column elementor-col-100 elementor-top-column elementor-element elementor-element-33e3851f\" data-id=\"33e3851f\" data-element_type=\"column\">\n\t\t\t<div class=\"elementor-widget-wrap elementor-element-populated\">\n\t\t\t\t\t\t<div class=\"elementor-element elementor-element-2a7ab470 elementor-widget elementor-widget-heading\" data-id=\"2a7ab470\" data-element_type=\"widget\" data-widget_type=\"heading.default\">\n\t\t\t\t<div class=\"elementor-widget-container\">\n\t\t\t\t\t<h2 class=\"elementor-heading-title elementor-size-default\">\u00bfQu\u00e9 aprender\u00e1s en esta MasterClass?<\/h2>\t\t\t\t<\/div>\n\t\t\t\t<\/div>\n\t\t\t\t\t<\/div>\n\t\t<\/div>\n\t\t\t\t\t<\/div>\n\t\t<\/section>\n\t\t\t\t<section class=\"elementor-section elementor-top-section elementor-element elementor-element-75673e91 elementor-section-boxed elementor-section-height-default elementor-section-height-default\" data-id=\"75673e91\" data-element_type=\"section\" data-settings=\"{&quot;background_background&quot;:&quot;classic&quot;}\">\n\t\t\t\t\t\t<div class=\"elementor-container elementor-column-gap-default\">\n\t\t\t\t\t<div class=\"elementor-column elementor-col-100 elementor-top-column elementor-element elementor-element-42ba5aa1\" data-id=\"42ba5aa1\" data-element_type=\"column\">\n\t\t\t<div class=\"elementor-widget-wrap elementor-element-populated\">\n\t\t\t\t\t\t<div class=\"elementor-element elementor-element-71ed9747 elementor-widget elementor-widget-text-editor\" data-id=\"71ed9747\" data-element_type=\"widget\" data-widget_type=\"text-editor.default\">\n\t\t\t\t<div class=\"elementor-widget-container\">\n\t\t\t\t\t\t\t\t\t<p><i><span style=\"font-weight: 400;\">Le mostraremos c\u00f3mo calcular y ajustar el<\/span><\/i><i><span style=\"font-weight: 400;\"> el peso espec\u00edfico, la eficacia de la extracci\u00f3n de az\u00facares de la malta y el amargor (IBU)<\/span><\/i><i><span style=\"font-weight: 400;\"> para optimizar la producci\u00f3n de su cerveza artesanal.<\/span><\/i><\/p>\n<p><i><span style=\"font-weight: 400;\">Esto garantizar\u00e1 una mayor coherencia y eficacia en la producci\u00f3n, as\u00ed como un mayor control sobre el perfil sensorial de sus lotes.<\/span><\/i><\/p>\t\t\t\t\t\t\t\t<\/div>\n\t\t\t\t<\/div>\n\t\t\t\t\t<\/div>\n\t\t<\/div>\n\t\t\t\t\t<\/div>\n\t\t<\/section>\n\t\t\t\t<section class=\"elementor-section elementor-top-section elementor-element elementor-element-76ba90dc elementor-section-boxed elementor-section-height-default elementor-section-height-default\" data-id=\"76ba90dc\" data-element_type=\"section\" data-settings=\"{&quot;background_background&quot;:&quot;classic&quot;}\">\n\t\t\t\t\t\t<div class=\"elementor-container elementor-column-gap-default\">\n\t\t\t\t\t<div class=\"elementor-column elementor-col-100 elementor-top-column elementor-element elementor-element-38d93c3e\" data-id=\"38d93c3e\" data-element_type=\"column\">\n\t\t\t<div class=\"elementor-widget-wrap elementor-element-populated\">\n\t\t\t\t\t\t<div class=\"elementor-element elementor-element-42c8ccf9 elementor-widget elementor-widget-heading\" data-id=\"42c8ccf9\" data-element_type=\"widget\" data-widget_type=\"heading.default\">\n\t\t\t\t<div class=\"elementor-widget-container\">\n\t\t\t\t\t<h2 class=\"elementor-heading-title elementor-size-default\">Conoce a tu profesor<\/h2>\t\t\t\t<\/div>\n\t\t\t\t<\/div>\n\t\t\t\t<div class=\"elementor-element elementor-element-5af63c96 elementor-testimonial--layout-image_above elementor-testimonial--mobile-align-center elementor-widget__width-initial elementor-testimonial--skin-default elementor-testimonial--align-center elementor-widget elementor-widget-testimonial-carousel\" data-id=\"5af63c96\" data-element_type=\"widget\" data-settings=\"{&quot;slides_per_view&quot;:&quot;1&quot;,&quot;space_between&quot;:{&quot;unit&quot;:&quot;px&quot;,&quot;size&quot;:0,&quot;sizes&quot;:[]},&quot;speed&quot;:500,&quot;space_between_tablet&quot;:{&quot;unit&quot;:&quot;px&quot;,&quot;size&quot;:10,&quot;sizes&quot;:[]},&quot;space_between_mobile&quot;:{&quot;unit&quot;:&quot;px&quot;,&quot;size&quot;:10,&quot;sizes&quot;:[]}}\" data-widget_type=\"testimonial-carousel.default\">\n\t\t\t\t<div class=\"elementor-widget-container\">\n\t\t\t\t\t\t\t\t\t<div class=\"elementor-swiper\">\n\t\t\t\t\t<div class=\"elementor-main-swiper swiper\" role=\"region\" aria-roledescription=\"carousel\" aria-label=\"Diapositivas\">\n\t\t\t\t<div class=\"swiper-wrapper\">\n\t\t\t\t\t\t\t\t\t\t\t<div class=\"swiper-slide\" role=\"group\" aria-roledescription=\"slide\">\n\t\t\t\t\t\t\t\t\t<div class=\"elementor-testimonial\">\n\t\t\t\t\t\t\t<div class=\"elementor-testimonial__content\">\n\t\t\t\t\t<div class=\"elementor-testimonial__text\">\n\t\t\t\t\t\tEduardo Thiago Slomp\t\t\t\t\t<\/div>\n\t\t\t\t\t<cite class=\"elementor-testimonial__cite\"><span class=\"elementor-testimonial__name\">Ingeniero Qu\u00edmico y M\u00e1ster en Ingenier\u00eda Qu\u00edmica por la Universidad Regional de Blumenau, Maestro Maltero, Sumiller de Cerveza y Maestro Destilador por la Escola Superior de Cerveja e Malte. Cervecero casero desde 2015. Es consultor y asesora en proyectos de ingenier\u00eda, calidad y desarrollo de productos para empresas de alimentaci\u00f3n y bebidas.<\/span><\/cite>\t\t\t\t<\/div>\n\t\t\t\t\t\t<div class=\"elementor-testimonial__footer\">\n\t\t\t\t\t\t\t\t\t<div class=\"elementor-testimonial__image\">\n\t\t\t\t\t\t<img decoding=\"async\" src=\"https:\/\/cervejaemalte.com.br\/wp-content\/uploads\/2021\/12\/mini_eduardo.jpg\" alt=\"Eduardo Thiago Slomp\">\n\t\t\t\t\t\t\t\t\t\t\t<\/div>\n\t\t\t\t\t\t\t\t\t\t\t<\/div>\n\t\t<\/div>\n\t\t\t\t\t\t\t\t<\/div>\n\t\t\t\t\t\t\t\t\t<\/div>\n\t\t\t\t\t\t\t<\/div>\n\t\t\t\t<\/div>\n\t\t\t\t\t\t\t\t<\/div>\n\t\t\t\t<\/div>\n\t\t\t\t\t<\/div>\n\t\t<\/div>\n\t\t\t\t\t<\/div>\n\t\t<\/section>\n\t\t\t\t<section class=\"elementor-section elementor-top-section elementor-element elementor-element-794cf4a2 elementor-section-boxed elementor-section-height-default elementor-section-height-default\" data-id=\"794cf4a2\" data-element_type=\"section\" id=\"formulario\">\n\t\t\t\t\t\t<div class=\"elementor-container elementor-column-gap-wide\">\n\t\t\t\t\t<div class=\"elementor-column elementor-col-100 elementor-top-column elementor-element elementor-element-16188093\" data-id=\"16188093\" data-element_type=\"column\">\n\t\t\t<div class=\"elementor-widget-wrap elementor-element-populated\">\n\t\t\t\t\t\t<div class=\"elementor-element elementor-element-75e0484f elementor-widget elementor-widget-heading\" data-id=\"75e0484f\" data-element_type=\"widget\" data-widget_type=\"heading.default\">\n\t\t\t\t<div class=\"elementor-widget-container\">\n\t\t\t\t\t<h2 class=\"elementor-heading-title elementor-size-default\">FORMULARIO DE INSCRIPCI\u00d3N\n<\/h2>\t\t\t\t<\/div>\n\t\t\t\t<\/div>\n\t\t\t\t<div class=\"elementor-element elementor-element-c4aa226 elementor-widget elementor-widget-html\" data-id=\"c4aa226\" data-element_type=\"widget\" data-widget_type=\"html.default\">\n\t\t\t\t<div class=\"elementor-widget-container\">\n\t\t\t\t\t<div class=\"_form_374\"><\/div><script src=\"https:\/\/escolasuperiordecervejaemalte.activehosted.com\/f\/embed.php?id=374\" charset=\"utf-8\"><\/script>\t\t\t\t<\/div>\n\t\t\t\t<\/div>\n\t\t\t\t\t<\/div>\n\t\t<\/div>\n\t\t\t\t\t<\/div>\n\t\t<\/section>\n\t\t\t\t<\/div>","protected":false},"excerpt":{"rendered":"<p>\u00a0\u00a0\u00a0\u00a0\u00a0\u00a0 MASTERCLASS ONLINE C\u00c1LCULOS DE BRASSAGEM Descubra alguns dos c\u00e1lculos mais importantes para que a tua cerveja apresente as caracter\u00edsticas desejadas, como o teor alco\u00f3lico, o amargor e o sabor. Ao Vivo e Gratuita | Em Breve INSCREVA-SE J\u00c1! O que vais aprender nesta MasterClass? Vamos ensinar-te a calcular e ajustar a gravidade espec\u00edfica, a [&hellip;]<\/p>","protected":false},"author":1,"featured_media":0,"parent":0,"menu_order":0,"comment_status":"closed","ping_status":"closed","template":"","meta":{"footnotes":""},"class_list":["post-13656","page","type-page","status-publish","hentry"],"yoast_head":"<!-- This site is optimized with the Yoast SEO plugin v26.0 - https:\/\/yoast.com\/wordpress\/plugins\/seo\/ -->\n<title>MASTERCLASS ONLINE C\u00c1LCULOS DE BRASSAGEM - Cerveja e Malte<\/title>\n<meta name=\"robots\" content=\"index, follow, max-snippet:-1, max-image-preview:large, max-video-preview:-1\" \/>\n<link rel=\"canonical\" href=\"https:\/\/cervejaemalte.com.br\/es\/masterclass-en-linea-calculos-cerveceros\/\" \/>\n<meta property=\"og:locale\" content=\"es_ES\" \/>\n<meta property=\"og:type\" content=\"article\" \/>\n<meta property=\"og:title\" content=\"MASTERCLASS ONLINE C\u00c1LCULOS DE BRASSAGEM - Cerveja e Malte\" \/>\n<meta property=\"og:description\" content=\"\u00a0\u00a0\u00a0\u00a0\u00a0\u00a0 MASTERCLASS ONLINE C\u00c1LCULOS DE BRASSAGEM Descubra alguns dos c\u00e1lculos mais importantes para que a tua cerveja apresente as caracter\u00edsticas desejadas, como o teor alco\u00f3lico, o amargor e o sabor. Ao Vivo e Gratuita | Em Breve INSCREVA-SE J\u00c1! O que vais aprender nesta MasterClass? Vamos ensinar-te a calcular e ajustar a gravidade espec\u00edfica, a [&hellip;]\" \/>\n<meta property=\"og:url\" content=\"https:\/\/cervejaemalte.com.br\/es\/masterclass-en-linea-calculos-cerveceros\/\" \/>\n<meta property=\"og:site_name\" content=\"Cerveja e Malte\" \/>\n<meta property=\"article:modified_time\" content=\"2025-11-14T10:17:06+00:00\" \/>\n<meta property=\"og:image\" content=\"https:\/\/cervejaemalte.com.br\/wp-content\/uploads\/2025\/01\/recortado_harmoniza.png\" \/>\n<meta name=\"twitter:card\" content=\"summary_large_image\" \/>\n<meta name=\"twitter:label1\" content=\"Tiempo de lectura\" \/>\n\t<meta name=\"twitter:data1\" content=\"1 minuto\" \/>\n<script type=\"application\/ld+json\" class=\"yoast-schema-graph\">{\"@context\":\"https:\/\/schema.org\",\"@graph\":[{\"@type\":\"WebPage\",\"@id\":\"https:\/\/cervejaemalte.com.br\/masterclass-online-calculos-de-brassagem\/\",\"url\":\"https:\/\/cervejaemalte.com.br\/masterclass-online-calculos-de-brassagem\/\",\"name\":\"MASTERCLASS ONLINE C\u00c1LCULOS DE BRASSAGEM - Cerveja e Malte\",\"isPartOf\":{\"@id\":\"https:\/\/cervejaemalte.com.br\/#website\"},\"primaryImageOfPage\":{\"@id\":\"https:\/\/cervejaemalte.com.br\/masterclass-online-calculos-de-brassagem\/#primaryimage\"},\"image\":{\"@id\":\"https:\/\/cervejaemalte.com.br\/masterclass-online-calculos-de-brassagem\/#primaryimage\"},\"thumbnailUrl\":\"https:\/\/cervejaemalte.com.br\/wp-content\/uploads\/2025\/01\/recortado_harmoniza.png\",\"datePublished\":\"2025-01-05T11:42:11+00:00\",\"dateModified\":\"2025-11-14T10:17:06+00:00\",\"breadcrumb\":{\"@id\":\"https:\/\/cervejaemalte.com.br\/masterclass-online-calculos-de-brassagem\/#breadcrumb\"},\"inLanguage\":\"es\",\"potentialAction\":[{\"@type\":\"ReadAction\",\"target\":[\"https:\/\/cervejaemalte.com.br\/masterclass-online-calculos-de-brassagem\/\"]}]},{\"@type\":\"ImageObject\",\"inLanguage\":\"es\",\"@id\":\"https:\/\/cervejaemalte.com.br\/masterclass-online-calculos-de-brassagem\/#primaryimage\",\"url\":\"https:\/\/cervejaemalte.com.br\/wp-content\/uploads\/2025\/01\/recortado_harmoniza.png\",\"contentUrl\":\"https:\/\/cervejaemalte.com.br\/wp-content\/uploads\/2025\/01\/recortado_harmoniza.png\"},{\"@type\":\"BreadcrumbList\",\"@id\":\"https:\/\/cervejaemalte.com.br\/masterclass-online-calculos-de-brassagem\/#breadcrumb\",\"itemListElement\":[{\"@type\":\"ListItem\",\"position\":1,\"name\":\"In\u00edcio\",\"item\":\"https:\/\/cervejaemalte.com.br\/\"},{\"@type\":\"ListItem\",\"position\":2,\"name\":\"MASTERCLASS ONLINE C\u00c1LCULOS DE BRASSAGEM\"}]},{\"@type\":\"WebSite\",\"@id\":\"https:\/\/cervejaemalte.com.br\/#website\",\"url\":\"https:\/\/cervejaemalte.com.br\/\",\"name\":\"Cerveja e Malte\",\"description\":\"\",\"potentialAction\":[{\"@type\":\"SearchAction\",\"target\":{\"@type\":\"EntryPoint\",\"urlTemplate\":\"https:\/\/cervejaemalte.com.br\/?s={search_term_string}\"},\"query-input\":{\"@type\":\"PropertyValueSpecification\",\"valueRequired\":true,\"valueName\":\"search_term_string\"}}],\"inLanguage\":\"es\"}]}<\/script>\n<!-- \/ Yoast SEO plugin. -->","yoast_head_json":{"title":"MASTERCLASS ONLINE C\u00c1LCULOS DE BRASSAGEM - Cerveja e Malte","robots":{"index":"index","follow":"follow","max-snippet":"max-snippet:-1","max-image-preview":"max-image-preview:large","max-video-preview":"max-video-preview:-1"},"canonical":"https:\/\/cervejaemalte.com.br\/es\/masterclass-en-linea-calculos-cerveceros\/","og_locale":"es_ES","og_type":"article","og_title":"MASTERCLASS ONLINE C\u00c1LCULOS DE BRASSAGEM - Cerveja e Malte","og_description":"\u00a0\u00a0\u00a0\u00a0\u00a0\u00a0 MASTERCLASS ONLINE C\u00c1LCULOS DE BRASSAGEM Descubra alguns dos c\u00e1lculos mais importantes para que a tua cerveja apresente as caracter\u00edsticas desejadas, como o teor alco\u00f3lico, o amargor e o sabor. Ao Vivo e Gratuita | Em Breve INSCREVA-SE J\u00c1! O que vais aprender nesta MasterClass? Vamos ensinar-te a calcular e ajustar a gravidade espec\u00edfica, a [&hellip;]","og_url":"https:\/\/cervejaemalte.com.br\/es\/masterclass-en-linea-calculos-cerveceros\/","og_site_name":"Cerveja e Malte","article_modified_time":"2025-11-14T10:17:06+00:00","og_image":[{"url":"https:\/\/cervejaemalte.com.br\/wp-content\/uploads\/2025\/01\/recortado_harmoniza.png","type":"","width":"","height":""}],"twitter_card":"summary_large_image","twitter_misc":{"Tiempo de lectura":"1 minuto"},"schema":{"@context":"https:\/\/schema.org","@graph":[{"@type":"WebPage","@id":"https:\/\/cervejaemalte.com.br\/masterclass-online-calculos-de-brassagem\/","url":"https:\/\/cervejaemalte.com.br\/masterclass-online-calculos-de-brassagem\/","name":"MASTERCLASS ONLINE C\u00c1LCULOS DE BRASSAGEM - Cerveja e Malte","isPartOf":{"@id":"https:\/\/cervejaemalte.com.br\/#website"},"primaryImageOfPage":{"@id":"https:\/\/cervejaemalte.com.br\/masterclass-online-calculos-de-brassagem\/#primaryimage"},"image":{"@id":"https:\/\/cervejaemalte.com.br\/masterclass-online-calculos-de-brassagem\/#primaryimage"},"thumbnailUrl":"https:\/\/cervejaemalte.com.br\/wp-content\/uploads\/2025\/01\/recortado_harmoniza.png","datePublished":"2025-01-05T11:42:11+00:00","dateModified":"2025-11-14T10:17:06+00:00","breadcrumb":{"@id":"https:\/\/cervejaemalte.com.br\/masterclass-online-calculos-de-brassagem\/#breadcrumb"},"inLanguage":"es","potentialAction":[{"@type":"ReadAction","target":["https:\/\/cervejaemalte.com.br\/masterclass-online-calculos-de-brassagem\/"]}]},{"@type":"ImageObject","inLanguage":"es","@id":"https:\/\/cervejaemalte.com.br\/masterclass-online-calculos-de-brassagem\/#primaryimage","url":"https:\/\/cervejaemalte.com.br\/wp-content\/uploads\/2025\/01\/recortado_harmoniza.png","contentUrl":"https:\/\/cervejaemalte.com.br\/wp-content\/uploads\/2025\/01\/recortado_harmoniza.png"},{"@type":"BreadcrumbList","@id":"https:\/\/cervejaemalte.com.br\/masterclass-online-calculos-de-brassagem\/#breadcrumb","itemListElement":[{"@type":"ListItem","position":1,"name":"In\u00edcio","item":"https:\/\/cervejaemalte.com.br\/"},{"@type":"ListItem","position":2,"name":"MASTERCLASS ONLINE C\u00c1LCULOS DE BRASSAGEM"}]},{"@type":"WebSite","@id":"https:\/\/cervejaemalte.com.br\/#website","url":"https:\/\/cervejaemalte.com.br\/","name":"Cerveja e Malte","description":"","potentialAction":[{"@type":"SearchAction","target":{"@type":"EntryPoint","urlTemplate":"https:\/\/cervejaemalte.com.br\/?s={search_term_string}"},"query-input":{"@type":"PropertyValueSpecification","valueRequired":true,"valueName":"search_term_string"}}],"inLanguage":"es"}]}},"_links":{"self":[{"href":"https:\/\/cervejaemalte.com.br\/es\/wp-json\/wp\/v2\/pages\/13656","targetHints":{"allow":["GET"]}}],"collection":[{"href":"https:\/\/cervejaemalte.com.br\/es\/wp-json\/wp\/v2\/pages"}],"about":[{"href":"https:\/\/cervejaemalte.com.br\/es\/wp-json\/wp\/v2\/types\/page"}],"author":[{"embeddable":true,"href":"https:\/\/cervejaemalte.com.br\/es\/wp-json\/wp\/v2\/users\/1"}],"replies":[{"embeddable":true,"href":"https:\/\/cervejaemalte.com.br\/es\/wp-json\/wp\/v2\/comments?post=13656"}],"version-history":[{"count":40,"href":"https:\/\/cervejaemalte.com.br\/es\/wp-json\/wp\/v2\/pages\/13656\/revisions"}],"predecessor-version":[{"id":14505,"href":"https:\/\/cervejaemalte.com.br\/es\/wp-json\/wp\/v2\/pages\/13656\/revisions\/14505"}],"wp:attachment":[{"href":"https:\/\/cervejaemalte.com.br\/es\/wp-json\/wp\/v2\/media?parent=13656"}],"curies":[{"name":"wp","href":"https:\/\/api.w.org\/{rel}","templated":true}]}}