{"id":12397,"date":"2024-05-08T06:29:06","date_gmt":"2024-05-08T09:29:06","guid":{"rendered":"https:\/\/cervejaemalte.com.br\/?page_id=12397"},"modified":"2024-05-08T06:41:03","modified_gmt":"2024-05-08T09:41:03","slug":"inscricao-producao-cachaca","status":"publish","type":"page","link":"https:\/\/cervejaemalte.com.br\/es\/inscripcion-produccion-de-cachaca\/","title":{"rendered":"Registro de producci\u00f3n de cacha\u00e7a"},"content":{"rendered":"<div data-elementor-type=\"wp-page\" data-elementor-id=\"12397\" class=\"elementor elementor-12397\" data-elementor-post-type=\"page\">\n\t\t\t\t\t\t<section class=\"elementor-section elementor-top-section elementor-element elementor-element-50d821ed elementor-section-boxed elementor-section-height-default elementor-section-height-default\" data-id=\"50d821ed\" data-element_type=\"section\" data-settings=\"{&quot;background_background&quot;:&quot;gradient&quot;}\">\n\t\t\t\t\t\t\t<div class=\"elementor-background-overlay\"><\/div>\n\t\t\t\t\t\t\t<div class=\"elementor-container elementor-column-gap-default\">\n\t\t\t\t\t<div class=\"elementor-column elementor-col-50 elementor-top-column elementor-element elementor-element-74d2011b\" data-id=\"74d2011b\" data-element_type=\"column\">\n\t\t\t<div class=\"elementor-widget-wrap elementor-element-populated\">\n\t\t\t\t\t\t<div class=\"elementor-element elementor-element-41fc95c8 elementor-widget elementor-widget-text-editor\" data-id=\"41fc95c8\" data-element_type=\"widget\" data-widget_type=\"text-editor.default\">\n\t\t\t\t<div class=\"elementor-widget-container\">\n\t\t\t\t\t\t\t\t\t<p><span style=\"font-weight: 400;\">Sum\u00e9rjase en el arte de la cachaza: de lo b\u00e1sico a lo avanzado en un solo curso.<\/span><\/p>\t\t\t\t\t\t\t\t<\/div>\n\t\t\t\t<\/div>\n\t\t\t\t\t<\/div>\n\t\t<\/div>\n\t\t\t\t<div class=\"elementor-column elementor-col-50 elementor-top-column elementor-element elementor-element-35fa2c01\" data-id=\"35fa2c01\" data-element_type=\"column\">\n\t\t\t<div class=\"elementor-widget-wrap elementor-element-populated\">\n\t\t\t\t\t\t<div class=\"elementor-element elementor-element-195e76f4 elementor-widget elementor-widget-html\" data-id=\"195e76f4\" data-element_type=\"widget\" data-widget_type=\"html.default\">\n\t\t\t\t<div class=\"elementor-widget-container\">\n\t\t\t\t\t<div class=\"_form_342\"><\/div><script src=\"https:\/\/escolasuperiordecervejaemalte.activehosted.com\/f\/embed.php?id=342\" charset=\"utf-8\"><\/script>\t\t\t\t<\/div>\n\t\t\t\t<\/div>\n\t\t\t\t\t<\/div>\n\t\t<\/div>\n\t\t\t\t\t<\/div>\n\t\t<\/section>\n\t\t\t\t<section class=\"elementor-section elementor-top-section elementor-element elementor-element-64f49226 elementor-section-full_width elementor-section-height-default elementor-section-height-default\" data-id=\"64f49226\" data-element_type=\"section\">\n\t\t\t\t\t\t<div class=\"elementor-container elementor-column-gap-no\">\n\t\t\t\t\t<div class=\"elementor-column elementor-col-33 elementor-top-column elementor-element elementor-element-7fb30b42\" data-id=\"7fb30b42\" data-element_type=\"column\" data-settings=\"{&quot;background_background&quot;:&quot;classic&quot;}\">\n\t\t\t<div class=\"elementor-widget-wrap\">\n\t\t\t\t\t\t\t<\/div>\n\t\t<\/div>\n\t\t\t\t<div class=\"elementor-column elementor-col-33 elementor-top-column elementor-element elementor-element-2f7c027d\" data-id=\"2f7c027d\" data-element_type=\"column\" data-settings=\"{&quot;background_background&quot;:&quot;classic&quot;}\">\n\t\t\t<div class=\"elementor-widget-wrap elementor-element-populated\">\n\t\t\t\t\t\t<div class=\"elementor-element elementor-element-505c160b elementor-widget elementor-widget-spacer\" data-id=\"505c160b\" data-element_type=\"widget\" data-widget_type=\"spacer.default\">\n\t\t\t\t<div class=\"elementor-widget-container\">\n\t\t\t\t\t\t\t<div class=\"elementor-spacer\">\n\t\t\t<div class=\"elementor-spacer-inner\"><\/div>\n\t\t<\/div>\n\t\t\t\t\t\t<\/div>\n\t\t\t\t<\/div>\n\t\t\t\t\t<\/div>\n\t\t<\/div>\n\t\t\t\t<div class=\"elementor-column elementor-col-33 elementor-top-column elementor-element elementor-element-56f8515a\" data-id=\"56f8515a\" data-element_type=\"column\" data-settings=\"{&quot;background_background&quot;:&quot;classic&quot;}\">\n\t\t\t<div class=\"elementor-widget-wrap\">\n\t\t\t\t\t\t\t<\/div>\n\t\t<\/div>\n\t\t\t\t\t<\/div>\n\t\t<\/section>\n\t\t\t\t<\/div>","protected":false},"excerpt":{"rendered":"<p>Sum\u00e9rjase en el arte de la cachaza: de lo b\u00e1sico a lo avanzado en un solo curso.<\/p>","protected":false},"author":1,"featured_media":0,"parent":0,"menu_order":0,"comment_status":"closed","ping_status":"closed","template":"","meta":{"footnotes":""},"class_list":["post-12397","page","type-page","status-publish","hentry"],"yoast_head":"<!-- This site is optimized with the Yoast SEO plugin v26.0 - https:\/\/yoast.com\/wordpress\/plugins\/seo\/ -->\n<title>Inscri\u00e7\u00e3o Produ\u00e7\u00e3o Cacha\u00e7a - Cerveja e Malte<\/title>\n<meta name=\"robots\" content=\"index, follow, max-snippet:-1, max-image-preview:large, max-video-preview:-1\" \/>\n<link rel=\"canonical\" href=\"https:\/\/cervejaemalte.com.br\/es\/inscripcion-produccion-de-cachaca\/\" \/>\n<meta property=\"og:locale\" content=\"es_ES\" \/>\n<meta property=\"og:type\" content=\"article\" \/>\n<meta property=\"og:title\" content=\"Inscri\u00e7\u00e3o Produ\u00e7\u00e3o Cacha\u00e7a - Cerveja e Malte\" \/>\n<meta property=\"og:description\" content=\"Mergulhe fundo na arte da cacha\u00e7a: do b\u00e1sico ao avan\u00e7ado em um \u00fanico curso.\" \/>\n<meta property=\"og:url\" content=\"https:\/\/cervejaemalte.com.br\/es\/inscripcion-produccion-de-cachaca\/\" \/>\n<meta property=\"og:site_name\" content=\"Cerveja e Malte\" \/>\n<meta property=\"article:modified_time\" content=\"2024-05-08T09:41:03+00:00\" \/>\n<meta name=\"twitter:card\" content=\"summary_large_image\" \/>\n<script type=\"application\/ld+json\" class=\"yoast-schema-graph\">{\"@context\":\"https:\/\/schema.org\",\"@graph\":[{\"@type\":\"WebPage\",\"@id\":\"https:\/\/cervejaemalte.com.br\/inscricao-producao-cachaca\/\",\"url\":\"https:\/\/cervejaemalte.com.br\/inscricao-producao-cachaca\/\",\"name\":\"Inscri\u00e7\u00e3o Produ\u00e7\u00e3o Cacha\u00e7a - Cerveja e Malte\",\"isPartOf\":{\"@id\":\"https:\/\/cervejaemalte.com.br\/#website\"},\"datePublished\":\"2024-05-08T09:29:06+00:00\",\"dateModified\":\"2024-05-08T09:41:03+00:00\",\"breadcrumb\":{\"@id\":\"https:\/\/cervejaemalte.com.br\/inscricao-producao-cachaca\/#breadcrumb\"},\"inLanguage\":\"es\",\"potentialAction\":[{\"@type\":\"ReadAction\",\"target\":[\"https:\/\/cervejaemalte.com.br\/inscricao-producao-cachaca\/\"]}]},{\"@type\":\"BreadcrumbList\",\"@id\":\"https:\/\/cervejaemalte.com.br\/inscricao-producao-cachaca\/#breadcrumb\",\"itemListElement\":[{\"@type\":\"ListItem\",\"position\":1,\"name\":\"In\u00edcio\",\"item\":\"https:\/\/cervejaemalte.com.br\/\"},{\"@type\":\"ListItem\",\"position\":2,\"name\":\"Inscri\u00e7\u00e3o Produ\u00e7\u00e3o Cacha\u00e7a\"}]},{\"@type\":\"WebSite\",\"@id\":\"https:\/\/cervejaemalte.com.br\/#website\",\"url\":\"https:\/\/cervejaemalte.com.br\/\",\"name\":\"Cerveja e Malte\",\"description\":\"\",\"potentialAction\":[{\"@type\":\"SearchAction\",\"target\":{\"@type\":\"EntryPoint\",\"urlTemplate\":\"https:\/\/cervejaemalte.com.br\/?s={search_term_string}\"},\"query-input\":{\"@type\":\"PropertyValueSpecification\",\"valueRequired\":true,\"valueName\":\"search_term_string\"}}],\"inLanguage\":\"es\"}]}<\/script>\n<!-- \/ Yoast SEO plugin. -->","yoast_head_json":{"title":"Inscri\u00e7\u00e3o Produ\u00e7\u00e3o Cacha\u00e7a - Cerveja e Malte","robots":{"index":"index","follow":"follow","max-snippet":"max-snippet:-1","max-image-preview":"max-image-preview:large","max-video-preview":"max-video-preview:-1"},"canonical":"https:\/\/cervejaemalte.com.br\/es\/inscripcion-produccion-de-cachaca\/","og_locale":"es_ES","og_type":"article","og_title":"Inscri\u00e7\u00e3o Produ\u00e7\u00e3o Cacha\u00e7a - Cerveja e Malte","og_description":"Mergulhe fundo na arte da cacha\u00e7a: do b\u00e1sico ao avan\u00e7ado em um \u00fanico curso.","og_url":"https:\/\/cervejaemalte.com.br\/es\/inscripcion-produccion-de-cachaca\/","og_site_name":"Cerveja e Malte","article_modified_time":"2024-05-08T09:41:03+00:00","twitter_card":"summary_large_image","schema":{"@context":"https:\/\/schema.org","@graph":[{"@type":"WebPage","@id":"https:\/\/cervejaemalte.com.br\/inscricao-producao-cachaca\/","url":"https:\/\/cervejaemalte.com.br\/inscricao-producao-cachaca\/","name":"Inscri\u00e7\u00e3o Produ\u00e7\u00e3o Cacha\u00e7a - Cerveja e Malte","isPartOf":{"@id":"https:\/\/cervejaemalte.com.br\/#website"},"datePublished":"2024-05-08T09:29:06+00:00","dateModified":"2024-05-08T09:41:03+00:00","breadcrumb":{"@id":"https:\/\/cervejaemalte.com.br\/inscricao-producao-cachaca\/#breadcrumb"},"inLanguage":"es","potentialAction":[{"@type":"ReadAction","target":["https:\/\/cervejaemalte.com.br\/inscricao-producao-cachaca\/"]}]},{"@type":"BreadcrumbList","@id":"https:\/\/cervejaemalte.com.br\/inscricao-producao-cachaca\/#breadcrumb","itemListElement":[{"@type":"ListItem","position":1,"name":"In\u00edcio","item":"https:\/\/cervejaemalte.com.br\/"},{"@type":"ListItem","position":2,"name":"Inscri\u00e7\u00e3o Produ\u00e7\u00e3o Cacha\u00e7a"}]},{"@type":"WebSite","@id":"https:\/\/cervejaemalte.com.br\/#website","url":"https:\/\/cervejaemalte.com.br\/","name":"Cerveja e Malte","description":"","potentialAction":[{"@type":"SearchAction","target":{"@type":"EntryPoint","urlTemplate":"https:\/\/cervejaemalte.com.br\/?s={search_term_string}"},"query-input":{"@type":"PropertyValueSpecification","valueRequired":true,"valueName":"search_term_string"}}],"inLanguage":"es"}]}},"_links":{"self":[{"href":"https:\/\/cervejaemalte.com.br\/es\/wp-json\/wp\/v2\/pages\/12397","targetHints":{"allow":["GET"]}}],"collection":[{"href":"https:\/\/cervejaemalte.com.br\/es\/wp-json\/wp\/v2\/pages"}],"about":[{"href":"https:\/\/cervejaemalte.com.br\/es\/wp-json\/wp\/v2\/types\/page"}],"author":[{"embeddable":true,"href":"https:\/\/cervejaemalte.com.br\/es\/wp-json\/wp\/v2\/users\/1"}],"replies":[{"embeddable":true,"href":"https:\/\/cervejaemalte.com.br\/es\/wp-json\/wp\/v2\/comments?post=12397"}],"version-history":[{"count":6,"href":"https:\/\/cervejaemalte.com.br\/es\/wp-json\/wp\/v2\/pages\/12397\/revisions"}],"predecessor-version":[{"id":12410,"href":"https:\/\/cervejaemalte.com.br\/es\/wp-json\/wp\/v2\/pages\/12397\/revisions\/12410"}],"wp:attachment":[{"href":"https:\/\/cervejaemalte.com.br\/es\/wp-json\/wp\/v2\/media?parent=12397"}],"curies":[{"name":"wp","href":"https:\/\/api.w.org\/{rel}","templated":true}]}}